{"id":1565,"date":"2024-10-23T13:35:57","date_gmt":"2024-10-23T11:35:57","guid":{"rendered":"http:\/\/billigtrikots.com\/?post_type=product&#038;p=1565"},"modified":"2024-10-23T13:37:27","modified_gmt":"2024-10-23T11:37:27","slug":"arsenal-heimtrikot-2022-herren-kurzarm-rot-mit-aufdruck-saka-7-kurze-hosen","status":"publish","type":"product","link":"https:\/\/www.billigtrikotde.com\/hr\/arsenal-heimtrikot-2022-herren-kurzarm-rot-mit-aufdruck-saka-7-kurze-hosen\/","title":{"rendered":"Arsenal doma\u0107i dres 2022 mu\u0161ki kratki rukav crveni s natpisom SAKA 7 + kratke hla\u010de"},"content":{"rendered":"<p>Poka\u017ei ponos svog tima i podr\u017ei Arsenal London u sezoni 2021\/2022 u slu\u017ebenom a-didas doma\u0107em dresu za mu\u0161karce.<\/p>\n<p>Verzija dresa za navija\u010de izgleda kao model koji profesionalci Arsenala nose na utakmicama. Materijal Primegreen sastoji se od recikliranog poliestera i zahvaljuju\u0107i tehnologiji AEROREADY koja odvodi vlagu pru\u017ea ugodno suho iskustvo no\u0161enja. Grb kluba na prsima potvrdio je da ti srce kuca za Gunners.<\/p>\n<p>Savjeti za ispis: Ako ime i broj na slici to\u010dno odgovaraju va\u0161im \u017eeljama, ne morate ih ponovno unositi. Ako ne, unesite \u017eeljeno ime i broj.<\/p>\n<p>Savjeti za pranje: Preporu\u010duje se ru\u010dno pranje nogometnih dresova. Ako \u017eelite koristiti perilicu, sjetite se okrenuti dresove naopako prije pranja. Napunite perilicu hladnom vodom i koristite program za osjetljive tkanine kako biste bolje za\u0161titili boje.<\/p>","protected":false},"excerpt":{"rendered":"<p>Zeige deinen Teamstolz und unterst\u00fctze Arsenal London in der Saison 2021\/2022 im offiziellen a-didas Heimtrikot f\u00fcr Herren. Die Fan-Version des Home Jerseys sieht aus wie das Modell, das die Arsenal-Profis an Spieltagen tragen. Das Primegreen-Material besteht aus recyceltem Polyester und sorgt dank der feuchtigkeitsableitenden AEROREADY-Technologie f\u00fcr ein angenehm trockenes Tragegef\u00fchl. Das Vereinswappen auf der Brust [&hellip;]<\/p>","protected":false},"featured_media":1596,"comment_status":"open","ping_status":"closed","template":"","meta":[],"product_brand":[],"product_cat":[55],"product_tag":[20,57,21,22,23,54,24],"class_list":{"0":"post-1565","1":"product","2":"type-product","3":"status-publish","4":"has-post-thumbnail","6":"product_cat-arsenal","7":"product_tag-coole-fussballtrikots","8":"product_tag-fc-arsenal-trikots","9":"product_tag-fussballtrikot-fuer-herren","10":"product_tag-fussballtrikot-guenstig-kaufen","11":"product_tag-fussballtrikot-kurzarm","12":"product_tag-fussballtrikot-set","13":"product_tag-guenstiges-fussballtrikot","15":"first","16":"instock","17":"shipping-taxable","18":"purchasable","19":"product-type-variable"},"_links":{"self":[{"href":"https:\/\/www.billigtrikotde.com\/hr\/wp-json\/wp\/v2\/product\/1565","targetHints":{"allow":["GET"]}}],"collection":[{"href":"https:\/\/www.billigtrikotde.com\/hr\/wp-json\/wp\/v2\/product"}],"about":[{"href":"https:\/\/www.billigtrikotde.com\/hr\/wp-json\/wp\/v2\/types\/product"}],"replies":[{"embeddable":true,"href":"https:\/\/www.billigtrikotde.com\/hr\/wp-json\/wp\/v2\/comments?post=1565"}],"wp:featuredmedia":[{"embeddable":true,"href":"https:\/\/www.billigtrikotde.com\/hr\/wp-json\/wp\/v2\/media\/1596"}],"wp:attachment":[{"href":"https:\/\/www.billigtrikotde.com\/hr\/wp-json\/wp\/v2\/media?parent=1565"}],"wp:term":[{"taxonomy":"product_brand","embeddable":true,"href":"https:\/\/www.billigtrikotde.com\/hr\/wp-json\/wp\/v2\/product_brand?post=1565"},{"taxonomy":"product_cat","embeddable":true,"href":"https:\/\/www.billigtrikotde.com\/hr\/wp-json\/wp\/v2\/product_cat?post=1565"},{"taxonomy":"product_tag","embeddable":true,"href":"https:\/\/www.billigtrikotde.com\/hr\/wp-json\/wp\/v2\/product_tag?post=1565"}],"curies":[{"name":"wp","href":"https:\/\/api.w.org\/{rel}","templated":true}]}}