{"id":15348,"date":"2024-10-24T07:43:59","date_gmt":"2024-10-24T05:43:59","guid":{"rendered":"http:\/\/billigtrikots.com\/?post_type=product&#038;p=15348"},"modified":"2024-10-24T07:46:35","modified_gmt":"2024-10-24T05:46:35","slug":"neue-fussballtrikots-ssc-napoli-23-24-drittes-trikot-herren-set","status":"publish","type":"product","link":"https:\/\/www.billigtrikotde.com\/hr\/neue-fussballtrikots-ssc-napoli-23-24-drittes-trikot-herren-set\/","title":{"rendered":"Novi nogometni dresovi SSC Napoli 23-24 tre\u0107i dres za mu\u0161karce set"},"content":{"rendered":"<p>Tre\u0107a dres sezone za nogomet EA7 SSC Napoli 23-24 ima moderan izgled boja za nogometne dresove. EA7 Napoli 2023-2024 tre\u0107i dres kombinira crnu podlogu s potpuno zlatnim logotipima. Ono \u0161to EA7 Napoli 2023-24 tre\u0107i dres \u010dini jedinstvenim, je jedinstveni zeleni uzorak na rukavima i u gornjem lijevom kutu. Inspirirano je maorskim tetova\u017eama. Upute za printanje: [\u2026]<\/p>\n<p>Savjeti za ispis: Ako ime i broj na slici to\u010dno odgovaraju va\u0161im \u017eeljama, ne morate ih ponovno unositi. Ako ne, unesite \u017eeljeno ime i broj.<\/p>\n<p>Savjeti za pranje: Preporu\u010duje se ru\u010dno pranje nogometnih dresova. Ako \u017eelite koristiti perilicu, sjetite se okrenuti dresove naopako prije pranja. Napunite perilicu hladnom vodom i koristite program za osjetljive tkanine kako biste bolje za\u0161titili boje.<\/p>","protected":false},"excerpt":{"rendered":"<p>Tre\u0107a dres sezone za nogomet EA7 SSC Napoli 23-24 ima moderan izgled boja za nogometne dresove. EA7 Napoli 2023-2024 tre\u0107i dres kombinira crnu podlogu s potpuno zlatnim logotipima. Ono \u0161to EA7 Napoli 2023-24 tre\u0107i dres \u010dini jedinstvenim, je jedinstveni zeleni uzorak na rukavima i u gornjem lijevom kutu. Inspirirano je maorskim tetova\u017eama. Upute za printanje: [\u2026]<\/p>","protected":false},"featured_media":15390,"comment_status":"open","ping_status":"closed","template":"","meta":[],"product_brand":[],"product_cat":[192],"product_tag":[20,574,21,23,739,24,496,497],"class_list":{"0":"post-15348","1":"product","2":"type-product","3":"status-publish","4":"has-post-thumbnail","6":"product_cat-ssc-napoli","7":"product_tag-coole-fussballtrikots","8":"product_tag-fussballtrikot-deutschland","9":"product_tag-fussballtrikot-fuer-herren","10":"product_tag-fussballtrikot-kurzarm","11":"product_tag-guenstig-fussballtrikots","12":"product_tag-guenstiges-fussballtrikot","13":"product_tag-ssc-napoli-fussballtrikot","14":"product_tag-ssc-napoli-trikot","16":"first","17":"instock","18":"shipping-taxable","19":"purchasable","20":"product-type-variable"},"_links":{"self":[{"href":"https:\/\/www.billigtrikotde.com\/hr\/wp-json\/wp\/v2\/product\/15348","targetHints":{"allow":["GET"]}}],"collection":[{"href":"https:\/\/www.billigtrikotde.com\/hr\/wp-json\/wp\/v2\/product"}],"about":[{"href":"https:\/\/www.billigtrikotde.com\/hr\/wp-json\/wp\/v2\/types\/product"}],"replies":[{"embeddable":true,"href":"https:\/\/www.billigtrikotde.com\/hr\/wp-json\/wp\/v2\/comments?post=15348"}],"wp:featuredmedia":[{"embeddable":true,"href":"https:\/\/www.billigtrikotde.com\/hr\/wp-json\/wp\/v2\/media\/15390"}],"wp:attachment":[{"href":"https:\/\/www.billigtrikotde.com\/hr\/wp-json\/wp\/v2\/media?parent=15348"}],"wp:term":[{"taxonomy":"product_brand","embeddable":true,"href":"https:\/\/www.billigtrikotde.com\/hr\/wp-json\/wp\/v2\/product_brand?post=15348"},{"taxonomy":"product_cat","embeddable":true,"href":"https:\/\/www.billigtrikotde.com\/hr\/wp-json\/wp\/v2\/product_cat?post=15348"},{"taxonomy":"product_tag","embeddable":true,"href":"https:\/\/www.billigtrikotde.com\/hr\/wp-json\/wp\/v2\/product_tag?post=15348"}],"curies":[{"name":"wp","href":"https:\/\/api.w.org\/{rel}","templated":true}]}}