{"id":15254,"date":"2024-10-24T07:38:58","date_gmt":"2024-10-24T05:38:58","guid":{"rendered":"http:\/\/billigtrikots.com\/?post_type=product&#038;p=15254"},"modified":"2024-10-24T07:41:39","modified_gmt":"2024-10-24T05:41:39","slug":"herren-real-betis-2023-2024-trikot-in-gruen-weissen-personalisierbar","status":"publish","type":"product","link":"https:\/\/www.billigtrikotde.com\/hr\/herren-real-betis-2023-2024-trikot-in-gruen-weissen-personalisierbar\/","title":{"rendered":"Mu\u0161ki Real Betis 2023-2024 dres u zeleno-bijeloj boji Personalizabilan"},"content":{"rendered":"<p>Hummel Real Betis Balompi\u00e9 2023-2024 dres sa tradicionalnim zeleno-bijelim prugama tako\u0111er ima \u0161arani uzorak koji podsje\u0107a na plo\u010dnik Plaza Nueva. Klasi\u010dni chevrons tvrtke Hummel krase ramena i hla\u010de doma\u0107eg dresa Hummel Real Betis Balompi\u00e9 2023-2024. Hla\u010de Betisa 2023-24 doma\u0107eg dresa su bijele.<\/p>\n<p>Savjeti za ispis: Ako ime i broj na slici to\u010dno odgovaraju va\u0161im \u017eeljama, ne morate ih ponovno unositi. Ako ne, unesite \u017eeljeno ime i broj.<\/p>\n<p>Savjeti za pranje: Preporu\u010duje se ru\u010dno pranje nogometnih dresova. Ako \u017eelite koristiti perilicu, sjetite se okrenuti dresove naopako prije pranja. Napunite perilicu hladnom vodom i koristite program za osjetljive tkanine kako biste bolje za\u0161titili boje.<\/p>","protected":false},"excerpt":{"rendered":"<p>Trikot Hummel Real Betis Balompi\u00e9 2023-2024 s tradicionalnim zeleno-bijelim prugama tako\u0111er ima dijamantni uzorak koji podsje\u0107a na plo\u010dnik Plaza Nueva. Klasi\u010dni chevrons iz Hummela krase ramena i hla\u010de doma\u0107eg dresa Hummel Real Betis Balompi\u00e9 2023-2024. Hla\u010de Betisa za 2023-24 doma\u0107i dres su bijele. Upute za tiskanje: Ako se ime [\u2026]<\/p>","protected":false},"featured_media":15301,"comment_status":"open","ping_status":"closed","template":"","meta":[],"product_brand":[],"product_cat":[901],"product_tag":[20,574,21,22,23,24,902,903,904,905],"class_list":{"0":"post-15254","1":"product","2":"type-product","3":"status-publish","4":"has-post-thumbnail","6":"product_cat-real-betis","7":"product_tag-coole-fussballtrikots","8":"product_tag-fussballtrikot-deutschland","9":"product_tag-fussballtrikot-fuer-herren","10":"product_tag-fussballtrikot-guenstig-kaufen","11":"product_tag-fussballtrikot-kurzarm","12":"product_tag-guenstiges-fussballtrikot","13":"product_tag-real-betis-2023-2024-trikot","14":"product_tag-real-betis-fussballtrikots","15":"product_tag-real-betis-trikot","16":"product_tag-real-betis-trikot-23-24","18":"first","19":"instock","20":"shipping-taxable","21":"purchasable","22":"product-type-variable"},"_links":{"self":[{"href":"https:\/\/www.billigtrikotde.com\/hr\/wp-json\/wp\/v2\/product\/15254","targetHints":{"allow":["GET"]}}],"collection":[{"href":"https:\/\/www.billigtrikotde.com\/hr\/wp-json\/wp\/v2\/product"}],"about":[{"href":"https:\/\/www.billigtrikotde.com\/hr\/wp-json\/wp\/v2\/types\/product"}],"replies":[{"embeddable":true,"href":"https:\/\/www.billigtrikotde.com\/hr\/wp-json\/wp\/v2\/comments?post=15254"}],"wp:featuredmedia":[{"embeddable":true,"href":"https:\/\/www.billigtrikotde.com\/hr\/wp-json\/wp\/v2\/media\/15301"}],"wp:attachment":[{"href":"https:\/\/www.billigtrikotde.com\/hr\/wp-json\/wp\/v2\/media?parent=15254"}],"wp:term":[{"taxonomy":"product_brand","embeddable":true,"href":"https:\/\/www.billigtrikotde.com\/hr\/wp-json\/wp\/v2\/product_brand?post=15254"},{"taxonomy":"product_cat","embeddable":true,"href":"https:\/\/www.billigtrikotde.com\/hr\/wp-json\/wp\/v2\/product_cat?post=15254"},{"taxonomy":"product_tag","embeddable":true,"href":"https:\/\/www.billigtrikotde.com\/hr\/wp-json\/wp\/v2\/product_tag?post=15254"}],"curies":[{"name":"wp","href":"https:\/\/api.w.org\/{rel}","templated":true}]}}