{"id":15010,"date":"2024-10-24T07:26:39","date_gmt":"2024-10-24T05:26:39","guid":{"rendered":"http:\/\/billigtrikots.com\/?post_type=product&#038;p=15010"},"modified":"2024-10-24T07:28:59","modified_gmt":"2024-10-24T05:28:59","slug":"kindertrikot-trikotsatz-bayern-muenchen-2023-24-auswaertstrikot-in-schwarz-und-lila-gnabry-7","status":"publish","type":"product","link":"https:\/\/www.billigtrikotde.com\/hr\/kindertrikot-trikotsatz-bayern-muenchen-2023-24-auswaertstrikot-in-schwarz-und-lila-gnabry-7\/","title":{"rendered":"Dje\u010dja majica komplet Bayern M\u00fcnchen 2023-24 gostuju\u0107a majica u crnoj i ljubi\u010dastoj GNABRY 7"},"content":{"rendered":"<p>Njema\u010dki rekordni prvak poznat je po svojoj kultnoj crveno-bijeloj majici, ali posljednjih godina klub je tako\u0111er eksperimentirao s gostuju\u0107im dresovima. Gostuju\u0107i dres 2023-24 ide korak dalje i prikazuje vrlo odva\u017enu shemu boja u crnoj, zelenoj i ljubi\u010dastoj.<\/p>\n<p>Savjeti za ispis: Ako ime i broj na slici to\u010dno odgovaraju va\u0161im \u017eeljama, ne morate ih ponovno unositi. Ako ne, unesite \u017eeljeno ime i broj.<\/p>\n<p>Savjeti za pranje: Preporu\u010duje se ru\u010dno pranje nogometnih dresova. Ako \u017eelite koristiti perilicu, sjetite se okrenuti dresove naopako prije pranja. Napunite perilicu hladnom vodom i koristite program za osjetljive tkanine kako biste bolje za\u0161titili boje.<\/p>","protected":false},"excerpt":{"rendered":"<p>Der deutsche Rekordmeister ist bekannt f\u00fcr sein kultiges rot-wei\u00dfes Trikot, aber in den letzten Jahren hat der Verein auch mit seinen Ausw\u00e4rtstrikots experimentiert. Das Ausw\u00e4rtstrikot 2023-24 geht noch einen Schritt weiter und zeigt ein sehr gewagtes Farbschema in Schwarz, Gr\u00fcn und Lila. Tipps zum Drucken: Wenn der Name und die Nummer auf dem Bild genau [&hellip;]<\/p>","protected":false},"featured_media":15050,"comment_status":"open","ping_status":"closed","template":"","meta":[],"product_brand":[],"product_cat":[135],"product_tag":[137,514,515,138,20,574,21,23,24,94],"class_list":{"0":"post-15010","1":"product","2":"type-product","3":"status-publish","4":"has-post-thumbnail","6":"product_cat-bayern-munich-kindertrikot","7":"product_tag-bayern-muenchen-trikots","8":"product_tag-bayern-munich-fussballtrikots-kinder","9":"product_tag-bayern-munich-trikot-fuer-kinder","10":"product_tag-bayern-munich-trikotsatz-fuer-kinder","11":"product_tag-coole-fussballtrikots","12":"product_tag-fussballtrikot-deutschland","13":"product_tag-fussballtrikot-fuer-herren","14":"product_tag-fussballtrikot-kurzarm","15":"product_tag-guenstiges-fussballtrikot","16":"product_tag-kinder-fussball-trikotsatz","18":"first","19":"instock","20":"shipping-taxable","21":"purchasable","22":"product-type-variable"},"_links":{"self":[{"href":"https:\/\/www.billigtrikotde.com\/hr\/wp-json\/wp\/v2\/product\/15010","targetHints":{"allow":["GET"]}}],"collection":[{"href":"https:\/\/www.billigtrikotde.com\/hr\/wp-json\/wp\/v2\/product"}],"about":[{"href":"https:\/\/www.billigtrikotde.com\/hr\/wp-json\/wp\/v2\/types\/product"}],"replies":[{"embeddable":true,"href":"https:\/\/www.billigtrikotde.com\/hr\/wp-json\/wp\/v2\/comments?post=15010"}],"wp:featuredmedia":[{"embeddable":true,"href":"https:\/\/www.billigtrikotde.com\/hr\/wp-json\/wp\/v2\/media\/15050"}],"wp:attachment":[{"href":"https:\/\/www.billigtrikotde.com\/hr\/wp-json\/wp\/v2\/media?parent=15010"}],"wp:term":[{"taxonomy":"product_brand","embeddable":true,"href":"https:\/\/www.billigtrikotde.com\/hr\/wp-json\/wp\/v2\/product_brand?post=15010"},{"taxonomy":"product_cat","embeddable":true,"href":"https:\/\/www.billigtrikotde.com\/hr\/wp-json\/wp\/v2\/product_cat?post=15010"},{"taxonomy":"product_tag","embeddable":true,"href":"https:\/\/www.billigtrikotde.com\/hr\/wp-json\/wp\/v2\/product_tag?post=15010"}],"curies":[{"name":"wp","href":"https:\/\/api.w.org\/{rel}","templated":true}]}}