{"id":1499,"date":"2024-10-23T13:33:09","date_gmt":"2024-10-23T11:33:09","guid":{"rendered":"http:\/\/billigtrikots.com\/?post_type=product&#038;p=1499"},"modified":"2024-10-23T13:34:45","modified_gmt":"2024-10-23T11:34:45","slug":"odegaard-11-trikotsatz-fc-arsenal-gelbe-trikots-auswaerts-2022-kurze-hosen","status":"publish","type":"product","link":"https:\/\/www.billigtrikotde.com\/hr\/odegaard-11-trikotsatz-fc-arsenal-gelbe-trikots-auswaerts-2022-kurze-hosen\/","title":{"rendered":"\u00d8degaard 11# Komplet dresova FC Arsenal \u017duti dres u gostima 2022 + kratke hla\u010de"},"content":{"rendered":"<p>Hier kommt das a-didas Trikot in Gelb, das dir hilft, deinen Lieblingsverein in jeder Lage zu supporten und zu zeigen, wof\u00fcr dein Herz schl\u00e4gt. Erweitere deine FC Arsenal London-Sammlung mit dem Ausw\u00e4rts-Trikot, das auch die Spieler in der Premier League tragen. Die atmungsaktive, bequeme und schwei\u00dfableitende Funktionsweise l\u00e4sst es \u00fcberzeugen. Es besticht optisch mit einem Vereinswappen auf der Brust. Egal, wie hart das Training oder das Spiel ist, mit diesem Modell bist du immer bestens gekleidet.<\/p>\n<p>Savjeti za ispis: Ako ime i broj na slici to\u010dno odgovaraju va\u0161im \u017eeljama, ne morate ih ponovno unositi. Ako ne, unesite \u017eeljeno ime i broj.<\/p>\n<p>Savjeti za pranje: Preporu\u010duje se ru\u010dno pranje nogometnih dresova. Ako \u017eelite koristiti perilicu, sjetite se okrenuti dresove naopako prije pranja. Napunite perilicu hladnom vodom i koristite program za osjetljive tkanine kako biste bolje za\u0161titili boje.<\/p>","protected":false},"excerpt":{"rendered":"<p>Evo dresa a-didas u \u017eutoj boji koji ti poma\u017ee da podr\u017ei\u0161 svoj omiljeni klub u svakoj situaciji i poka\u017ee\u0161 za \u0161to se tvoje srce bori. Nadopuni svoju kolekciju FC Arsenal London s gostuju\u0107im dresom koji nose i igra\u010di u Premier ligi. Prozra\u0111ivost, udobnost i svojstvo odvodnje znoja \u010dine ga uvjerljivim. Vizualno se isti\u010de s [\u2026]<\/p>","protected":false},"featured_media":1532,"comment_status":"open","ping_status":"closed","template":"","meta":[],"product_brand":[],"product_cat":[55],"product_tag":[20,58,57,21,22,23,54,24],"class_list":{"0":"post-1499","1":"product","2":"type-product","3":"status-publish","4":"has-post-thumbnail","6":"product_cat-arsenal","7":"product_tag-coole-fussballtrikots","8":"product_tag-fc-arsenal-auswaertstrikot","9":"product_tag-fc-arsenal-trikots","10":"product_tag-fussballtrikot-fuer-herren","11":"product_tag-fussballtrikot-guenstig-kaufen","12":"product_tag-fussballtrikot-kurzarm","13":"product_tag-fussballtrikot-set","14":"product_tag-guenstiges-fussballtrikot","16":"first","17":"instock","18":"shipping-taxable","19":"purchasable","20":"product-type-variable"},"_links":{"self":[{"href":"https:\/\/www.billigtrikotde.com\/hr\/wp-json\/wp\/v2\/product\/1499","targetHints":{"allow":["GET"]}}],"collection":[{"href":"https:\/\/www.billigtrikotde.com\/hr\/wp-json\/wp\/v2\/product"}],"about":[{"href":"https:\/\/www.billigtrikotde.com\/hr\/wp-json\/wp\/v2\/types\/product"}],"replies":[{"embeddable":true,"href":"https:\/\/www.billigtrikotde.com\/hr\/wp-json\/wp\/v2\/comments?post=1499"}],"wp:featuredmedia":[{"embeddable":true,"href":"https:\/\/www.billigtrikotde.com\/hr\/wp-json\/wp\/v2\/media\/1532"}],"wp:attachment":[{"href":"https:\/\/www.billigtrikotde.com\/hr\/wp-json\/wp\/v2\/media?parent=1499"}],"wp:term":[{"taxonomy":"product_brand","embeddable":true,"href":"https:\/\/www.billigtrikotde.com\/hr\/wp-json\/wp\/v2\/product_brand?post=1499"},{"taxonomy":"product_cat","embeddable":true,"href":"https:\/\/www.billigtrikotde.com\/hr\/wp-json\/wp\/v2\/product_cat?post=1499"},{"taxonomy":"product_tag","embeddable":true,"href":"https:\/\/www.billigtrikotde.com\/hr\/wp-json\/wp\/v2\/product_tag?post=1499"}],"curies":[{"name":"wp","href":"https:\/\/api.w.org\/{rel}","templated":true}]}}