{"id":14970,"date":"2024-10-24T07:24:23","date_gmt":"2024-10-24T05:24:23","guid":{"rendered":"http:\/\/billigtrikots.com\/?post_type=product&#038;p=14970"},"modified":"2024-10-24T07:27:07","modified_gmt":"2024-10-24T05:27:07","slug":"guenstige-fussballtrikots-herren-fc-barcelona-2023-2024-kurzarm-kurze-hosen-s-roberto-20","status":"publish","type":"product","link":"https:\/\/www.billigtrikotde.com\/hr\/guenstige-fussballtrikots-herren-fc-barcelona-2023-2024-kurzarm-kurze-hosen-s-roberto-20\/","title":{"rendered":"Povoljni nogometni dresovi za mu\u0161karce FC Barcelona 2023-2024 kratki rukav + kratke hla\u010de S.ROBERTO 20"},"content":{"rendered":"<p>FC Barcelona 2023-2024 dres vra\u0107a se na najklasi\u010dniji dizajn dresa kluba, predstavljen 1912. godine i kori\u0161ten u vi\u0161e ili manje istom stilu sve do 1990-ih. FC Barcelona 23-24 dres ima tri \u0161iroke pruge na prednjoj strani. Jedinstveno je \u0161to klasi\u010dne pruge dresa imaju uzorak od kvadrata na rubovima. To je inspirirano starim romboidnim logotipom sada\u0161nje \u017eenske mom\u010dadi Barcelone. Nike koristi bijelu boju za swoosh i brojeve, Spotify logo je tako\u0111er u bijeloj boji.<\/p>\n<p>Savjeti za ispis: Ako ime i broj na slici to\u010dno odgovaraju va\u0161im \u017eeljama, ne morate ih ponovno unositi. Ako ne, unesite \u017eeljeno ime i broj.<\/p>\n<p>Savjeti za pranje: Preporu\u010duje se ru\u010dno pranje nogometnih dresova. Ako \u017eelite koristiti perilicu, sjetite se okrenuti dresove naopako prije pranja. Napunite perilicu hladnom vodom i koristite program za osjetljive tkanine kako biste bolje za\u0161titili boje.<\/p>","protected":false},"excerpt":{"rendered":"<p>Dres FC Barcelona 2023-2024 vra\u0107a se na najklasi\u010dniji dizajn dresa kluba, predstavljen 1912. godine i kori\u0161ten u vi\u0161e ili manje istom stilu sve do 1990-ih. Dres FC Barcelona 23-24 ima tri \u0161iroke pruge na prednjoj strani. Jedinstveno je \u0161to klasi\u010dne pruge dresa na rubovima imaju uzorak od kockica. Ovo [\u2026]<\/p>","protected":false},"featured_media":15013,"comment_status":"open","ping_status":"closed","template":"","meta":[],"product_brand":[],"product_cat":[31],"product_tag":[703,704,20,863,864,33,574,426,24],"class_list":{"0":"post-14970","1":"product","2":"type-product","3":"status-publish","4":"has-post-thumbnail","6":"product_cat-fc-barcelona","7":"product_tag-barcelona-fussballtrikot","8":"product_tag-barcelona-trikot","9":"product_tag-coole-fussballtrikots","10":"product_tag-fc-barcelona-neue-trikots","11":"product_tag-fc-barcelona-trikot-set","12":"product_tag-fc-barcelona-trikots","13":"product_tag-fussballtrikot-deutschland","14":"product_tag-fussballtrikots-kurzarm","15":"product_tag-guenstiges-fussballtrikot","17":"first","18":"instock","19":"shipping-taxable","20":"purchasable","21":"product-type-variable"},"_links":{"self":[{"href":"https:\/\/www.billigtrikotde.com\/hr\/wp-json\/wp\/v2\/product\/14970","targetHints":{"allow":["GET"]}}],"collection":[{"href":"https:\/\/www.billigtrikotde.com\/hr\/wp-json\/wp\/v2\/product"}],"about":[{"href":"https:\/\/www.billigtrikotde.com\/hr\/wp-json\/wp\/v2\/types\/product"}],"replies":[{"embeddable":true,"href":"https:\/\/www.billigtrikotde.com\/hr\/wp-json\/wp\/v2\/comments?post=14970"}],"wp:featuredmedia":[{"embeddable":true,"href":"https:\/\/www.billigtrikotde.com\/hr\/wp-json\/wp\/v2\/media\/15013"}],"wp:attachment":[{"href":"https:\/\/www.billigtrikotde.com\/hr\/wp-json\/wp\/v2\/media?parent=14970"}],"wp:term":[{"taxonomy":"product_brand","embeddable":true,"href":"https:\/\/www.billigtrikotde.com\/hr\/wp-json\/wp\/v2\/product_brand?post=14970"},{"taxonomy":"product_cat","embeddable":true,"href":"https:\/\/www.billigtrikotde.com\/hr\/wp-json\/wp\/v2\/product_cat?post=14970"},{"taxonomy":"product_tag","embeddable":true,"href":"https:\/\/www.billigtrikotde.com\/hr\/wp-json\/wp\/v2\/product_tag?post=14970"}],"curies":[{"name":"wp","href":"https:\/\/api.w.org\/{rel}","templated":true}]}}