{"id":14922,"date":"2024-10-24T07:21:35","date_gmt":"2024-10-24T05:21:35","guid":{"rendered":"http:\/\/billigtrikots.com\/?post_type=product&#038;p=14922"},"modified":"2024-10-24T07:24:14","modified_gmt":"2024-10-24T05:24:14","slug":"herren-inter-miami-cf-auswaertstrikot-2023-24-fussballtrikots-set-jordialba-18","status":"publish","type":"product","link":"https:\/\/www.billigtrikotde.com\/hr\/herren-inter-miami-cf-auswaertstrikot-2023-24-fussballtrikots-set-jordialba-18\/","title":{"rendered":"Mu\u0161karci Inter Miami CF gostuju\u0107i dres 2023-24 nogometni dresovi Set JORDIALBA 18"},"content":{"rendered":"<p>Gosti dres Inter Miami 2023 vanjski je uglavnom crn, svi ostali detalji i logotipi isklju\u010divo su ru\u017ei\u010daste boje. Nakon jedne od Adidasovih predlo\u017eaka za Svjetsko prvenstvo 2022, postoji ru\u017ei\u010dasta pruga koja se prote\u017ee s obje strane i na stra\u017enjem dijelu zatvara donji rub. Na crnoj podlozi nalazi se zanimljiva, suptilna grafika valovitosti koju prekidaju ponavljaju\u0107i crni popre\u010dni crtici. Na stra\u017enjoj strani ovratnika mogu se vidjeti rije\u010di \u201eFreedom to Dream\u201c. Ovaj je natpis ve\u0107 godinama kori\u0161ten kao moto kluba.<\/p>","protected":false},"excerpt":{"rendered":"<p>Gostuju\u0107i dres Inter Miami 2023 je uglavnom crne boje, svi ostali detalji i logotipi su isklju\u010divo u ru\u017ei\u010dastoj boji. Nakon jednog od predlo\u017eaka Adidasa za Svjetsko prvenstvo 2022., postoji ru\u017ei\u010dasta pruga koja prolazi s obje strane i na stra\u017enjem rubu se spaja. Na crnoj podlozi nalazi se zanimljiva, suptilna valovita grafika koja se prote\u017ee od sebe [...]<\/p>","protected":false},"featured_media":14964,"comment_status":"open","ping_status":"closed","template":"","meta":[],"product_brand":[],"product_cat":[557],"product_tag":[20,21,22,23,24,562,559,633,634,560,561],"class_list":{"0":"post-14922","1":"product","2":"type-product","3":"status-publish","4":"has-post-thumbnail","6":"product_cat-inter-miami","7":"product_tag-coole-fussballtrikots","8":"product_tag-fussballtrikot-fuer-herren","9":"product_tag-fussballtrikot-guenstig-kaufen","10":"product_tag-fussballtrikot-kurzarm","11":"product_tag-guenstiges-fussballtrikot","12":"product_tag-inter-miami-2023-auswaertstrikot","13":"product_tag-inter-miami-cf-fussballtrikots-herren","14":"product_tag-inter-miami-fussballtrikot","15":"product_tag-inter-miami-trikot","16":"product_tag-inter-miami-trikot-fuer-herren","17":"product_tag-trikot-2023-24","19":"first","20":"instock","21":"shipping-taxable","22":"purchasable","23":"product-type-variable"},"_links":{"self":[{"href":"https:\/\/www.billigtrikotde.com\/hr\/wp-json\/wp\/v2\/product\/14922","targetHints":{"allow":["GET"]}}],"collection":[{"href":"https:\/\/www.billigtrikotde.com\/hr\/wp-json\/wp\/v2\/product"}],"about":[{"href":"https:\/\/www.billigtrikotde.com\/hr\/wp-json\/wp\/v2\/types\/product"}],"replies":[{"embeddable":true,"href":"https:\/\/www.billigtrikotde.com\/hr\/wp-json\/wp\/v2\/comments?post=14922"}],"wp:featuredmedia":[{"embeddable":true,"href":"https:\/\/www.billigtrikotde.com\/hr\/wp-json\/wp\/v2\/media\/14964"}],"wp:attachment":[{"href":"https:\/\/www.billigtrikotde.com\/hr\/wp-json\/wp\/v2\/media?parent=14922"}],"wp:term":[{"taxonomy":"product_brand","embeddable":true,"href":"https:\/\/www.billigtrikotde.com\/hr\/wp-json\/wp\/v2\/product_brand?post=14922"},{"taxonomy":"product_cat","embeddable":true,"href":"https:\/\/www.billigtrikotde.com\/hr\/wp-json\/wp\/v2\/product_cat?post=14922"},{"taxonomy":"product_tag","embeddable":true,"href":"https:\/\/www.billigtrikotde.com\/hr\/wp-json\/wp\/v2\/product_tag?post=14922"}],"curies":[{"name":"wp","href":"https:\/\/api.w.org\/{rel}","templated":true}]}}