{"id":14896,"date":"2024-10-24T07:20:21","date_gmt":"2024-10-24T05:20:21","guid":{"rendered":"http:\/\/billigtrikots.com\/?post_type=product&#038;p=14896"},"modified":"2024-10-24T07:22:36","modified_gmt":"2024-10-24T05:22:36","slug":"herren-manchester-united-2023-2024-auswaertstrikot-mit-aufdruck-martinez-6","status":"publish","type":"product","link":"https:\/\/www.billigtrikotde.com\/hr\/herren-manchester-united-2023-2024-auswaertstrikot-mit-aufdruck-martinez-6\/","title":{"rendered":"Mu\u0161ki Manchester United 2023-2024 gostuju\u0107i dres s natpisom MARTINEZ 6"},"content":{"rendered":"<p>Gosti i tre\u0107i dresovi Manchester United 2023-2024 ne bi mogli biti razli\u010ditiji. Dok gostuju\u0107i dres Manchester United 2023-2024 s iznena\u0111uju\u0107im shemom boja u tamnozelenoj, bijeloj i crvenoj mili, tre\u0107i dres Manchester United 2023-2024 jednostavno je bijelo i crveno te prikazuje vuka kluba. Ve\u0107inom vojni dres ima profinjene bijele pruge s malim crvenim razmakom, \u0161to dresu daje upe\u010datljiv i prilago\u0111en dodir.<\/p>\n<p>Savjeti za ispis: Ako ime i broj na slici to\u010dno odgovaraju va\u0161im \u017eeljama, ne morate ih ponovno unositi. Ako ne, unesite \u017eeljeno ime i broj.<\/p>\n<p>Savjeti za pranje: Preporu\u010duje se ru\u010dno pranje nogometnih dresova. Ako \u017eelite koristiti perilicu, sjetite se okrenuti dresove naopako prije pranja. Napunite perilicu hladnom vodom i koristite program za osjetljive tkanine kako biste bolje za\u0161titili boje.<\/p>","protected":false},"excerpt":{"rendered":"<p>Gosti i tre\u0107i dres Manchester United 2023-2024 ne bi mogli biti razli\u010ditiji. Dok gostuju\u0107i dres Manchester United 2023-2024 s neobi\u010dnim shemama boja u tamnozelenoj, bijeloj i crvenoj dominira, tre\u0107i dres Manchester United 2023-2024 je jednostavno bijeli i crveni i prikazuje \u0111avla kluba. Prete\u017eno vojni\u010dki dres s profinjenim bijelim prugama [\u2026]<\/p>","protected":false},"featured_media":14934,"comment_status":"open","ping_status":"closed","template":"","meta":[],"product_brand":[],"product_cat":[50],"product_tag":[20,574,21,22,23,24,862,672,673],"class_list":{"0":"post-14896","1":"product","2":"type-product","3":"status-publish","4":"has-post-thumbnail","6":"product_cat-manchester-united","7":"product_tag-coole-fussballtrikots","8":"product_tag-fussballtrikot-deutschland","9":"product_tag-fussballtrikot-fuer-herren","10":"product_tag-fussballtrikot-guenstig-kaufen","11":"product_tag-fussballtrikot-kurzarm","12":"product_tag-guenstiges-fussballtrikot","13":"product_tag-manchester-united-2023-2024-auswaertstrikot","14":"product_tag-manchester-united-fussballtrikot","15":"product_tag-manchester-united-trikot","17":"first","18":"instock","19":"shipping-taxable","20":"purchasable","21":"product-type-variable"},"_links":{"self":[{"href":"https:\/\/www.billigtrikotde.com\/hr\/wp-json\/wp\/v2\/product\/14896","targetHints":{"allow":["GET"]}}],"collection":[{"href":"https:\/\/www.billigtrikotde.com\/hr\/wp-json\/wp\/v2\/product"}],"about":[{"href":"https:\/\/www.billigtrikotde.com\/hr\/wp-json\/wp\/v2\/types\/product"}],"replies":[{"embeddable":true,"href":"https:\/\/www.billigtrikotde.com\/hr\/wp-json\/wp\/v2\/comments?post=14896"}],"wp:featuredmedia":[{"embeddable":true,"href":"https:\/\/www.billigtrikotde.com\/hr\/wp-json\/wp\/v2\/media\/14934"}],"wp:attachment":[{"href":"https:\/\/www.billigtrikotde.com\/hr\/wp-json\/wp\/v2\/media?parent=14896"}],"wp:term":[{"taxonomy":"product_brand","embeddable":true,"href":"https:\/\/www.billigtrikotde.com\/hr\/wp-json\/wp\/v2\/product_brand?post=14896"},{"taxonomy":"product_cat","embeddable":true,"href":"https:\/\/www.billigtrikotde.com\/hr\/wp-json\/wp\/v2\/product_cat?post=14896"},{"taxonomy":"product_tag","embeddable":true,"href":"https:\/\/www.billigtrikotde.com\/hr\/wp-json\/wp\/v2\/product_tag?post=14896"}],"curies":[{"name":"wp","href":"https:\/\/api.w.org\/{rel}","templated":true}]}}