{"id":1451,"date":"2024-10-23T13:31:00","date_gmt":"2024-10-23T11:31:00","guid":{"rendered":"http:\/\/billigtrikots.com\/?post_type=product&#038;p=1451"},"modified":"2024-10-23T13:32:32","modified_gmt":"2024-10-23T11:32:32","slug":"fc-arsenal-herren-2022-heim-trikot-rot-weiss-mit-aufdruck-iwobi-17","status":"publish","type":"product","link":"https:\/\/www.billigtrikotde.com\/hr\/fc-arsenal-herren-2022-heim-trikot-rot-weiss-mit-aufdruck-iwobi-17\/","title":{"rendered":"FC Arsenal Mu\u0161ki 2022 Doma\u0107i dres crveno\/bijeli s natpisom IWOBI 17"},"content":{"rendered":"<p>Bijeli umetci i mornarsko plavi detalji podsje\u0107aju na vrijeme kada je Arsenal svojom snagom mogao posti\u0107i veliki rekord. Ova nogometna majica Adidas dizajnirana je da pru\u017ea maksimalnu udobnost navija\u010dima kluba. Izra\u0111ena je od mekanog materijala i opremljena je tehnologijom AEROREADY za odvla\u010denje znoja. Poznati grb na prsima prikazuje, [...]<\/p>\n<p>Savjeti za ispis: Ako ime i broj na slici to\u010dno odgovaraju va\u0161im \u017eeljama, ne morate ih ponovno unositi. Ako ne, unesite \u017eeljeno ime i broj.<\/p>\n<p>Savjeti za pranje: Preporu\u010duje se ru\u010dno pranje nogometnih dresova. Ako \u017eelite koristiti perilicu, sjetite se okrenuti dresove naopako prije pranja. Napunite perilicu hladnom vodom i koristite program za osjetljive tkanine kako biste bolje za\u0161titili boje.<\/p>","protected":false},"excerpt":{"rendered":"<p>Bijeli umetci i mornarsko plavi detalji podsje\u0107aju na vrijeme kada je Arsenal svojom snagom mogao posti\u0107i veliki rekord. Ova nogometna majica Adidas dizajnirana je da pru\u017ea maksimalnu udobnost navija\u010dima kluba. Izra\u0111ena je od mekanog materijala i opremljena je tehnologijom AEROREADY za odvla\u010denje znoja. Poznati grb na prsima prikazuje, [...]<\/p>","protected":false},"featured_media":1483,"comment_status":"open","ping_status":"closed","template":"","meta":[],"product_brand":[],"product_cat":[55],"product_tag":[20,56,57,21,22,23,24],"class_list":{"0":"post-1451","1":"product","2":"type-product","3":"status-publish","4":"has-post-thumbnail","6":"product_cat-arsenal","7":"product_tag-coole-fussballtrikots","8":"product_tag-fc-arsenal-heimtrikot","9":"product_tag-fc-arsenal-trikots","10":"product_tag-fussballtrikot-fuer-herren","11":"product_tag-fussballtrikot-guenstig-kaufen","12":"product_tag-fussballtrikot-kurzarm","13":"product_tag-guenstiges-fussballtrikot","15":"first","16":"instock","17":"shipping-taxable","18":"purchasable","19":"product-type-variable"},"_links":{"self":[{"href":"https:\/\/www.billigtrikotde.com\/hr\/wp-json\/wp\/v2\/product\/1451","targetHints":{"allow":["GET"]}}],"collection":[{"href":"https:\/\/www.billigtrikotde.com\/hr\/wp-json\/wp\/v2\/product"}],"about":[{"href":"https:\/\/www.billigtrikotde.com\/hr\/wp-json\/wp\/v2\/types\/product"}],"replies":[{"embeddable":true,"href":"https:\/\/www.billigtrikotde.com\/hr\/wp-json\/wp\/v2\/comments?post=1451"}],"wp:featuredmedia":[{"embeddable":true,"href":"https:\/\/www.billigtrikotde.com\/hr\/wp-json\/wp\/v2\/media\/1483"}],"wp:attachment":[{"href":"https:\/\/www.billigtrikotde.com\/hr\/wp-json\/wp\/v2\/media?parent=1451"}],"wp:term":[{"taxonomy":"product_brand","embeddable":true,"href":"https:\/\/www.billigtrikotde.com\/hr\/wp-json\/wp\/v2\/product_brand?post=1451"},{"taxonomy":"product_cat","embeddable":true,"href":"https:\/\/www.billigtrikotde.com\/hr\/wp-json\/wp\/v2\/product_cat?post=1451"},{"taxonomy":"product_tag","embeddable":true,"href":"https:\/\/www.billigtrikotde.com\/hr\/wp-json\/wp\/v2\/product_tag?post=1451"}],"curies":[{"name":"wp","href":"https:\/\/api.w.org\/{rel}","templated":true}]}}