{"id":14385,"date":"2024-10-24T06:52:49","date_gmt":"2024-10-24T04:52:49","guid":{"rendered":"http:\/\/billigtrikots.com\/?post_type=product&#038;p=14385"},"modified":"2024-10-24T06:55:32","modified_gmt":"2024-10-24T04:55:32","slug":"blauen-weisse-heimtrikots-real-sociedad-2023-2024-trikot-herren-kurzarm-kurze-hosen","status":"publish","type":"product","link":"https:\/\/www.billigtrikotde.com\/hr\/blauen-weisse-heimtrikots-real-sociedad-2023-2024-trikot-herren-kurzarm-kurze-hosen\/","title":{"rendered":"Plavi i bijeli doma\u0107i dresovi Real Sociedad 2023-2024 dres za mu\u0161karce kratkih rukava + kratke hla\u010de"},"content":{"rendered":"<p>Trikot Macron Real Sociedad 2023-2024 predstavlja novu verziju tradicionalnih plavo-bijelih pruga kluba. Plave pruge su postavljene na jedinstven na\u010din i dizajnirane od strane kipara I\u00f1igo Manterola. Pruge su trodimenzionalne i dolaze u razli\u010ditim nijansama koje podsje\u0107aju na skulpturu.<\/p>\n<p>Vrat doma\u0107eg trika Macron La Real 2023-24 je u polo-stilu s presje\u010denim V-izrezom, a rukavi su ozna\u010deni s dva tamnoplava traga. Na unutarnjoj strani doma\u0107eg trika Macron Real Sociedad 2023-24 uz Macron logo vidi se i natpis \u201eWe are Real\u201c. Stra\u017enja strana doma\u0107eg trika Macron Real Sociedad 2023-2024 prikazuje aktualnu zastavu Baskije ispod vrata.<\/p>\n<p>Savjeti za ispis: Ako ime i broj na slici to\u010dno odgovaraju va\u0161im \u017eeljama, ne morate ih ponovno unositi. Ako ne, unesite \u017eeljeno ime i broj.<\/p>\n<p>Savjeti za pranje: Preporu\u010duje se ru\u010dno pranje nogometnih dresova. Ako \u017eelite koristiti perilicu, sjetite se okrenuti dresove naopako prije pranja. Napunite perilicu hladnom vodom i koristite program za osjetljive tkanine kako biste bolje za\u0161titili boje.<\/p>","protected":false},"excerpt":{"rendered":"<p>Das Macron Real Sociedad 2023-2024 Trikot stellt eine neue Version der traditionellen blau-wei\u00dfen Streifen des Vereins dar.Die blauen Streifen wurden auf einzigartige Weise angebracht und von dem Bildhauer I\u00f1igo Manterola entworfen. Die Streifen sind dreidimensional und kommen in verschiedenen Schattierungen daher, die an eine Skulptur erinnern. Der Kragen des Macron La Real 2023-24 Heimtrikots ist [&hellip;]<\/p>","protected":false},"featured_media":14430,"comment_status":"open","ping_status":"closed","template":"","meta":[],"product_brand":[],"product_cat":[15],"product_tag":[574,21,23,228,24,799,800],"class_list":{"0":"post-14385","1":"product","2":"type-product","3":"status-publish","4":"has-post-thumbnail","6":"product_cat-unkategorisiert","7":"product_tag-fussballtrikot-deutschland","8":"product_tag-fussballtrikot-fuer-herren","9":"product_tag-fussballtrikot-kurzarm","10":"product_tag-guenstige-fussballtrikot","11":"product_tag-guenstiges-fussballtrikot","12":"product_tag-real-sociedad-2023-2024-trikot","13":"product_tag-real-sociedad-23-24-trikot","15":"first","16":"instock","17":"shipping-taxable","18":"purchasable","19":"product-type-variable"},"_links":{"self":[{"href":"https:\/\/www.billigtrikotde.com\/hr\/wp-json\/wp\/v2\/product\/14385","targetHints":{"allow":["GET"]}}],"collection":[{"href":"https:\/\/www.billigtrikotde.com\/hr\/wp-json\/wp\/v2\/product"}],"about":[{"href":"https:\/\/www.billigtrikotde.com\/hr\/wp-json\/wp\/v2\/types\/product"}],"replies":[{"embeddable":true,"href":"https:\/\/www.billigtrikotde.com\/hr\/wp-json\/wp\/v2\/comments?post=14385"}],"wp:featuredmedia":[{"embeddable":true,"href":"https:\/\/www.billigtrikotde.com\/hr\/wp-json\/wp\/v2\/media\/14430"}],"wp:attachment":[{"href":"https:\/\/www.billigtrikotde.com\/hr\/wp-json\/wp\/v2\/media?parent=14385"}],"wp:term":[{"taxonomy":"product_brand","embeddable":true,"href":"https:\/\/www.billigtrikotde.com\/hr\/wp-json\/wp\/v2\/product_brand?post=14385"},{"taxonomy":"product_cat","embeddable":true,"href":"https:\/\/www.billigtrikotde.com\/hr\/wp-json\/wp\/v2\/product_cat?post=14385"},{"taxonomy":"product_tag","embeddable":true,"href":"https:\/\/www.billigtrikotde.com\/hr\/wp-json\/wp\/v2\/product_tag?post=14385"}],"curies":[{"name":"wp","href":"https:\/\/api.w.org\/{rel}","templated":true}]}}