{"id":14383,"date":"2024-10-24T06:52:48","date_gmt":"2024-10-24T04:52:48","guid":{"rendered":"http:\/\/billigtrikots.com\/?post_type=product&#038;p=14383"},"modified":"2024-10-24T06:55:31","modified_gmt":"2024-10-24T04:55:31","slug":"herren-heimtrikot-boca-juniors-23-24-trikot-anpassbare-name-und-nummer","status":"publish","type":"product","link":"https:\/\/www.billigtrikotde.com\/hr\/herren-heimtrikot-boca-juniors-23-24-trikot-anpassbare-name-und-nummer\/","title":{"rendered":"Mu\u0161ki doma\u0107i dres Boca Juniors 23-24 dres s mogu\u0107no\u0161\u0107u prilagodbe imena i broja"},"content":{"rendered":"<p>CA Boca Juniors 23-24 dres uz klasi\u010dnu plavu prsluku ima i suptilan tisak, \u0161to je za klub izuzetno neobi\u010dno. Boca Juniors je nedavno potpisao ugovor s Betssonom \u2013 ostaje za vidjeti ho\u0107e li se dres 23-24 prodavati bez sponzora, ali pretpostavljamo da ga nezavisni trgovci izvan Hrvatske imati \u0107e bez glavnog sponzora.<br \/>\n\u0160to se predlo\u0161ka ti\u010de, Boca Juniors 23-24 dres temelji se na jednom od modela za Svjetsko prvenstvo 2022 i dolazi s \u017eutim umetcima ispod ruku te uzdu\u017e stranica i stra\u017enjeg donjeg dijela. 3 pruge koje se nalaze na ramenima Boca Juniors 2023-24 dresa tako\u0111er su \u017eute.<\/p>\n<p>Savjeti za ispis: Ako ime i broj na slici to\u010dno odgovaraju va\u0161im \u017eeljama, ne morate ih ponovno unositi. Ako ne, unesite \u017eeljeno ime i broj.<\/p>\n<p>Savjeti za pranje: Preporu\u010duje se ru\u010dno pranje nogometnih dresova. Ako \u017eelite koristiti perilicu, sjetite se okrenuti dresove naopako prije pranja. Napunite perilicu hladnom vodom i koristite program za osjetljive tkanine kako biste bolje za\u0161titili boje.<\/p>","protected":false},"excerpt":{"rendered":"<p>CA Boca Juniors 23-24 dres uz klasi\u010dnu plavu prsluku ima i suptilan tisak, \u0161to je za klub izuzetno neobi\u010dno. Boca Juniors je nedavno potpisao ugovor s Betssonom \u2013 ostaje za vidjeti ho\u0107e li se dres 23-24 prodavati bez sponzora, ali pretpostavljamo da ga nezavisni trgovci izvan Hrvatske imati \u0107e bez glavnog sponzora.<\/p>","protected":false},"featured_media":14422,"comment_status":"open","ping_status":"closed","template":"","meta":[],"product_brand":[],"product_cat":[15],"product_tag":[797,798,574,21,23,228,24],"class_list":{"0":"post-14383","1":"product","2":"type-product","3":"status-publish","4":"has-post-thumbnail","6":"product_cat-unkategorisiert","7":"product_tag-boca-juniors-23-24-trikot","8":"product_tag-boca-juniors-trikot","9":"product_tag-fussballtrikot-deutschland","10":"product_tag-fussballtrikot-fuer-herren","11":"product_tag-fussballtrikot-kurzarm","12":"product_tag-guenstige-fussballtrikot","13":"product_tag-guenstiges-fussballtrikot","15":"first","16":"instock","17":"shipping-taxable","18":"purchasable","19":"product-type-variable"},"_links":{"self":[{"href":"https:\/\/www.billigtrikotde.com\/hr\/wp-json\/wp\/v2\/product\/14383","targetHints":{"allow":["GET"]}}],"collection":[{"href":"https:\/\/www.billigtrikotde.com\/hr\/wp-json\/wp\/v2\/product"}],"about":[{"href":"https:\/\/www.billigtrikotde.com\/hr\/wp-json\/wp\/v2\/types\/product"}],"replies":[{"embeddable":true,"href":"https:\/\/www.billigtrikotde.com\/hr\/wp-json\/wp\/v2\/comments?post=14383"}],"wp:featuredmedia":[{"embeddable":true,"href":"https:\/\/www.billigtrikotde.com\/hr\/wp-json\/wp\/v2\/media\/14422"}],"wp:attachment":[{"href":"https:\/\/www.billigtrikotde.com\/hr\/wp-json\/wp\/v2\/media?parent=14383"}],"wp:term":[{"taxonomy":"product_brand","embeddable":true,"href":"https:\/\/www.billigtrikotde.com\/hr\/wp-json\/wp\/v2\/product_brand?post=14383"},{"taxonomy":"product_cat","embeddable":true,"href":"https:\/\/www.billigtrikotde.com\/hr\/wp-json\/wp\/v2\/product_cat?post=14383"},{"taxonomy":"product_tag","embeddable":true,"href":"https:\/\/www.billigtrikotde.com\/hr\/wp-json\/wp\/v2\/product_tag?post=14383"}],"curies":[{"name":"wp","href":"https:\/\/api.w.org\/{rel}","templated":true}]}}