{"id":14285,"date":"2024-10-24T06:47:32","date_gmt":"2024-10-24T04:47:32","guid":{"rendered":"http:\/\/billigtrikots.com\/?post_type=product&#038;p=14285"},"modified":"2024-10-24T06:49:48","modified_gmt":"2024-10-24T04:49:48","slug":"italien-2023-trikot-125th-anniversary-trikots-weiss-kurzarm-kurze-hosen","status":"publish","type":"product","link":"https:\/\/www.billigtrikotde.com\/hr\/italien-2023-trikot-125th-anniversary-trikots-weiss-kurzarm-kurze-hosen\/","title":{"rendered":"Italija 2023 dres 125th Anniversary dresovi bijeli kratkih rukava + kratke hla\u010de"},"content":{"rendered":"<p>Italija 2023 posebna edicija dresa prikazuje se u \u010distom dizajnu bijele boje s zlatnim logotipima i akcentima. Najdramati\u010dnija zna\u010dajka posebnog dresa Italije 2023 je grb koji je okru\u017een lovorovim vijencem.<br \/>\nBijeli okovratnik s tradicionalna tri trake koje se prote\u017eu preko ramena nadopunjen je tehnikom tkanja \u201eFlatnik\u201c. Ova tehnika daje klasi\u010dnom stilu moderno osvje\u017eenje, pri \u010demu zavr\u0161etak na kratkim rukavima posebno privla\u010di pa\u017enju. Kao dodatni vrijedan element na desnoj stranici postavljena je etiketa koja prisje\u0107a na obljetnicu talijanskog nogometnog saveza.<br \/>\n\u0160orcevi trika Italy 125th Anniversary su bijeli s zlatnim detaljima i tri trake sa stranica, dok na desnoj strani bedra stoji spomen grb FIGC. Crni \u010darapi su ukra\u0161eni zlatnim vezom, uklju\u010duju\u0107i natpis Italija na prednjem dijelu, Adidasov logotip na stra\u017enjoj strani i tri pruge ispod koljena.<\/p>\n<p>Savjeti za ispis: Ako ime i broj na slici to\u010dno odgovaraju va\u0161im \u017eeljama, ne morate ih ponovno unositi. Ako ne, unesite \u017eeljeno ime i broj.<\/p>\n<p>Savjeti za pranje: Preporu\u010duje se ru\u010dno pranje nogometnih dresova. Ako \u017eelite koristiti perilicu, sjetite se okrenuti dresove naopako prije pranja. Napunite perilicu hladnom vodom i koristite program za osjetljive tkanine kako biste bolje za\u0161titili boje.<\/p>","protected":false},"excerpt":{"rendered":"<p>Das Italien 2023 Sondereditionstrikot pr\u00e4sentiert sich in einem klaren Design in Wei\u00df mit goldenen Logos und Akzenten.Das auff\u00e4lligste Merkmal des Italien 2023 Sondertrikots ist das Wappen, das von einem Lorbeerkranz umgeben ist. Der wei\u00dfe Rundkragen mit den traditionellen drei\u00a0 Streifen, die \u00fcber die Schultern laufen, wird durch die &#8222;Flatnik&#8220;-Webtechnik erg\u00e4nzt. Diese Technik verleiht dem klassischen [&hellip;]<\/p>","protected":false},"featured_media":14325,"comment_status":"open","ping_status":"closed","template":"","meta":[],"product_brand":[],"product_cat":[316],"product_tag":[20,574,21,22,23,24,318,776],"class_list":{"0":"post-14285","1":"product","2":"type-product","3":"status-publish","4":"has-post-thumbnail","6":"product_cat-italien-trikots","7":"product_tag-coole-fussballtrikots","8":"product_tag-fussballtrikot-deutschland","9":"product_tag-fussballtrikot-fuer-herren","10":"product_tag-fussballtrikot-guenstig-kaufen","11":"product_tag-fussballtrikot-kurzarm","12":"product_tag-guenstiges-fussballtrikot","13":"product_tag-italien-trikots","14":"product_tag-italien-trikots-2023-24","16":"first","17":"instock","18":"shipping-taxable","19":"purchasable","20":"product-type-variable"},"_links":{"self":[{"href":"https:\/\/www.billigtrikotde.com\/hr\/wp-json\/wp\/v2\/product\/14285","targetHints":{"allow":["GET"]}}],"collection":[{"href":"https:\/\/www.billigtrikotde.com\/hr\/wp-json\/wp\/v2\/product"}],"about":[{"href":"https:\/\/www.billigtrikotde.com\/hr\/wp-json\/wp\/v2\/types\/product"}],"replies":[{"embeddable":true,"href":"https:\/\/www.billigtrikotde.com\/hr\/wp-json\/wp\/v2\/comments?post=14285"}],"wp:featuredmedia":[{"embeddable":true,"href":"https:\/\/www.billigtrikotde.com\/hr\/wp-json\/wp\/v2\/media\/14325"}],"wp:attachment":[{"href":"https:\/\/www.billigtrikotde.com\/hr\/wp-json\/wp\/v2\/media?parent=14285"}],"wp:term":[{"taxonomy":"product_brand","embeddable":true,"href":"https:\/\/www.billigtrikotde.com\/hr\/wp-json\/wp\/v2\/product_brand?post=14285"},{"taxonomy":"product_cat","embeddable":true,"href":"https:\/\/www.billigtrikotde.com\/hr\/wp-json\/wp\/v2\/product_cat?post=14285"},{"taxonomy":"product_tag","embeddable":true,"href":"https:\/\/www.billigtrikotde.com\/hr\/wp-json\/wp\/v2\/product_tag?post=14285"}],"curies":[{"name":"wp","href":"https:\/\/api.w.org\/{rel}","templated":true}]}}