{"id":14283,"date":"2024-10-24T06:47:30","date_gmt":"2024-10-24T04:47:30","guid":{"rendered":"http:\/\/billigtrikots.com\/?post_type=product&#038;p=14283"},"modified":"2024-10-24T06:49:47","modified_gmt":"2024-10-24T04:49:47","slug":"blaue-italien-trikots-fuer-herren-italien-heimtrikot-2023-24-personalisierbar","status":"publish","type":"product","link":"https:\/\/www.billigtrikotde.com\/hr\/blaue-italien-trikots-fuer-herren-italien-heimtrikot-2023-24-personalisierbar\/","title":{"rendered":"Plavi talijanski dresovi za mu\u0161karce Talijanski ku\u0107ni dres 2023\/24 Personalizabilan"},"content":{"rendered":"<p>Italija do sr\u017ei. Mramor je dragocjena temelja na kojem se gradi talijanska kultura i igra klju\u010dnu ulogu u dizajnu ovog upe\u010datljivog, autenti\u010dnog nogometnog dresa. Uz zlatne detalje i znak \u201eItalia\u201c na vratu, tamne vene se izdi\u017eu iznad ovih poznatih Azzurri boja.<\/p>\n<p>Savjeti za ispis: Ako ime i broj na slici to\u010dno odgovaraju va\u0161im \u017eeljama, ne morate ih ponovno unositi. Ako ne, unesite \u017eeljeno ime i broj.<\/p>\n<p>Savjeti za pranje: Preporu\u010duje se ru\u010dno pranje nogometnih dresova. Ako \u017eelite koristiti perilicu, sjetite se okrenuti dresove naopako prije pranja. Napunite perilicu hladnom vodom i koristite program za osjetljive tkanine kako biste bolje za\u0161titili boje.<\/p>","protected":false},"excerpt":{"rendered":"<p>Italien bis ins Mark. Marmor ist das kostbare Fundament, auf dem die italienische Kultur aufbaut, und spielt eine zentrale Rolle im Design dieses auff\u00e4lligen, authentischen Fu\u00dfballtrikots. Neben goldenen Details und einem \u201eItalia\u201c-Zeichen am Nacken heben sich dunkle Adern \u00fcber diesen ber\u00fchmten Azzurri-Farben ab. Tipps zum Drucken: Wenn der Name und die Nummer auf dem Bild [\u2026]<\/p>","protected":false},"featured_media":14324,"comment_status":"open","ping_status":"closed","template":"","meta":[],"product_brand":[],"product_cat":[316],"product_tag":[20,574,21,22,23,24,317,318,776],"class_list":{"0":"post-14283","1":"product","2":"type-product","3":"status-publish","4":"has-post-thumbnail","6":"product_cat-italien-trikots","7":"product_tag-coole-fussballtrikots","8":"product_tag-fussballtrikot-deutschland","9":"product_tag-fussballtrikot-fuer-herren","10":"product_tag-fussballtrikot-guenstig-kaufen","11":"product_tag-fussballtrikot-kurzarm","12":"product_tag-guenstiges-fussballtrikot","13":"product_tag-italien-heimtrikot","14":"product_tag-italien-trikots","15":"product_tag-italien-trikots-2023-24","17":"first","18":"instock","19":"shipping-taxable","20":"purchasable","21":"product-type-variable"},"_links":{"self":[{"href":"https:\/\/www.billigtrikotde.com\/hr\/wp-json\/wp\/v2\/product\/14283","targetHints":{"allow":["GET"]}}],"collection":[{"href":"https:\/\/www.billigtrikotde.com\/hr\/wp-json\/wp\/v2\/product"}],"about":[{"href":"https:\/\/www.billigtrikotde.com\/hr\/wp-json\/wp\/v2\/types\/product"}],"replies":[{"embeddable":true,"href":"https:\/\/www.billigtrikotde.com\/hr\/wp-json\/wp\/v2\/comments?post=14283"}],"wp:featuredmedia":[{"embeddable":true,"href":"https:\/\/www.billigtrikotde.com\/hr\/wp-json\/wp\/v2\/media\/14324"}],"wp:attachment":[{"href":"https:\/\/www.billigtrikotde.com\/hr\/wp-json\/wp\/v2\/media?parent=14283"}],"wp:term":[{"taxonomy":"product_brand","embeddable":true,"href":"https:\/\/www.billigtrikotde.com\/hr\/wp-json\/wp\/v2\/product_brand?post=14283"},{"taxonomy":"product_cat","embeddable":true,"href":"https:\/\/www.billigtrikotde.com\/hr\/wp-json\/wp\/v2\/product_cat?post=14283"},{"taxonomy":"product_tag","embeddable":true,"href":"https:\/\/www.billigtrikotde.com\/hr\/wp-json\/wp\/v2\/product_tag?post=14283"}],"curies":[{"name":"wp","href":"https:\/\/api.w.org\/{rel}","templated":true}]}}