{"id":14064,"date":"2024-10-24T06:36:29","date_gmt":"2024-10-24T04:36:29","guid":{"rendered":"http:\/\/billigtrikots.com\/?post_type=product&#038;p=14064"},"modified":"2024-10-24T06:39:09","modified_gmt":"2024-10-24T04:39:09","slug":"guenstig-fussballtrikot-liverpool-auswaertstrikot-2023-24-kurzarm-herren-virgil-van-dijk-4","status":"publish","type":"product","link":"https:\/\/www.billigtrikotde.com\/hr\/guenstig-fussballtrikot-liverpool-auswaertstrikot-2023-24-kurzarm-herren-virgil-van-dijk-4\/","title":{"rendered":"Povoljan fudbalski dres Liverpool gostuju\u0107i dres 2023-24 kratki rukav Mu\u0161karci Virgil van Dijk 4"},"content":{"rendered":"<p>Das Liverpool Football Club 2023-24 Ausw\u00e4rtstrikot kombiniert Wei\u00df und Gr\u00fcn mit schwarzen Logos. Offiziell lauten die Farben \u201eWei\u00df \/ Gr\u00fcner Funke \/ Schwarz\u201c.<\/p>\n<p>Was das Liverpool 23-24 Ausw\u00e4rtstrikot einzigartig macht, ist das Design. Das Nike Liverpool 23-24 Ausw\u00e4rtstrikot hat ein 90er-Jahre-\u00e4hnliches Muster in Wei\u00df und verschiedenen Gr\u00fcnt\u00f6nen.<\/p>\n<p>Savjeti za ispis: Ako ime i broj na slici to\u010dno odgovaraju va\u0161im \u017eeljama, ne morate ih ponovno unositi. Ako ne, unesite \u017eeljeno ime i broj.<\/p>\n<p>Savjeti za pranje: Preporu\u010duje se ru\u010dno pranje nogometnih dresova. Ako \u017eelite koristiti perilicu, sjetite se okrenuti dresove naopako prije pranja. Napunite perilicu hladnom vodom i koristite program za osjetljive tkanine kako biste bolje za\u0161titili boje.<\/p>","protected":false},"excerpt":{"rendered":"<p>Nike Liverpool Football Club 2023-24 gostuju\u0107i dres kombinira bijelu i zelenu s crnim logotipima. Slu\u017ebeno, boje su \u201eBijela \/ Zelena iskra \/ Crna\u201c. Ono \u0161to \u010dini Liverpool 23-24 gostuju\u0107i dres jedinstvenim jest dizajn. Nike Liverpool 23-24 gostuju\u0107i dres ima uzorak sli\u010dan 90-ima u bijeloj i raznim zelenim nijansama. Savjeti za tiskanje: Ako \u017eelite tiskati ime i broj na dresu, preporu\u010dujemo kori\u0161tenje visokokvalitetnih materijala i odgovaraju\u0107e opreme za tiskanje.<\/p>","protected":false},"featured_media":14114,"comment_status":"open","ping_status":"closed","template":"","meta":[],"product_brand":[],"product_cat":[176],"product_tag":[22,479,601,602,735,736,608,737,738],"class_list":{"0":"post-14064","1":"product","2":"type-product","3":"status-publish","4":"has-post-thumbnail","6":"product_cat-liverpool-fc","7":"product_tag-fussballtrikot-guenstig-kaufen","8":"product_tag-fussballtrikots-kaufen","9":"product_tag-liverpool-fussballtrikot","10":"product_tag-liverpool-trikot","11":"product_tag-trikots-2023-24","12":"product_tag-virgil-van-dijk-babykleidung","13":"product_tag-virgil-van-dijk-fussballtrikot","14":"product_tag-virgil-van-dijk-kleidung-kinder","15":"product_tag-virgil-van-dijk-trikot-fuer-kinder","17":"first","18":"instock","19":"shipping-taxable","20":"purchasable","21":"product-type-variable"},"_links":{"self":[{"href":"https:\/\/www.billigtrikotde.com\/hr\/wp-json\/wp\/v2\/product\/14064","targetHints":{"allow":["GET"]}}],"collection":[{"href":"https:\/\/www.billigtrikotde.com\/hr\/wp-json\/wp\/v2\/product"}],"about":[{"href":"https:\/\/www.billigtrikotde.com\/hr\/wp-json\/wp\/v2\/types\/product"}],"replies":[{"embeddable":true,"href":"https:\/\/www.billigtrikotde.com\/hr\/wp-json\/wp\/v2\/comments?post=14064"}],"wp:featuredmedia":[{"embeddable":true,"href":"https:\/\/www.billigtrikotde.com\/hr\/wp-json\/wp\/v2\/media\/14114"}],"wp:attachment":[{"href":"https:\/\/www.billigtrikotde.com\/hr\/wp-json\/wp\/v2\/media?parent=14064"}],"wp:term":[{"taxonomy":"product_brand","embeddable":true,"href":"https:\/\/www.billigtrikotde.com\/hr\/wp-json\/wp\/v2\/product_brand?post=14064"},{"taxonomy":"product_cat","embeddable":true,"href":"https:\/\/www.billigtrikotde.com\/hr\/wp-json\/wp\/v2\/product_cat?post=14064"},{"taxonomy":"product_tag","embeddable":true,"href":"https:\/\/www.billigtrikotde.com\/hr\/wp-json\/wp\/v2\/product_tag?post=14064"}],"curies":[{"name":"wp","href":"https:\/\/api.w.org\/{rel}","templated":true}]}}