{"id":14062,"date":"2024-10-24T06:36:27","date_gmt":"2024-10-24T04:36:27","guid":{"rendered":"http:\/\/billigtrikots.com\/?post_type=product&#038;p=14062"},"modified":"2024-10-24T06:39:08","modified_gmt":"2024-10-24T04:39:08","slug":"neuen-herren-fussballtrikot-liverpool-auswaertstrikot-2023-24-kurzarm-darwin-nunez-27","status":"publish","type":"product","link":"https:\/\/www.billigtrikotde.com\/hr\/neuen-herren-fussballtrikot-liverpool-auswaertstrikot-2023-24-kurzarm-darwin-nunez-27\/","title":{"rendered":"Novi mu\u0161ki fudbalski dres Liverpool gostuju\u0107i dres 2023-24 kratki rukav Darwin Nunez 27"},"content":{"rendered":"<p>Das Nike Liverpool Football Club 2023-24 Ausw\u00e4rtstrikot kombiniert Wei\u00df und Gr\u00fcn mit schwarzen Logos. Offiziell lauten die Farben &#8222;Wei\u00df \/ Gr\u00fcner Funke \/ Schwarz&#8220;.<\/p>\n<p>Was das Liverpool 23-24 Ausw\u00e4rtstrikot einzigartig macht, ist das Design. Das Nike Liverpool 23-24 Ausw\u00e4rtstrikot hat ein 90er-Jahre-\u00e4hnliches Muster in Wei\u00df und verschiedenen Gr\u00fcnt\u00f6nen.<\/p>\n<p>Savjeti za ispis: Ako ime i broj na slici to\u010dno odgovaraju va\u0161im \u017eeljama, ne morate ih ponovno unositi. Ako ne, unesite \u017eeljeno ime i broj.<\/p>\n<p>Savjeti za pranje: Preporu\u010duje se ru\u010dno pranje nogometnih dresova. Ako \u017eelite koristiti perilicu, sjetite se okrenuti dresove naopako prije pranja. Napunite perilicu hladnom vodom i koristite program za osjetljive tkanine kako biste bolje za\u0161titili boje.<\/p>","protected":false},"excerpt":{"rendered":"<p>Nike Liverpool Football Club 2023-24 gostuju\u0107i dres kombinira bijelu i zelenu s crnim logotipima. Slu\u017ebeno, boje su \u201eBijela \/ Zelena iskra \/ Crna\u201c. Ono \u0161to \u010dini Liverpool 23-24 gostuju\u0107i dres jedinstvenim jest dizajn. Nike Liverpool 23-24 gostuju\u0107i dres ima uzorak sli\u010dan 90-ima u bijeloj i raznim zelenim nijansama. Savjeti za tiskanje: Ako \u017eelite tiskati ime i broj na dresu, preporu\u010dujemo kori\u0161tenje visokokvalitetnih materijala i odgovaraju\u0107e opreme za tiskanje.<\/p>","protected":false},"featured_media":14112,"comment_status":"open","ping_status":"closed","template":"","meta":[],"product_brand":[],"product_cat":[176],"product_tag":[20,731,732,733,734,574,21,23,24,601,602,153,475],"class_list":{"0":"post-14062","1":"product","2":"type-product","3":"status-publish","4":"has-post-thumbnail","6":"product_cat-liverpool-fc","7":"product_tag-coole-fussballtrikots","8":"product_tag-darwin-nunez-babykleidung","9":"product_tag-darwin-nunez-fussballtrikot","10":"product_tag-darwin-nunez-kleidung-kinder","11":"product_tag-darwin-nunez-trikot-fuer-kinder","12":"product_tag-fussballtrikot-deutschland","13":"product_tag-fussballtrikot-fuer-herren","14":"product_tag-fussballtrikot-kurzarm","15":"product_tag-guenstiges-fussballtrikot","16":"product_tag-liverpool-fussballtrikot","17":"product_tag-liverpool-trikot","18":"product_tag-liverpool-trikots","19":"product_tag-liverpool-trikots-23-24","21":"first","22":"instock","23":"shipping-taxable","24":"purchasable","25":"product-type-variable"},"_links":{"self":[{"href":"https:\/\/www.billigtrikotde.com\/hr\/wp-json\/wp\/v2\/product\/14062","targetHints":{"allow":["GET"]}}],"collection":[{"href":"https:\/\/www.billigtrikotde.com\/hr\/wp-json\/wp\/v2\/product"}],"about":[{"href":"https:\/\/www.billigtrikotde.com\/hr\/wp-json\/wp\/v2\/types\/product"}],"replies":[{"embeddable":true,"href":"https:\/\/www.billigtrikotde.com\/hr\/wp-json\/wp\/v2\/comments?post=14062"}],"wp:featuredmedia":[{"embeddable":true,"href":"https:\/\/www.billigtrikotde.com\/hr\/wp-json\/wp\/v2\/media\/14112"}],"wp:attachment":[{"href":"https:\/\/www.billigtrikotde.com\/hr\/wp-json\/wp\/v2\/media?parent=14062"}],"wp:term":[{"taxonomy":"product_brand","embeddable":true,"href":"https:\/\/www.billigtrikotde.com\/hr\/wp-json\/wp\/v2\/product_brand?post=14062"},{"taxonomy":"product_cat","embeddable":true,"href":"https:\/\/www.billigtrikotde.com\/hr\/wp-json\/wp\/v2\/product_cat?post=14062"},{"taxonomy":"product_tag","embeddable":true,"href":"https:\/\/www.billigtrikotde.com\/hr\/wp-json\/wp\/v2\/product_tag?post=14062"}],"curies":[{"name":"wp","href":"https:\/\/api.w.org\/{rel}","templated":true}]}}