{"id":14040,"date":"2024-10-24T06:35:18","date_gmt":"2024-10-24T04:35:18","guid":{"rendered":"http:\/\/billigtrikots.com\/?post_type=product&#038;p=14040"},"modified":"2024-10-24T06:38:01","modified_gmt":"2024-10-24T04:38:01","slug":"neuen-herren-as-roma-heimtrikot-2023-24-kurzarm-paulo-dybala-21","status":"publish","type":"product","link":"https:\/\/www.billigtrikotde.com\/hr\/neuen-herren-as-roma-heimtrikot-2023-24-kurzarm-paulo-dybala-21\/","title":{"rendered":"Novi mu\u0161ki AS Roma ku\u0107ni dres 2023-24 kratkih rukava Paulo Dybala 21"},"content":{"rendered":"<p>Trikot Associazione Sportiva Roma 2023-24 inspiriran je trikotom 1992-94. Ima tradicionalne boje kluba, crvenu i \u017eutu. Na stra\u017enjoj strani ispod ovratnika doma\u0107eg dresa Roma 23-24 nalazi se trenutni grb Rome. Ono \u0161to se primje\u0107uje na dresu AS Roma 2023-24 su grb te ovratnik i man\u0161ete. Adidas koristi Lupetto umjesto trenutnog logotipa Rome. I man\u0161ete, kao i ovratnik, ukra\u0161ene su \u017eutim crtama.<\/p>\n<p>Savjeti za ispis: Ako ime i broj na slici to\u010dno odgovaraju va\u0161im \u017eeljama, ne morate ih ponovno unositi. Ako ne, unesite \u017eeljeno ime i broj.<\/p>\n<p>Savjeti za pranje: Preporu\u010duje se ru\u010dno pranje nogometnih dresova. Ako \u017eelite koristiti perilicu, sjetite se okrenuti dresove naopako prije pranja. Napunite perilicu hladnom vodom i koristite program za osjetljive tkanine kako biste bolje za\u0161titili boje.<\/p>","protected":false},"excerpt":{"rendered":"<p>Das Associazione Sportiva Roma 2023-24 Trikot ist vom Trikot 1992-94 inspiriert. Es hat die traditionellen Farben des Vereins, Rot und Gelb.Auf der R\u00fcckseite unter dem Kragen des Roma 23-24 Heimtrikots befindet sich das aktuelle Roma Wappen.Was beim AS Roma 2023-24 Trikot auff\u00e4llt, sind das Wappen sowie der Kragen und die \u00c4rmelb\u00fcndchen. Adidas verwendet das Lupetto [&hellip;]<\/p>","protected":false},"featured_media":14088,"comment_status":"open","ping_status":"closed","template":"","meta":[],"product_brand":[],"product_cat":[85],"product_tag":[722,86,480,723,87,20,21,23,479,24,478,724,725],"class_list":{"0":"post-14040","1":"product","2":"type-product","3":"status-publish","4":"has-post-thumbnail","6":"product_cat-as-roma","7":"product_tag-as-roma-fussballtrikot","8":"product_tag-as-roma-heimtrikot","9":"product_tag-as-roma-neues-trikot","10":"product_tag-as-roma-trikot","11":"product_tag-as-roma-trikots","12":"product_tag-coole-fussballtrikots","13":"product_tag-fussballtrikot-fuer-herren","14":"product_tag-fussballtrikot-kurzarm","15":"product_tag-fussballtrikots-kaufen","16":"product_tag-guenstiges-fussballtrikot","17":"product_tag-herren-fussballtrikots","18":"product_tag-paulo-dybala-fussballtrikot","19":"product_tag-paulo-dybala-trikot-fuer-kinder","21":"first","22":"instock","23":"shipping-taxable","24":"purchasable","25":"product-type-variable"},"_links":{"self":[{"href":"https:\/\/www.billigtrikotde.com\/hr\/wp-json\/wp\/v2\/product\/14040","targetHints":{"allow":["GET"]}}],"collection":[{"href":"https:\/\/www.billigtrikotde.com\/hr\/wp-json\/wp\/v2\/product"}],"about":[{"href":"https:\/\/www.billigtrikotde.com\/hr\/wp-json\/wp\/v2\/types\/product"}],"replies":[{"embeddable":true,"href":"https:\/\/www.billigtrikotde.com\/hr\/wp-json\/wp\/v2\/comments?post=14040"}],"wp:featuredmedia":[{"embeddable":true,"href":"https:\/\/www.billigtrikotde.com\/hr\/wp-json\/wp\/v2\/media\/14088"}],"wp:attachment":[{"href":"https:\/\/www.billigtrikotde.com\/hr\/wp-json\/wp\/v2\/media?parent=14040"}],"wp:term":[{"taxonomy":"product_brand","embeddable":true,"href":"https:\/\/www.billigtrikotde.com\/hr\/wp-json\/wp\/v2\/product_brand?post=14040"},{"taxonomy":"product_cat","embeddable":true,"href":"https:\/\/www.billigtrikotde.com\/hr\/wp-json\/wp\/v2\/product_cat?post=14040"},{"taxonomy":"product_tag","embeddable":true,"href":"https:\/\/www.billigtrikotde.com\/hr\/wp-json\/wp\/v2\/product_tag?post=14040"}],"curies":[{"name":"wp","href":"https:\/\/api.w.org\/{rel}","templated":true}]}}