{"id":14036,"date":"2024-10-24T06:35:14","date_gmt":"2024-10-24T04:35:14","guid":{"rendered":"http:\/\/billigtrikots.com\/?post_type=product&#038;p=14036"},"modified":"2024-10-24T06:37:31","modified_gmt":"2024-10-24T04:37:31","slug":"guenstig-fussballtrikots-atletico-madrid-heimtrikot-2023-24-kurzarm","status":"publish","type":"product","link":"https:\/\/www.billigtrikotde.com\/hr\/guenstig-fussballtrikots-atletico-madrid-heimtrikot-2023-24-kurzarm\/","title":{"rendered":"Povoljne mu\u0161ke nogometne dresove Atletico Madrid ku\u0107ni dres 2023-24 kratkih rukava"},"content":{"rendered":"<p>Nova Atletico 23-24 majica objavljena je pod sloganom \u201ePuro Atleti\u201c (\u010cisto Atl\u00e9tico). Po prvi put nakon \u010detiri godine prikazuje klasi\u010dne pruge kluba, ne mijenjaju\u0107i ih. S Atletico Madrid 2023-24 majicom klub se vra\u0107a klasi\u010dnim prugama i odustaje od ovogodi\u0161njeg valovitog dizajna. Atletico majica 2023-2024 ima \u010detiri bijele i tri crvene pruge. Rukavi, ovratnik i stra\u017enja strana Atletico Madrid 23-24 doma\u0107e majice su uglavnom crvene.<br \/>\nCrvene pruge Atletico 23-24 doma\u0107e majice imaju blag prelazni efekt. Idu od svjetlije crvene nijanse na gornjem rubu prema tamnijoj crvenoj sredinom i na donjem rubu. Izmjena boje posti\u017ee se malim pravokutnicima.<\/p>\n<p>Savjeti za ispis: Ako ime i broj na slici to\u010dno odgovaraju va\u0161im \u017eeljama, ne morate ih ponovno unositi. Ako ne, unesite \u017eeljeno ime i broj.<\/p>\n<p>Savjeti za pranje: Preporu\u010duje se ru\u010dno pranje nogometnih dresova. Ako \u017eelite koristiti perilicu, sjetite se okrenuti dresove naopako prije pranja. Napunite perilicu hladnom vodom i koristite program za osjetljive tkanine kako biste bolje za\u0161titili boje.<\/p>","protected":false},"excerpt":{"rendered":"<p>Das neue Atletico 23-24 Trikot wurde unter dem Slogan \u201ePuro Atleti\u201c (Reines Atl\u00e9tico) ver\u00f6ffentlicht. Zum ersten Mal seit vier Jahren zeigt es die klassischen Streifen des Vereins, ohne sie zu ver\u00e4ndern.Mit dem Atletico Madrid 2023-24 Trikot kehrt der Verein zu den klassischen Streifen zur\u00fcck und verzichtet auf das gewellte Design von diesem Jahr.Atleticos Trikot 2023-2024 [&hellip;]<\/p>","protected":false},"featured_media":14069,"comment_status":"open","ping_status":"closed","template":"","meta":[],"product_brand":[],"product_cat":[88],"product_tag":[487,488,90,20,21,22,23,24],"class_list":{"0":"post-14036","1":"product","2":"type-product","3":"status-publish","4":"has-post-thumbnail","6":"product_cat-atletico-madrid","7":"product_tag-atletico-madrid-fussballtrikot","8":"product_tag-atletico-madrid-trikot","9":"product_tag-atletico-madrid-trikots","10":"product_tag-coole-fussballtrikots","11":"product_tag-fussballtrikot-fuer-herren","12":"product_tag-fussballtrikot-guenstig-kaufen","13":"product_tag-fussballtrikot-kurzarm","14":"product_tag-guenstiges-fussballtrikot","16":"first","17":"instock","18":"shipping-taxable","19":"purchasable","20":"product-type-variable"},"_links":{"self":[{"href":"https:\/\/www.billigtrikotde.com\/hr\/wp-json\/wp\/v2\/product\/14036","targetHints":{"allow":["GET"]}}],"collection":[{"href":"https:\/\/www.billigtrikotde.com\/hr\/wp-json\/wp\/v2\/product"}],"about":[{"href":"https:\/\/www.billigtrikotde.com\/hr\/wp-json\/wp\/v2\/types\/product"}],"replies":[{"embeddable":true,"href":"https:\/\/www.billigtrikotde.com\/hr\/wp-json\/wp\/v2\/comments?post=14036"}],"wp:featuredmedia":[{"embeddable":true,"href":"https:\/\/www.billigtrikotde.com\/hr\/wp-json\/wp\/v2\/media\/14069"}],"wp:attachment":[{"href":"https:\/\/www.billigtrikotde.com\/hr\/wp-json\/wp\/v2\/media?parent=14036"}],"wp:term":[{"taxonomy":"product_brand","embeddable":true,"href":"https:\/\/www.billigtrikotde.com\/hr\/wp-json\/wp\/v2\/product_brand?post=14036"},{"taxonomy":"product_cat","embeddable":true,"href":"https:\/\/www.billigtrikotde.com\/hr\/wp-json\/wp\/v2\/product_cat?post=14036"},{"taxonomy":"product_tag","embeddable":true,"href":"https:\/\/www.billigtrikotde.com\/hr\/wp-json\/wp\/v2\/product_tag?post=14036"}],"curies":[{"name":"wp","href":"https:\/\/api.w.org\/{rel}","templated":true}]}}