{"id":1401,"date":"2024-10-23T13:28:51","date_gmt":"2024-10-23T11:28:51","guid":{"rendered":"http:\/\/billigtrikots.com\/?post_type=product&#038;p=1401"},"modified":"2024-10-23T13:30:23","modified_gmt":"2024-10-23T11:30:23","slug":"fc-arsenal-auswaertstrikot-2022-3rd-trikot-blau-mit-aufdruck-torreira-11","status":"publish","type":"product","link":"https:\/\/www.billigtrikotde.com\/hr\/fc-arsenal-auswaertstrikot-2022-3rd-trikot-blau-mit-aufdruck-torreira-11\/","title":{"rendered":"FC Arsenal gostuju\u0107i dres 2022 3. dres plavi s natpisom Torreira 11"},"content":{"rendered":"<p>Bilo na stadionu ili kod ku\u0107e na kau\u010du \u2013 svoju podr\u0161ku najbolje pokazuje\u0161 ovim modelom koji odvodi znoj u plavoj boji. S sportskom majicom iz ku\u0107e adidas zaista ne mo\u017ee\u0161 pogrije\u0161iti. Za prave navija\u010de FC Arsenal London obavezno: rezervna sportska majica u originalnom dizajnu, kakvu nose igra\u010di u Premier ligi. Preporu\u010dujemo ovaj model koji odvodi znoj, prozra\u010dan je i super udoban s ugodnim osje\u0107ajem no\u0161enja. Sjajan izgled majice nagla\u0161en je grbom kluba na prsima. S ovom sportskom majicom idealno si odjeven za svaku jedinicu.<\/p>\n<p>Savjeti za ispis: Ako ime i broj na slici to\u010dno odgovaraju va\u0161im \u017eeljama, ne morate ih ponovno unositi. Ako ne, unesite \u017eeljeno ime i broj.<\/p>\n<p>Savjeti za pranje: Preporu\u010duje se ru\u010dno pranje nogometnih dresova. Ako \u017eelite koristiti perilicu, sjetite se okrenuti dresove naopako prije pranja. Napunite perilicu hladnom vodom i koristite program za osjetljive tkanine kako biste bolje za\u0161titili boje.<\/p>","protected":false},"excerpt":{"rendered":"<p>Ob im Stadion oder zuhause auf der Couch \u2013 deine Unterst\u00fctzung zeigst du am besten durch das schwei\u00dfableitende Modell in Blau. Mit dem Sporttop aus dem Hause adidas kann man wirklich nichts falsch machen. F\u00fcr wahre FC Arsenal London-Fans ein Muss: das Ausweich-Sporttop im Originaldesign, wie es die Spieler in der Premier League tragen. Wir [&hellip;]<\/p>","protected":false},"featured_media":1433,"comment_status":"open","ping_status":"closed","template":"","meta":[],"product_brand":[],"product_cat":[55],"product_tag":[20,57,21,22,23,24],"class_list":{"0":"post-1401","1":"product","2":"type-product","3":"status-publish","4":"has-post-thumbnail","6":"product_cat-arsenal","7":"product_tag-coole-fussballtrikots","8":"product_tag-fc-arsenal-trikots","9":"product_tag-fussballtrikot-fuer-herren","10":"product_tag-fussballtrikot-guenstig-kaufen","11":"product_tag-fussballtrikot-kurzarm","12":"product_tag-guenstiges-fussballtrikot","14":"first","15":"instock","16":"shipping-taxable","17":"purchasable","18":"product-type-variable"},"_links":{"self":[{"href":"https:\/\/www.billigtrikotde.com\/hr\/wp-json\/wp\/v2\/product\/1401","targetHints":{"allow":["GET"]}}],"collection":[{"href":"https:\/\/www.billigtrikotde.com\/hr\/wp-json\/wp\/v2\/product"}],"about":[{"href":"https:\/\/www.billigtrikotde.com\/hr\/wp-json\/wp\/v2\/types\/product"}],"replies":[{"embeddable":true,"href":"https:\/\/www.billigtrikotde.com\/hr\/wp-json\/wp\/v2\/comments?post=1401"}],"wp:featuredmedia":[{"embeddable":true,"href":"https:\/\/www.billigtrikotde.com\/hr\/wp-json\/wp\/v2\/media\/1433"}],"wp:attachment":[{"href":"https:\/\/www.billigtrikotde.com\/hr\/wp-json\/wp\/v2\/media?parent=1401"}],"wp:term":[{"taxonomy":"product_brand","embeddable":true,"href":"https:\/\/www.billigtrikotde.com\/hr\/wp-json\/wp\/v2\/product_brand?post=1401"},{"taxonomy":"product_cat","embeddable":true,"href":"https:\/\/www.billigtrikotde.com\/hr\/wp-json\/wp\/v2\/product_cat?post=1401"},{"taxonomy":"product_tag","embeddable":true,"href":"https:\/\/www.billigtrikotde.com\/hr\/wp-json\/wp\/v2\/product_tag?post=1401"}],"curies":[{"name":"wp","href":"https:\/\/api.w.org\/{rel}","templated":true}]}}