{"id":13877,"date":"2024-10-24T06:26:56","date_gmt":"2024-10-24T04:26:56","guid":{"rendered":"http:\/\/billigtrikots.com\/?post_type=product&#038;p=13877"},"modified":"2024-10-24T06:29:38","modified_gmt":"2024-10-24T04:29:38","slug":"manchester-united-heimtrikot-2023-24-kurzarm-bestellen-mit-aufdruck-casemiro-18","status":"publish","type":"product","link":"https:\/\/www.billigtrikotde.com\/hr\/manchester-united-heimtrikot-2023-24-kurzarm-bestellen-mit-aufdruck-casemiro-18\/","title":{"rendered":"Naru\u010di doma\u0107u majicu Manchester United 2023-24 s natpisom Casemiro 18"},"content":{"rendered":"<p>Manchester United 2023-2024 dres kombinira klasi\u010dnu crvenu glavnu boju s crnom za logotipe i Tre trake te bijele detalje. Ovo je prvi put od sezone 2019-2020 da se crna koristi kao sekundarna boja. Slu\u017ebeno se crvena boja zove \u201eTeam Collage Red\u201c.<\/p>\n<p>\u0160to se ti\u010de dizajna, dres 2023-24 Manchester Uniteda inspiriran je industrijskim naslije\u0111em grada. Dres prikazuje ponavljaju\u0107i uzorak koji kombinira Lancashire ru\u017eu u geometrijskom uzorku, inspiriranom mostom Trafford Road, izgra\u0111enim u vrijeme industrijske revolucije.<\/p>\n<p>Savjeti za ispis: Ako ime i broj na slici to\u010dno odgovaraju va\u0161im \u017eeljama, ne morate ih ponovno unositi. Ako ne, unesite \u017eeljeno ime i broj.<\/p>\n<p>Savjeti za pranje: Preporu\u010duje se ru\u010dno pranje nogometnih dresova. Ako \u017eelite koristiti perilicu, sjetite se okrenuti dresove naopako prije pranja. Napunite perilicu hladnom vodom i koristite program za osjetljive tkanine kako biste bolje za\u0161titili boje.<\/p>","protected":false},"excerpt":{"rendered":"<p>Das Manchester United 2023-2024 Trikot kombiniert eine klassische rote Hauptfarbe mit Schwarz f\u00fcr Logos und die Drei Streifen sowie wei\u00dfen Details. Es ist das erste Mal seit der Saison 2019-2020, dass Schwarz als Sekund\u00e4rfarbe verwendet. Offiziell wird die rote Farbe &#8222;Team Collage Red&#8220; genannt. Was das Design angeht, so ist das Trikot 2023-24 von Manchester [&hellip;]<\/p>","protected":false},"featured_media":13917,"comment_status":"open","ping_status":"closed","template":"","meta":[],"product_brand":[],"product_cat":[50],"product_tag":[20,668,669,670,671,21,22,23,24,672,673],"class_list":{"0":"post-13877","1":"product","2":"type-product","3":"status-publish","4":"has-post-thumbnail","6":"product_cat-manchester-united","7":"product_tag-coole-fussballtrikots","8":"product_tag-casemiro-babykleidung","9":"product_tag-casemiro-fussballtrikot","10":"product_tag-casemiro-kleidung-kinder","11":"product_tag-casemiro-trikot-fuer-kinder","12":"product_tag-fussballtrikot-fuer-herren","13":"product_tag-fussballtrikot-guenstig-kaufen","14":"product_tag-fussballtrikot-kurzarm","15":"product_tag-guenstiges-fussballtrikot","16":"product_tag-manchester-united-fussballtrikot","17":"product_tag-manchester-united-trikot","19":"first","20":"instock","21":"shipping-taxable","22":"purchasable","23":"product-type-variable"},"_links":{"self":[{"href":"https:\/\/www.billigtrikotde.com\/hr\/wp-json\/wp\/v2\/product\/13877","targetHints":{"allow":["GET"]}}],"collection":[{"href":"https:\/\/www.billigtrikotde.com\/hr\/wp-json\/wp\/v2\/product"}],"about":[{"href":"https:\/\/www.billigtrikotde.com\/hr\/wp-json\/wp\/v2\/types\/product"}],"replies":[{"embeddable":true,"href":"https:\/\/www.billigtrikotde.com\/hr\/wp-json\/wp\/v2\/comments?post=13877"}],"wp:featuredmedia":[{"embeddable":true,"href":"https:\/\/www.billigtrikotde.com\/hr\/wp-json\/wp\/v2\/media\/13917"}],"wp:attachment":[{"href":"https:\/\/www.billigtrikotde.com\/hr\/wp-json\/wp\/v2\/media?parent=13877"}],"wp:term":[{"taxonomy":"product_brand","embeddable":true,"href":"https:\/\/www.billigtrikotde.com\/hr\/wp-json\/wp\/v2\/product_brand?post=13877"},{"taxonomy":"product_cat","embeddable":true,"href":"https:\/\/www.billigtrikotde.com\/hr\/wp-json\/wp\/v2\/product_cat?post=13877"},{"taxonomy":"product_tag","embeddable":true,"href":"https:\/\/www.billigtrikotde.com\/hr\/wp-json\/wp\/v2\/product_tag?post=13877"}],"curies":[{"name":"wp","href":"https:\/\/api.w.org\/{rel}","templated":true}]}}