{"id":13859,"date":"2024-10-24T06:25:53","date_gmt":"2024-10-24T04:25:53","guid":{"rendered":"http:\/\/billigtrikots.com\/?post_type=product&#038;p=13859"},"modified":"2024-10-24T06:28:30","modified_gmt":"2024-10-24T04:28:30","slug":"kinder-liverpool-2023-24-auswaertstrikot-fussballtrikots-set-mohamed-salah-11","status":"publish","type":"product","link":"https:\/\/www.billigtrikotde.com\/hr\/kinder-liverpool-2023-24-auswaertstrikot-fussballtrikots-set-mohamed-salah-11\/","title":{"rendered":"Dje\u010dji Liverpool 2023-24 gostuju\u0107i dres komplet nogometnih dresova Mohamed Salah 11"},"content":{"rendered":"<p>Nike Liverpool Football Club 2023-24 gostuju\u0107i dres kombinira bijelu i zelenu boju s crnim logotipima. Slu\u017ebeno se boje nazivaju \u201eBijela \/ Zelena iskra \/ Crna\u201c. Ono \u0161to \u010dini Liverpool 23-24 gostuju\u0107i dres jedinstvenim jest dizajn. Nike Liverpool 23-24 gostuju\u0107i dres ima uzorak sli\u010dan 90-ima u bijeloj i raznim zelenim nijansama.<\/p>\n<p>Savjeti za ispis: Ako ime i broj na slici to\u010dno odgovaraju va\u0161im \u017eeljama, ne morate ih ponovno unositi. Ako ne, unesite \u017eeljeno ime i broj.<\/p>\n<p>Savjeti za pranje: Preporu\u010duje se ru\u010dno pranje nogometnih dresova. Ako \u017eelite koristiti perilicu, sjetite se okrenuti dresove naopako prije pranja. Napunite perilicu hladnom vodom i koristite program za osjetljive tkanine kako biste bolje za\u0161titili boje.<\/p>","protected":false},"excerpt":{"rendered":"<p>Nike Liverpool Football Club 2023-24 gostuju\u0107i dres kombinira bijelu i zelenu s crnim logotipima. Slu\u017ebeno, boje su \u201eBijela \/ Zelena iskra \/ Crna\u201c. Ono \u0161to \u010dini Liverpool 23-24 gostuju\u0107i dres jedinstvenim jest dizajn. Nike Liverpool 23-24 gostuju\u0107i dres ima uzorak sli\u010dan 90-ima u bijeloj i raznim zelenim nijansama. Savjeti za tiskanje: Ako \u017eelite tiskati ime i broj na dresu, preporu\u010dujemo kori\u0161tenje visokokvalitetnih materijala i odgovaraju\u0107e opreme za tiskanje.<\/p>","protected":false},"featured_media":13901,"comment_status":"open","ping_status":"closed","template":"","meta":[],"product_brand":[],"product_cat":[151],"product_tag":[20,574,21,24,94,665,277,153,154],"class_list":{"0":"post-13859","1":"product","2":"type-product","3":"status-publish","4":"has-post-thumbnail","6":"product_cat-liverpool-kindertrikot","7":"product_tag-coole-fussballtrikots","8":"product_tag-fussballtrikot-deutschland","9":"product_tag-fussballtrikot-fuer-herren","10":"product_tag-guenstiges-fussballtrikot","11":"product_tag-kinder-fussball-trikotsatz","12":"product_tag-liverpool-23-24-auswaertstrikot","13":"product_tag-liverpool-kinder-trikot-set","14":"product_tag-liverpool-trikots","15":"product_tag-liverpool-trikotsatz-fuer-kinder","17":"first","18":"instock","19":"shipping-taxable","20":"purchasable","21":"product-type-variable"},"_links":{"self":[{"href":"https:\/\/www.billigtrikotde.com\/hr\/wp-json\/wp\/v2\/product\/13859","targetHints":{"allow":["GET"]}}],"collection":[{"href":"https:\/\/www.billigtrikotde.com\/hr\/wp-json\/wp\/v2\/product"}],"about":[{"href":"https:\/\/www.billigtrikotde.com\/hr\/wp-json\/wp\/v2\/types\/product"}],"replies":[{"embeddable":true,"href":"https:\/\/www.billigtrikotde.com\/hr\/wp-json\/wp\/v2\/comments?post=13859"}],"wp:featuredmedia":[{"embeddable":true,"href":"https:\/\/www.billigtrikotde.com\/hr\/wp-json\/wp\/v2\/media\/13901"}],"wp:attachment":[{"href":"https:\/\/www.billigtrikotde.com\/hr\/wp-json\/wp\/v2\/media?parent=13859"}],"wp:term":[{"taxonomy":"product_brand","embeddable":true,"href":"https:\/\/www.billigtrikotde.com\/hr\/wp-json\/wp\/v2\/product_brand?post=13859"},{"taxonomy":"product_cat","embeddable":true,"href":"https:\/\/www.billigtrikotde.com\/hr\/wp-json\/wp\/v2\/product_cat?post=13859"},{"taxonomy":"product_tag","embeddable":true,"href":"https:\/\/www.billigtrikotde.com\/hr\/wp-json\/wp\/v2\/product_tag?post=13859"}],"curies":[{"name":"wp","href":"https:\/\/api.w.org\/{rel}","templated":true}]}}