{"id":13848,"date":"2024-10-24T06:25:20","date_gmt":"2024-10-24T04:25:20","guid":{"rendered":"http:\/\/billigtrikots.com\/?post_type=product&#038;p=13848"},"modified":"2024-10-24T06:27:55","modified_gmt":"2024-10-24T04:27:55","slug":"herren-fussballtrikots-bayern-muenchen-23-24-auswaertstrikot-kurzarm-kurze-hosen","status":"publish","type":"product","link":"https:\/\/www.billigtrikotde.com\/hr\/herren-fussballtrikots-bayern-muenchen-23-24-auswaertstrikot-kurzarm-kurze-hosen\/","title":{"rendered":"Mu\u0161ki nogometni dres Bayern M\u00fcnchen 23-24 gostuju\u0107i dres kratkih rukava + kratke hla\u010de"},"content":{"rendered":"<p>Sommert\u00f6r Bayern M\u00fcnchen Audi 2023 dio je napora Bavarskih koji \u017eele kontaktirati navija\u010de diljem svijeta i pro\u0161iriti njihovu navija\u010dku bazu u Aziji. Bayern \u0107e u Tokiju odigrati dvije utakmice, jednu protiv Manchester Cityja i jednu protiv jo\u0161 ne najavljenog protivnika.<\/p>\n<p>Gosti dres Adidas Bayern M\u00fcnchen 23-24 ima neobi\u010dnu kombinaciju boja za bavarsku mom\u010dad \u2013 kombinira crnu osnovnu boju s zelenom i ljubi\u010dastom. Tri pruge su ljubi\u010daste, dok su logotipi na prednjoj strani svijetlozelene. I imena i brojevi su ljubi\u010dasti. Moderan uzorak u ljubi\u010dastoj i zelenoj boji, koji se temelji na tradicionalnim \u0161ahovnicama kluba, zaokru\u017euje moderan izgled.<\/p>\n<p>Savjeti za ispis: Ako ime i broj na slici to\u010dno odgovaraju va\u0161im \u017eeljama, ne morate ih ponovno unositi. Ako ne, unesite \u017eeljeno ime i broj.<\/p>\n<p>Savjeti za pranje: Preporu\u010duje se ru\u010dno pranje nogometnih dresova. Ako \u017eelite koristiti perilicu, sjetite se okrenuti dresove naopako prije pranja. Napunite perilicu hladnom vodom i koristite program za osjetljive tkanine kako biste bolje za\u0161titili boje.<\/p>","protected":false},"excerpt":{"rendered":"<p>Die Bayern M\u00fcnchen Audi 2023 Sommertour ist Teil der Bem\u00fchungen der Bayern, mit den Fans auf der ganzen Welt in Kontakt zu treten und ihre Fangemeinde in Asien zu vergr\u00f6\u00dfern. Die Bayern werden in Tokio zwei Spiele bestreiten, eines gegen Manchester City und eines gegen einen noch nicht angek\u00fcndigten Gegner. Das Adidas Bayern M\u00fcnchen 23-24 [&hellip;]<\/p>","protected":false},"featured_media":13889,"comment_status":"open","ping_status":"closed","template":"","meta":[],"product_brand":[],"product_cat":[175],"product_tag":[137,604,605,20,574,21,23,24],"class_list":{"0":"post-13848","1":"product","2":"type-product","3":"status-publish","4":"has-post-thumbnail","6":"product_cat-bayern-munich","7":"product_tag-bayern-muenchen-trikots","8":"product_tag-bayern-munich-fussballtrikot","9":"product_tag-bayern-munich-trikot","10":"product_tag-coole-fussballtrikots","11":"product_tag-fussballtrikot-deutschland","12":"product_tag-fussballtrikot-fuer-herren","13":"product_tag-fussballtrikot-kurzarm","14":"product_tag-guenstiges-fussballtrikot","16":"first","17":"instock","18":"shipping-taxable","19":"purchasable","20":"product-type-variable"},"_links":{"self":[{"href":"https:\/\/www.billigtrikotde.com\/hr\/wp-json\/wp\/v2\/product\/13848","targetHints":{"allow":["GET"]}}],"collection":[{"href":"https:\/\/www.billigtrikotde.com\/hr\/wp-json\/wp\/v2\/product"}],"about":[{"href":"https:\/\/www.billigtrikotde.com\/hr\/wp-json\/wp\/v2\/types\/product"}],"replies":[{"embeddable":true,"href":"https:\/\/www.billigtrikotde.com\/hr\/wp-json\/wp\/v2\/comments?post=13848"}],"wp:featuredmedia":[{"embeddable":true,"href":"https:\/\/www.billigtrikotde.com\/hr\/wp-json\/wp\/v2\/media\/13889"}],"wp:attachment":[{"href":"https:\/\/www.billigtrikotde.com\/hr\/wp-json\/wp\/v2\/media?parent=13848"}],"wp:term":[{"taxonomy":"product_brand","embeddable":true,"href":"https:\/\/www.billigtrikotde.com\/hr\/wp-json\/wp\/v2\/product_brand?post=13848"},{"taxonomy":"product_cat","embeddable":true,"href":"https:\/\/www.billigtrikotde.com\/hr\/wp-json\/wp\/v2\/product_cat?post=13848"},{"taxonomy":"product_tag","embeddable":true,"href":"https:\/\/www.billigtrikotde.com\/hr\/wp-json\/wp\/v2\/product_tag?post=13848"}],"curies":[{"name":"wp","href":"https:\/\/api.w.org\/{rel}","templated":true}]}}