{"id":13779,"date":"2024-10-24T06:21:20","date_gmt":"2024-10-24T04:21:20","guid":{"rendered":"http:\/\/billigtrikots.com\/?post_type=product&#038;p=13779"},"modified":"2024-10-24T06:24:11","modified_gmt":"2024-10-24T04:24:11","slug":"kinder-guenstig-fussballtrikots-manchester-united-23-24-trikot-personalisierbar","status":"publish","type":"product","link":"https:\/\/www.billigtrikotde.com\/hr\/kinder-guenstig-fussballtrikots-manchester-united-23-24-trikot-personalisierbar\/","title":{"rendered":"Dje\u010dji povoljni nogometni dresovi Manchester United 23-24 personalizirani"},"content":{"rendered":"<p>Man United 2023-2024 dres kombinira klasi\u010dnu crvenu osnovnu boju s crnom za logotipe i tri pruge te bijele detalje. To je prvi put od sezone 2019-2020. da se crna boja koristi kao sekundarna boja. Slu\u017ebeno se crvena boja naziva \u201eTeam Collage Red\u201c. Glavni sponzor, imena i brojevi te logotipi sponzora na rukavima od DXC Technology su bijeli. Logotip sponzora TeamViewer je a\u017euriran u odnosu na prije.<br \/>\n\u0160to se ti\u010de dizajna, dres Manchester Uniteda za 2023-24. inspiriran je industrijskim naslije\u0111em Manchestera. Dres prikazuje ponavljaju\u0107i uzorak koji kombinira Lancashire ru\u017eu u geometrijskom uzorku, inspiriranom mostom Trafford Road, koji je izgra\u0111en tijekom industrijske revolucije. Lancashire ru\u017ea je heraldi\u010dki simbol koji predstavlja povijesnu \u017eupaniju Lancashire na sjeverozapadu Engleske. To je crvena ru\u017ea s zlatnim sredi\u0161tem i koristi se kao simbol za \u017eupaniju ve\u0107 stolje\u0107ima. Lancashire ru\u017ea se i danas koristi u raznim oblicima, npr. na zastavi \u017eupanije i na oznakama kriket i ragbi timova Lancashirea.<\/p>\n<p>Savjeti za ispis: Ako ime i broj na slici to\u010dno odgovaraju va\u0161im \u017eeljama, ne morate ih ponovno unositi. Ako ne, unesite \u017eeljeno ime i broj.<\/p>\n<p>Savjeti za pranje: Preporu\u010duje se ru\u010dno pranje nogometnih dresova. Ako \u017eelite koristiti perilicu, sjetite se okrenuti dresove naopako prije pranja. Napunite perilicu hladnom vodom i koristite program za osjetljive tkanine kako biste bolje za\u0161titili boje.<\/p>","protected":false},"excerpt":{"rendered":"<p>Das Man United 2023-2024 Trikot kombiniert eine klassische rote Hauptfarbe mit Schwarz f\u00fcr Logos und die Drei Streifen sowie wei\u00dfen Details. Es ist das erste Mal seit der Saison 2019-2020, dass Schwarz als Sekund\u00e4rfarbe verwendet. Offiziell wird die rote Farbe &#8222;Team Collage Red&#8220; genannt.Der Hauptsponsor, die Namen und Nummern sowie die Logos der \u00c4rmelsponsoren von [&hellip;]<\/p>","protected":false},"featured_media":13827,"comment_status":"open","ping_status":"closed","template":"","meta":[],"product_brand":[],"product_cat":[140],"product_tag":[20,574,21,22,664,228,24,141,52,142],"class_list":{"0":"post-13779","1":"product","2":"type-product","3":"status-publish","4":"has-post-thumbnail","6":"product_cat-manchester-united-kindertrikot","7":"product_tag-coole-fussballtrikots","8":"product_tag-fussballtrikot-deutschland","9":"product_tag-fussballtrikot-fuer-herren","10":"product_tag-fussballtrikot-guenstig-kaufen","11":"product_tag-fussballtrikot-trikotsatz","12":"product_tag-guenstige-fussballtrikot","13":"product_tag-guenstiges-fussballtrikot","14":"product_tag-manchester-united-heimtrikot","15":"product_tag-manchester-united-trikots","16":"product_tag-manchester-united-trikotsatz-fuer-kinder","18":"first","19":"instock","20":"shipping-taxable","21":"purchasable","22":"product-type-variable"},"_links":{"self":[{"href":"https:\/\/www.billigtrikotde.com\/hr\/wp-json\/wp\/v2\/product\/13779","targetHints":{"allow":["GET"]}}],"collection":[{"href":"https:\/\/www.billigtrikotde.com\/hr\/wp-json\/wp\/v2\/product"}],"about":[{"href":"https:\/\/www.billigtrikotde.com\/hr\/wp-json\/wp\/v2\/types\/product"}],"replies":[{"embeddable":true,"href":"https:\/\/www.billigtrikotde.com\/hr\/wp-json\/wp\/v2\/comments?post=13779"}],"wp:featuredmedia":[{"embeddable":true,"href":"https:\/\/www.billigtrikotde.com\/hr\/wp-json\/wp\/v2\/media\/13827"}],"wp:attachment":[{"href":"https:\/\/www.billigtrikotde.com\/hr\/wp-json\/wp\/v2\/media?parent=13779"}],"wp:term":[{"taxonomy":"product_brand","embeddable":true,"href":"https:\/\/www.billigtrikotde.com\/hr\/wp-json\/wp\/v2\/product_brand?post=13779"},{"taxonomy":"product_cat","embeddable":true,"href":"https:\/\/www.billigtrikotde.com\/hr\/wp-json\/wp\/v2\/product_cat?post=13779"},{"taxonomy":"product_tag","embeddable":true,"href":"https:\/\/www.billigtrikotde.com\/hr\/wp-json\/wp\/v2\/product_tag?post=13779"}],"curies":[{"name":"wp","href":"https:\/\/api.w.org\/{rel}","templated":true}]}}