{"id":13660,"date":"2024-10-24T06:14:25","date_gmt":"2024-10-24T04:14:25","guid":{"rendered":"http:\/\/billigtrikots.com\/?post_type=product&#038;p=13660"},"modified":"2024-10-24T06:17:35","modified_gmt":"2024-10-24T04:17:35","slug":"kinderheim-trikot-fc-barcelona-23-24-trikot-kurzarm-kurze-hosen-lewandowski-9","status":"publish","type":"product","link":"https:\/\/www.billigtrikotde.com\/hr\/kinderheim-trikot-fc-barcelona-23-24-trikot-kurzarm-kurze-hosen-lewandowski-9\/","title":{"rendered":"Dje\u010dji doma\u0107i dres FC Barcelona 23-24 dres kratkih rukava + kratke hla\u010de LEWANDOWSKI 9"},"content":{"rendered":"<p>Nakon mnogih curenja, dres Barcelone 2023-2024 kona\u010dno je otkriven. Pruge imaju uzorak na kvadrate na rubovima, a logo ima skriveni blistavi dijamant \u2013 oboje je hommage \u017eenskom timu.<\/p>\n<p>Dres FC Barcelona 2023-2024 vra\u0107a se na najklasi\u010dniji dizajn dresa kluba, predstavljen 1912. godine i kori\u0161ten u gotovo svim stilovima do 1990-ih godina. Nike FC Barcelona 23-24 dres ima dvije \u0161iroke crvene pruge na prednjoj strani. Rukavi su crveni. Jedinstveno je \u0161to klasi\u010dne pruge dresa na rubovima imaju uzorak na kvadrate. To je inspirirano starim kvadratnim logom sada\u0161njeg \u017eenskog sastava Barcelone.<\/p>\n<p>Savjeti za ispis: Ako ime i broj na slici to\u010dno odgovaraju va\u0161im \u017eeljama, ne morate ih ponovno unositi. Ako ne, unesite \u017eeljeno ime i broj.<\/p>\n<p>Savjeti za pranje: Preporu\u010duje se ru\u010dno pranje nogometnih dresova. Ako \u017eelite koristiti perilicu, sjetite se okrenuti dresove naopako prije pranja. Napunite perilicu hladnom vodom i koristite program za osjetljive tkanine kako biste bolje za\u0161titili boje.<\/p>","protected":false},"excerpt":{"rendered":"<p>Nach vielen Leaks wurde das Barcelona Trikot 2023-2024 endlich enth\u00fcllt. Die Streifen haben ein Rautenmuster an den R\u00e4ndern und das Logo hat einen versteckten schimmernden Diamanten \u2013 beides ist eine Hommage an das Frauenteam. Das FC Barcelona 2023-2024 Trikot kehrt zum klassischsten Trikotdesign des Vereins zur\u00fcck, das 1912 vorgestellt und bis in die 1990er Jahre [\u2026]<\/p>","protected":false},"featured_media":13699,"comment_status":"open","ping_status":"closed","template":"","meta":[],"product_brand":[],"product_cat":[146],"product_tag":[147,20,460,33,574,21,22,24,94],"class_list":{"0":"post-13660","1":"product","2":"type-product","3":"status-publish","4":"has-post-thumbnail","6":"product_cat-barcelona-kindertrikot","7":"product_tag-barcelona-trikotsatz-fuer-kinder","8":"product_tag-coole-fussballtrikots","9":"product_tag-deutschland-fussballtrikots","10":"product_tag-fc-barcelona-trikots","11":"product_tag-fussballtrikot-deutschland","12":"product_tag-fussballtrikot-fuer-herren","13":"product_tag-fussballtrikot-guenstig-kaufen","14":"product_tag-guenstiges-fussballtrikot","15":"product_tag-kinder-fussball-trikotsatz","17":"first","18":"instock","19":"shipping-taxable","20":"purchasable","21":"product-type-variable"},"_links":{"self":[{"href":"https:\/\/www.billigtrikotde.com\/hr\/wp-json\/wp\/v2\/product\/13660","targetHints":{"allow":["GET"]}}],"collection":[{"href":"https:\/\/www.billigtrikotde.com\/hr\/wp-json\/wp\/v2\/product"}],"about":[{"href":"https:\/\/www.billigtrikotde.com\/hr\/wp-json\/wp\/v2\/types\/product"}],"replies":[{"embeddable":true,"href":"https:\/\/www.billigtrikotde.com\/hr\/wp-json\/wp\/v2\/comments?post=13660"}],"wp:featuredmedia":[{"embeddable":true,"href":"https:\/\/www.billigtrikotde.com\/hr\/wp-json\/wp\/v2\/media\/13699"}],"wp:attachment":[{"href":"https:\/\/www.billigtrikotde.com\/hr\/wp-json\/wp\/v2\/media?parent=13660"}],"wp:term":[{"taxonomy":"product_brand","embeddable":true,"href":"https:\/\/www.billigtrikotde.com\/hr\/wp-json\/wp\/v2\/product_brand?post=13660"},{"taxonomy":"product_cat","embeddable":true,"href":"https:\/\/www.billigtrikotde.com\/hr\/wp-json\/wp\/v2\/product_cat?post=13660"},{"taxonomy":"product_tag","embeddable":true,"href":"https:\/\/www.billigtrikotde.com\/hr\/wp-json\/wp\/v2\/product_tag?post=13660"}],"curies":[{"name":"wp","href":"https:\/\/api.w.org\/{rel}","templated":true}]}}