{"id":13621,"date":"2024-10-24T06:12:12","date_gmt":"2024-10-24T04:12:12","guid":{"rendered":"http:\/\/billigtrikots.com\/?post_type=product&#038;p=13621"},"modified":"2024-10-24T06:14:49","modified_gmt":"2024-10-24T04:14:49","slug":"paris-saint-germain-psg-23-24-heimtrikot-trikotsatz-fuer-herren-donnarumma-99","status":"publish","type":"product","link":"https:\/\/www.billigtrikotde.com\/hr\/paris-saint-germain-psg-23-24-heimtrikot-trikotsatz-fuer-herren-donnarumma-99\/","title":{"rendered":"Paris Saint-Germain PSG 23-24 ku\u0107ni dres komplet za mu\u0161karce DONNARUMMA 99"},"content":{"rendered":"<p>Nike PSG 2023-24 majica je tamnoplava s crvenom prugom s lijeve strane koja blijedi prema donjem dijelu majice. S lijeve i desne strane crvene majice nalazi se tako\u0111er bijela pruga, inspirirana klasi\u010dnim Hechter dizajnom mom\u010dadi. Dizajn koji blijedi inspiriran je na\u010dinom na koji blijedi pari\u0161ki horizont u no\u0107nom nebu. Zanimljivo je da je Swoosh crven, a ne bijel. Sve ostale logotipe sponzora su bijeli.<\/p>\n<p>Savjeti za ispis: Ako ime i broj na slici to\u010dno odgovaraju va\u0161im \u017eeljama, ne morate ih ponovno unositi. Ako ne, unesite \u017eeljeno ime i broj.<\/p>\n<p>Savjeti za pranje: Preporu\u010duje se ru\u010dno pranje nogometnih dresova. Ako \u017eelite koristiti perilicu, sjetite se okrenuti dresove naopako prije pranja. Napunite perilicu hladnom vodom i koristite program za osjetljive tkanine kako biste bolje za\u0161titili boje.<\/p>","protected":false},"excerpt":{"rendered":"<p>Nike PSG 2023-24 majica je tamnoplava s crvenom prugom na lijevoj strani koja blijedi prema donjem dijelu majice. S lijeve i desne strane crvene majice nalazi se tako\u0111er bijela pruga, inspirirana klasi\u010dnim Hechter dizajnom mom\u010dadi. Taj blijedi dizajn inspiriran je na\u010dinom na koji blijedi parijski horizont u no\u0107nom nebu. [...]<\/p>","protected":false},"featured_media":13662,"comment_status":"open","ping_status":"closed","template":"","meta":[],"product_brand":[],"product_cat":[39],"product_tag":[20,535,43,574,21,22,24,484,485,41,575],"class_list":{"0":"post-13621","1":"product","2":"type-product","3":"status-publish","4":"has-post-thumbnail","6":"product_cat-paris-saint-germain","7":"product_tag-coole-fussballtrikots","8":"product_tag-deutschland-trikot","9":"product_tag-fussballkleidung","10":"product_tag-fussballtrikot-deutschland","11":"product_tag-fussballtrikot-fuer-herren","12":"product_tag-fussballtrikot-guenstig-kaufen","13":"product_tag-guenstiges-fussballtrikot","14":"product_tag-paris-saint-germain-psg-fussballtrikot","15":"product_tag-paris-saint-germain-psg-trikot","16":"product_tag-paris-saint-germain-trikots","17":"product_tag-psg-23-24-trikot","19":"first","20":"instock","21":"shipping-taxable","22":"purchasable","23":"product-type-variable"},"_links":{"self":[{"href":"https:\/\/www.billigtrikotde.com\/hr\/wp-json\/wp\/v2\/product\/13621","targetHints":{"allow":["GET"]}}],"collection":[{"href":"https:\/\/www.billigtrikotde.com\/hr\/wp-json\/wp\/v2\/product"}],"about":[{"href":"https:\/\/www.billigtrikotde.com\/hr\/wp-json\/wp\/v2\/types\/product"}],"replies":[{"embeddable":true,"href":"https:\/\/www.billigtrikotde.com\/hr\/wp-json\/wp\/v2\/comments?post=13621"}],"wp:featuredmedia":[{"embeddable":true,"href":"https:\/\/www.billigtrikotde.com\/hr\/wp-json\/wp\/v2\/media\/13662"}],"wp:attachment":[{"href":"https:\/\/www.billigtrikotde.com\/hr\/wp-json\/wp\/v2\/media?parent=13621"}],"wp:term":[{"taxonomy":"product_brand","embeddable":true,"href":"https:\/\/www.billigtrikotde.com\/hr\/wp-json\/wp\/v2\/product_brand?post=13621"},{"taxonomy":"product_cat","embeddable":true,"href":"https:\/\/www.billigtrikotde.com\/hr\/wp-json\/wp\/v2\/product_cat?post=13621"},{"taxonomy":"product_tag","embeddable":true,"href":"https:\/\/www.billigtrikotde.com\/hr\/wp-json\/wp\/v2\/product_tag?post=13621"}],"curies":[{"name":"wp","href":"https:\/\/api.w.org\/{rel}","templated":true}]}}