{"id":13380,"date":"2024-10-24T05:59:52","date_gmt":"2024-10-24T03:59:52","guid":{"rendered":"http:\/\/billigtrikots.com\/?post_type=product&#038;p=13380"},"modified":"2024-10-24T06:02:41","modified_gmt":"2024-10-24T04:02:41","slug":"kinder-fussballtrikots-fc-arsenal-heimtrikot-trikotsatz-kurzarm-kurze-hosen-thomas-partey-5","status":"publish","type":"product","link":"https:\/\/www.billigtrikotde.com\/hr\/kinder-fussballtrikots-fc-arsenal-heimtrikot-trikotsatz-kurzarm-kurze-hosen-thomas-partey-5\/","title":{"rendered":"Dje\u010dji nogometni dres FC Arsenal doma\u0107i dres komplet kratki rukav + kratke hla\u010de Thomas Partey 5"},"content":{"rendered":"<p>Diskretan uzorak malo uzica i zlatni element uzice na stra\u017enjoj strani ispod ovratnika zaokru\u017euju izgled doma\u0107eg Arsenal 23-24 dresa. Jo\u0161 jedan cool detalj novog doma\u0107eg Arsenala je diskretan ispis na unutarnjoj strani bijelog bo\u010dnog pruga na kojem su prikazani rezultati mom\u010dadi iz 2003-04 Invincibles. Ton crvene glavne boje Arsenalovog doma\u0107eg dresa 23-24 zove se \u201eBetter Scarlet\u201c. To je malo tamnija od boje crvene prethodnih sezona.<\/p>\n<p>Savjeti za ispis: Ako ime i broj na slici to\u010dno odgovaraju va\u0161im \u017eeljama, ne morate ih ponovno unositi. Ako ne, unesite \u017eeljeno ime i broj.<\/p>\n<p>Savjeti za pranje: Preporu\u010duje se ru\u010dno pranje nogometnih dresova. Ako \u017eelite koristiti perilicu, sjetite se okrenuti dresove naopako prije pranja. Napunite perilicu hladnom vodom i koristite program za osjetljive tkanine kako biste bolje za\u0161titili boje.<\/p>","protected":false},"excerpt":{"rendered":"<p>Diskretan Zap uzorak i zlatni Zap element na stra\u017enjoj strani ispod ovratnika upotpunjuju izgled doma\u0107eg dresa Arsenala 23-24. Jo\u0161 jedan cool detalj novog doma\u0107eg dresa Arsenala je diskretni otisak na unutarnjoj strani bijelog bo\u010dnog traka, na kojem su prikazani rezultati sezone Invincibles 2003-04.<\/p>","protected":false},"featured_media":13418,"comment_status":"open","ping_status":"closed","template":"","meta":[],"product_brand":[],"product_cat":[167],"product_tag":[584,20,56,57,168,574,21,22,23,24,94,586],"class_list":{"0":"post-13380","1":"product","2":"type-product","3":"status-publish","4":"has-post-thumbnail","6":"product_cat-arsenal-kindertrikot","7":"product_tag-arsenal-2023-24-trikot","8":"product_tag-coole-fussballtrikots","9":"product_tag-fc-arsenal-heimtrikot","10":"product_tag-fc-arsenal-trikots","11":"product_tag-fc-arsenal-trikotsatz-fuer-kinder","12":"product_tag-fussballtrikot-deutschland","13":"product_tag-fussballtrikot-fuer-herren","14":"product_tag-fussballtrikot-guenstig-kaufen","15":"product_tag-fussballtrikot-kurzarm","16":"product_tag-guenstiges-fussballtrikot","17":"product_tag-kinder-fussball-trikotsatz","18":"product_tag-kinder-fussballtrikot","20":"first","21":"instock","22":"shipping-taxable","23":"purchasable","24":"product-type-variable"},"_links":{"self":[{"href":"https:\/\/www.billigtrikotde.com\/hr\/wp-json\/wp\/v2\/product\/13380","targetHints":{"allow":["GET"]}}],"collection":[{"href":"https:\/\/www.billigtrikotde.com\/hr\/wp-json\/wp\/v2\/product"}],"about":[{"href":"https:\/\/www.billigtrikotde.com\/hr\/wp-json\/wp\/v2\/types\/product"}],"replies":[{"embeddable":true,"href":"https:\/\/www.billigtrikotde.com\/hr\/wp-json\/wp\/v2\/comments?post=13380"}],"wp:featuredmedia":[{"embeddable":true,"href":"https:\/\/www.billigtrikotde.com\/hr\/wp-json\/wp\/v2\/media\/13418"}],"wp:attachment":[{"href":"https:\/\/www.billigtrikotde.com\/hr\/wp-json\/wp\/v2\/media?parent=13380"}],"wp:term":[{"taxonomy":"product_brand","embeddable":true,"href":"https:\/\/www.billigtrikotde.com\/hr\/wp-json\/wp\/v2\/product_brand?post=13380"},{"taxonomy":"product_cat","embeddable":true,"href":"https:\/\/www.billigtrikotde.com\/hr\/wp-json\/wp\/v2\/product_cat?post=13380"},{"taxonomy":"product_tag","embeddable":true,"href":"https:\/\/www.billigtrikotde.com\/hr\/wp-json\/wp\/v2\/product_tag?post=13380"}],"curies":[{"name":"wp","href":"https:\/\/api.w.org\/{rel}","templated":true}]}}