{"id":1335,"date":"2024-10-23T13:25:48","date_gmt":"2024-10-23T11:25:48","guid":{"rendered":"http:\/\/billigtrikots.com\/?post_type=product&#038;p=1335"},"modified":"2024-10-23T13:27:43","modified_gmt":"2024-10-23T11:27:43","slug":"personalisierbar-trikotsatz-fc-arsenal-heimtrikot-2022-langarm-weiss-rot-martines-26","status":"publish","type":"product","link":"https:\/\/www.billigtrikotde.com\/hr\/personalisierbar-trikotsatz-fc-arsenal-heimtrikot-2022-langarm-weiss-rot-martines-26\/","title":{"rendered":"Personalizirani komplet dresova FC Arsenal doma\u0107i dres 2022 Dugi rukav bijelo\/crveni MARTINES 26"},"content":{"rendered":"<p>Arsenal i adidas \u2013 ovdje je uspjeh zagarantiran. Ovim nogometnim dresom obnavljamo klasik, s kojim je klub s juga Londona ostvario velike pobjede. Osim toga, verzija za navija\u010de izra\u0111ena je od ugodno mekanog, vlagu odvode\u0107eg materijala i ne\u0161to je \u0161ira od modela koji nose profesionalni igra\u010di na utakmicama. Poznati grb kluba na prsima \u010dini dizajn savr\u0161enim. Ova verzija je ne\u0161to \u0161ira od slu\u017ebene opreme za igra\u010de. Rippirani V-izrez. Dugih rukava s man\u017eetama. Ugodno mekan, lagan materijal. Materijal koji odvodi vlagu, Climalite. Tkanjeni grb kluba Arsenal. Ovaj dres je proizveden od recikliranog poliestera, radi o\u010duvanja resursa i smanjenja emisije \u0161tetnih tvari. Materijal: 100% poliester.<\/p>\n<p>Savjeti za ispis: Ako ime i broj na slici to\u010dno odgovaraju va\u0161im \u017eeljama, ne morate ih ponovno unositi. Ako ne, unesite \u017eeljeno ime i broj.<\/p>\n<p>Savjeti za pranje: Preporu\u010duje se ru\u010dno pranje nogometnih dresova. Ako \u017eelite koristiti perilicu, sjetite se okrenuti dresove naopako prije pranja. Napunite perilicu hladnom vodom i koristite program za osjetljive tkanine kako biste bolje za\u0161titili boje.<\/p>","protected":false},"excerpt":{"rendered":"<p>Arsenal und adidas \u2013 da ist Erfolg vorprogrammiert. Mit diesem Fu\u00dfballtrikot legen wir einen Klassiker, mit dem der Club aus dem Norden Londons gro\u00dfe Siege verbuchen konnte, neu auf. Au\u00dferdem ist die Fan-Version aus angenehm weichem, feuchtigkeitsableitendem Material und etwas weiter geschnitten als das Modell, das die Profi-Kicker an Spieltagen tragen. Das ber\u00fchmte Vereinslogo auf [&hellip;]<\/p>","protected":false},"featured_media":1373,"comment_status":"open","ping_status":"closed","template":"","meta":[],"product_brand":[],"product_cat":[55],"product_tag":[20,56,57,38,21,22,24],"class_list":{"0":"post-1335","1":"product","2":"type-product","3":"status-publish","4":"has-post-thumbnail","6":"product_cat-arsenal","7":"product_tag-coole-fussballtrikots","8":"product_tag-fc-arsenal-heimtrikot","9":"product_tag-fc-arsenal-trikots","10":"product_tag-fussball-trikot-langarm","11":"product_tag-fussballtrikot-fuer-herren","12":"product_tag-fussballtrikot-guenstig-kaufen","13":"product_tag-guenstiges-fussballtrikot","15":"first","16":"instock","17":"shipping-taxable","18":"purchasable","19":"product-type-variable"},"_links":{"self":[{"href":"https:\/\/www.billigtrikotde.com\/hr\/wp-json\/wp\/v2\/product\/1335","targetHints":{"allow":["GET"]}}],"collection":[{"href":"https:\/\/www.billigtrikotde.com\/hr\/wp-json\/wp\/v2\/product"}],"about":[{"href":"https:\/\/www.billigtrikotde.com\/hr\/wp-json\/wp\/v2\/types\/product"}],"replies":[{"embeddable":true,"href":"https:\/\/www.billigtrikotde.com\/hr\/wp-json\/wp\/v2\/comments?post=1335"}],"wp:featuredmedia":[{"embeddable":true,"href":"https:\/\/www.billigtrikotde.com\/hr\/wp-json\/wp\/v2\/media\/1373"}],"wp:attachment":[{"href":"https:\/\/www.billigtrikotde.com\/hr\/wp-json\/wp\/v2\/media?parent=1335"}],"wp:term":[{"taxonomy":"product_brand","embeddable":true,"href":"https:\/\/www.billigtrikotde.com\/hr\/wp-json\/wp\/v2\/product_brand?post=1335"},{"taxonomy":"product_cat","embeddable":true,"href":"https:\/\/www.billigtrikotde.com\/hr\/wp-json\/wp\/v2\/product_cat?post=1335"},{"taxonomy":"product_tag","embeddable":true,"href":"https:\/\/www.billigtrikotde.com\/hr\/wp-json\/wp\/v2\/product_tag?post=1335"}],"curies":[{"name":"wp","href":"https:\/\/api.w.org\/{rel}","templated":true}]}}