{"id":13123,"date":"2024-10-24T05:46:39","date_gmt":"2024-10-24T03:46:39","guid":{"rendered":"http:\/\/billigtrikots.com\/?post_type=product&#038;p=13123"},"modified":"2024-10-24T05:48:58","modified_gmt":"2024-10-24T03:48:58","slug":"kinder-inter-miami-cf-auswaertstrikot-2023-24-kurzarm-kurze-hosen-messi-10","status":"publish","type":"product","link":"https:\/\/www.billigtrikotde.com\/hr\/kinder-inter-miami-cf-auswaertstrikot-2023-24-kurzarm-kurze-hosen-messi-10\/","title":{"rendered":"Dje\u010dja Inter Miami CF gostuju\u0107a majica 2023-24 kratkih rukava + kratke hla\u010de MESSI 10"},"content":{"rendered":"<p>Adidas Miami 2023 gostuju\u0107i dres je uglavnom crn, svi ostali detalji i logotipi su isklju\u010divo u ru\u017ei\u010dastoj boji. Nakon jedne od Adidasovih predlo\u017eaka za Svjetsko prvenstvo 2022. godine, postoji ru\u017ei\u010dasti Trab koji te\u010de s obje strane i na stra\u017enjem rubu se spaja.<br \/>\nNa crnoj podlozi postavljena je zanimljiva, suptilna grafika vala koja je prekinuta ponavljaju\u0107im crnim vodoravnim crtezima. Na stra\u017enjoj strani ovratnika vide se rije\u010di \u201eFreedom to Dream\u201c. Ovaj je natpis kori\u0161ten u proteklih nekoliko godina kao moto kluba.<\/p>\n<p>Savjeti za ispis: Ako ime i broj na slici to\u010dno odgovaraju va\u0161im \u017eeljama, ne morate ih ponovno unositi. Ako ne, unesite \u017eeljeno ime i broj.<\/p>\n<p>Savjeti za pranje: Preporu\u010duje se ru\u010dno pranje nogometnih dresova. Ako \u017eelite koristiti perilicu, sjetite se okrenuti dresove naopako prije pranja. Napunite perilicu hladnom vodom i koristite program za osjetljive tkanine kako biste bolje za\u0161titili boje.<\/p>","protected":false},"excerpt":{"rendered":"<p>Gostuju\u0107i dres Inter Miami 2023 je uglavnom crne boje, svi ostali detalji i logotipi su isklju\u010divo u ru\u017ei\u010dastoj boji. Nakon jednog od predlo\u017eaka Adidasa za Svjetsko prvenstvo 2022., postoji ru\u017ei\u010dasta pruga koja prolazi s obje strane i na stra\u017enjem rubu se spaja. Na crnoj podlozi nalazi se zanimljiva, suptilna valovita grafika koja se prote\u017ee od sebe [...]<\/p>","protected":false},"featured_media":13164,"comment_status":"open","ping_status":"closed","template":"","meta":[],"product_brand":[],"product_cat":[569],"product_tag":[20,548,21,22,23,24,562,558,570,571,561],"class_list":{"0":"post-13123","1":"product","2":"type-product","3":"status-publish","4":"has-post-thumbnail","6":"product_cat-inter-miami-kindertrikot","7":"product_tag-coole-fussballtrikots","8":"product_tag-fussball-trikot-frauen","9":"product_tag-fussballtrikot-fuer-herren","10":"product_tag-fussballtrikot-guenstig-kaufen","11":"product_tag-fussballtrikot-kurzarm","12":"product_tag-guenstiges-fussballtrikot","13":"product_tag-inter-miami-2023-auswaertstrikot","14":"product_tag-inter-miami-2023-heimtrikot","15":"product_tag-inter-miami-cf-fussballtrikots-kinder","16":"product_tag-inter-miami-trikot-fuer-kinder","17":"product_tag-trikot-2023-24","19":"first","20":"instock","21":"shipping-taxable","22":"purchasable","23":"product-type-variable"},"_links":{"self":[{"href":"https:\/\/www.billigtrikotde.com\/hr\/wp-json\/wp\/v2\/product\/13123","targetHints":{"allow":["GET"]}}],"collection":[{"href":"https:\/\/www.billigtrikotde.com\/hr\/wp-json\/wp\/v2\/product"}],"about":[{"href":"https:\/\/www.billigtrikotde.com\/hr\/wp-json\/wp\/v2\/types\/product"}],"replies":[{"embeddable":true,"href":"https:\/\/www.billigtrikotde.com\/hr\/wp-json\/wp\/v2\/comments?post=13123"}],"wp:featuredmedia":[{"embeddable":true,"href":"https:\/\/www.billigtrikotde.com\/hr\/wp-json\/wp\/v2\/media\/13164"}],"wp:attachment":[{"href":"https:\/\/www.billigtrikotde.com\/hr\/wp-json\/wp\/v2\/media?parent=13123"}],"wp:term":[{"taxonomy":"product_brand","embeddable":true,"href":"https:\/\/www.billigtrikotde.com\/hr\/wp-json\/wp\/v2\/product_brand?post=13123"},{"taxonomy":"product_cat","embeddable":true,"href":"https:\/\/www.billigtrikotde.com\/hr\/wp-json\/wp\/v2\/product_cat?post=13123"},{"taxonomy":"product_tag","embeddable":true,"href":"https:\/\/www.billigtrikotde.com\/hr\/wp-json\/wp\/v2\/product_tag?post=13123"}],"curies":[{"name":"wp","href":"https:\/\/api.w.org\/{rel}","templated":true}]}}