{"id":1309,"date":"2024-10-23T13:24:44","date_gmt":"2024-10-23T11:24:44","guid":{"rendered":"http:\/\/billigtrikots.com\/?post_type=product&#038;p=1309"},"modified":"2024-10-23T13:26:40","modified_gmt":"2024-10-23T11:26:40","slug":"personalisierbar-trikotsatz-fc-arsenal-heimtrikot-2022-langarm-weiss-rot-gabriel-5","status":"publish","type":"product","link":"https:\/\/www.billigtrikotde.com\/hr\/personalisierbar-trikotsatz-fc-arsenal-heimtrikot-2022-langarm-weiss-rot-gabriel-5\/","title":{"rendered":"Personalizirani komplet dresova FC Arsenal doma\u0107i dres 2022 Dugi rukav bijelo\/crveni GABRIEL 5"},"content":{"rendered":"<p>Bijeli umetci i mornarsko plavi detalji podsje\u0107aju na razdoblje kada je Arsenal s svojom snagom mogao istaknuti izvanrednu uspje\u0161nu povijest. Adidas dugi rukav nogometni dres razvijen je kako bi pru\u017eio maksimalnu udobnost navija\u010dima kluba. Izra\u0111en je od mekanog materijala i opremljen je tehnologijom za odvodnju znoja AEROREADY. Ovaj proizvod proizveden je s Primegreenom, serijom visokou\u010dinkovitih recikliranih materijala.<\/p>\n<p>Savjeti za ispis: Ako ime i broj na slici to\u010dno odgovaraju va\u0161im \u017eeljama, ne morate ih ponovno unositi. Ako ne, unesite \u017eeljeno ime i broj.<\/p>\n<p>Savjeti za pranje: Preporu\u010duje se ru\u010dno pranje nogometnih dresova. Ako \u017eelite koristiti perilicu, sjetite se okrenuti dresove naopako prije pranja. Napunite perilicu hladnom vodom i koristite program za osjetljive tkanine kako biste bolje za\u0161titili boje.<\/p>","protected":false},"excerpt":{"rendered":"<p>Die wei\u00dfen Eins\u00e4tze und die marineblauen Details erinnern an eine \u00c4ra, in der Arsenal mit seiner St\u00e4rke eine herausragende Erfolgsbilanz vorweisen konnte. Das adidas Langarm-Fu\u00dfballtrikot wurde entwickelt, um den Fans des Vereins maximalen Komfort zu bieten. Es ist aus weichem Stoff gefertigt und verf\u00fcgt \u00fcber die schwei\u00dfableitende AEROREADY-Technologie. Dieses Produkt wird mit Primegreen hergestellt, einer [&hellip;]<\/p>","protected":false},"featured_media":1349,"comment_status":"open","ping_status":"closed","template":"","meta":[],"product_brand":[],"product_cat":[55],"product_tag":[20,56,57,38,21,22,24],"class_list":{"0":"post-1309","1":"product","2":"type-product","3":"status-publish","4":"has-post-thumbnail","6":"product_cat-arsenal","7":"product_tag-coole-fussballtrikots","8":"product_tag-fc-arsenal-heimtrikot","9":"product_tag-fc-arsenal-trikots","10":"product_tag-fussball-trikot-langarm","11":"product_tag-fussballtrikot-fuer-herren","12":"product_tag-fussballtrikot-guenstig-kaufen","13":"product_tag-guenstiges-fussballtrikot","15":"first","16":"instock","17":"shipping-taxable","18":"purchasable","19":"product-type-variable"},"_links":{"self":[{"href":"https:\/\/www.billigtrikotde.com\/hr\/wp-json\/wp\/v2\/product\/1309","targetHints":{"allow":["GET"]}}],"collection":[{"href":"https:\/\/www.billigtrikotde.com\/hr\/wp-json\/wp\/v2\/product"}],"about":[{"href":"https:\/\/www.billigtrikotde.com\/hr\/wp-json\/wp\/v2\/types\/product"}],"replies":[{"embeddable":true,"href":"https:\/\/www.billigtrikotde.com\/hr\/wp-json\/wp\/v2\/comments?post=1309"}],"wp:featuredmedia":[{"embeddable":true,"href":"https:\/\/www.billigtrikotde.com\/hr\/wp-json\/wp\/v2\/media\/1349"}],"wp:attachment":[{"href":"https:\/\/www.billigtrikotde.com\/hr\/wp-json\/wp\/v2\/media?parent=1309"}],"wp:term":[{"taxonomy":"product_brand","embeddable":true,"href":"https:\/\/www.billigtrikotde.com\/hr\/wp-json\/wp\/v2\/product_brand?post=1309"},{"taxonomy":"product_cat","embeddable":true,"href":"https:\/\/www.billigtrikotde.com\/hr\/wp-json\/wp\/v2\/product_cat?post=1309"},{"taxonomy":"product_tag","embeddable":true,"href":"https:\/\/www.billigtrikotde.com\/hr\/wp-json\/wp\/v2\/product_tag?post=1309"}],"curies":[{"name":"wp","href":"https:\/\/api.w.org\/{rel}","templated":true}]}}