{"id":12660,"date":"2024-10-24T05:23:20","date_gmt":"2024-10-24T03:23:20","guid":{"rendered":"http:\/\/billigtrikots.com\/?post_type=product&#038;p=12660"},"modified":"2025-10-16T16:03:17","modified_gmt":"2025-10-16T14:03:17","slug":"frauen-fussballtrikots-real-madrid-22-23-auswaertstrikot-kurzarm-eder-militao-3","status":"publish","type":"product","link":"https:\/\/www.billigtrikotde.com\/hr\/frauen-fussballtrikots-real-madrid-22-23-auswaertstrikot-kurzarm-eder-militao-3\/","title":{"rendered":"\u017denski nogometni dresovi Real Madrid 22-23 gostuju\u0107i dres kratkih rukava Eder Militao 3"},"content":{"rendered":"<p>Adidas Real Madrid 2022-23 gostuju\u0107i dres je ljubi\u010dast. Slu\u017ebena boja je \u201eLight Purple\u201c, koja je tako\u0111er vidljiva na dresu 22-23. Na prednjoj strani i rukavima Real Madrida 2022-2023 gostuju\u0107eg dresa nalazi se diskretan geometrijski uzorak, koji se sastoji od dijagonalnih plo\u010dica.<br \/>\nAdidas kombinira svijetlu glavnu boju gostuju\u0107eg dresa Real Madrid 22-23 s \u201eNight Navy\u201c, vrlo tamnoplavom bojom. Ova boja koristi se za ovratnik, man\u017eete rukava i sve oznake, uklju\u010duju\u0107i novo dizajnirani grb kluba na lijevoj strani prsa.<\/p>\n<p>Savjeti za ispis: Ako ime i broj na slici to\u010dno odgovaraju va\u0161im \u017eeljama, ne morate ih ponovno unositi. Ako ne, unesite \u017eeljeno ime i broj.<\/p>\n<p>Savjeti za pranje: Preporu\u010duje se ru\u010dno pranje nogometnih dresova. Ako \u017eelite koristiti perilicu, sjetite se okrenuti dresove naopako prije pranja. Napunite perilicu hladnom vodom i koristite program za osjetljive tkanine kako biste bolje za\u0161titili boje.<\/p>","protected":false},"excerpt":{"rendered":"<p>Adidas Real Madrid 2022-23 gostuju\u0107a majica je ljubi\u010dasta. Slu\u017ebena boja je \u201eLight Purple\u201c, koja je tako\u0111er vidljiva na majici 22-23. Na prednjoj strani i na rukavima gostuju\u0107e majice Real Madrid 2022-2023 nalazi se diskretan geometrijski uzorak koji se sastoji od dijagonalnih kvadrata. Adidas kombinira svijetlu glavnu boju gostuju\u0107e majice Real Madrid 22-23 [...]<\/p>","protected":false},"featured_media":12699,"comment_status":"open","ping_status":"closed","template":"","meta":[],"product_brand":[],"product_cat":[517],"product_tag":[20,518,519,524,521,522,47,483],"class_list":{"0":"post-12660","1":"product","2":"type-product","3":"status-publish","4":"has-post-thumbnail","6":"product_cat-real-madrid-damen-trikot","7":"product_tag-coole-fussballtrikots","8":"product_tag-damen-fussballtrikot","9":"product_tag-frauen-fussball-trikotsatz","10":"product_tag-real-madrid-22-23-auswaertstrikot","11":"product_tag-real-madrid-fussballtrikots-damen","12":"product_tag-real-madrid-trikot-fuer-damen","13":"product_tag-real-madrid-trikots","14":"product_tag-trikot-22-23","16":"first","17":"instock","18":"shipping-taxable","19":"purchasable","20":"product-type-variable"},"_links":{"self":[{"href":"https:\/\/www.billigtrikotde.com\/hr\/wp-json\/wp\/v2\/product\/12660","targetHints":{"allow":["GET"]}}],"collection":[{"href":"https:\/\/www.billigtrikotde.com\/hr\/wp-json\/wp\/v2\/product"}],"about":[{"href":"https:\/\/www.billigtrikotde.com\/hr\/wp-json\/wp\/v2\/types\/product"}],"replies":[{"embeddable":true,"href":"https:\/\/www.billigtrikotde.com\/hr\/wp-json\/wp\/v2\/comments?post=12660"}],"wp:featuredmedia":[{"embeddable":true,"href":"https:\/\/www.billigtrikotde.com\/hr\/wp-json\/wp\/v2\/media\/12699"}],"wp:attachment":[{"href":"https:\/\/www.billigtrikotde.com\/hr\/wp-json\/wp\/v2\/media?parent=12660"}],"wp:term":[{"taxonomy":"product_brand","embeddable":true,"href":"https:\/\/www.billigtrikotde.com\/hr\/wp-json\/wp\/v2\/product_brand?post=12660"},{"taxonomy":"product_cat","embeddable":true,"href":"https:\/\/www.billigtrikotde.com\/hr\/wp-json\/wp\/v2\/product_cat?post=12660"},{"taxonomy":"product_tag","embeddable":true,"href":"https:\/\/www.billigtrikotde.com\/hr\/wp-json\/wp\/v2\/product_tag?post=12660"}],"curies":[{"name":"wp","href":"https:\/\/api.w.org\/{rel}","templated":true}]}}