{"id":12651,"date":"2024-10-24T05:22:48","date_gmt":"2024-10-24T03:22:48","guid":{"rendered":"http:\/\/billigtrikots.com\/?post_type=product&#038;p=12651"},"modified":"2025-10-16T16:03:17","modified_gmt":"2025-10-16T14:03:17","slug":"frauen-real-madrid-22-23-drittes-trikot-kurzarm-guenstig-fussballtrikots-antonio-rudiger-22","status":"publish","type":"product","link":"https:\/\/www.billigtrikotde.com\/hr\/frauen-real-madrid-22-23-drittes-trikot-kurzarm-guenstig-fussballtrikots-antonio-rudiger-22\/","title":{"rendered":"\u017denski Real Madrid 22-23 tre\u0107i dres kratkih rukava Povoljni nogometni dresovi Antonio Rudiger 22"},"content":{"rendered":"<p>Za razliku od klasi\u010dnog doma\u0107eg\/vanjskog teksta, nova fonta tre\u0107e majice Adidasa Real Madrid 22-23 ima moderan izgled. Moderan font se odli\u010dno uklapa u moderan dizajn majice, inspirirane novim stadionom Santiago Bernab\u00e9u.<\/p>\n<p>Savjeti za ispis: Ako ime i broj na slici to\u010dno odgovaraju va\u0161im \u017eeljama, ne morate ih ponovno unositi. Ako ne, unesite \u017eeljeno ime i broj.<\/p>\n<p>Savjeti za pranje: Preporu\u010duje se ru\u010dno pranje nogometnih dresova. Ako \u017eelite koristiti perilicu, sjetite se okrenuti dresove naopako prije pranja. Napunite perilicu hladnom vodom i koristite program za osjetljive tkanine kako biste bolje za\u0161titili boje.<\/p>","protected":false},"excerpt":{"rendered":"<p>Za razliku od klasi\u010dnog doma\u0107eg\/odu\u010denog natpisa, novi font tre\u0107eg dresa Adidas Real Madrid 22-23 ima moderan izgled. Moderan font savr\u0161eno pristaje uz suvremen dizajn dresa, koji je nadahnut novim stadionom Santiago Bernab\u00e9u. Savjeti za ispis: Ako naziv i broj na slici to\u010dno odgovaraju va\u0161im \u017eeljama, morate [\u2026]<\/p>","protected":false},"featured_media":12689,"comment_status":"open","ping_status":"closed","template":"","meta":[],"product_brand":[],"product_cat":[517],"product_tag":[20,518,519,520,521,522,47,523,483],"class_list":{"0":"post-12651","1":"product","2":"type-product","3":"status-publish","4":"has-post-thumbnail","6":"product_cat-real-madrid-damen-trikot","7":"product_tag-coole-fussballtrikots","8":"product_tag-damen-fussballtrikot","9":"product_tag-frauen-fussball-trikotsatz","10":"product_tag-real-madrid-22-23-drittes-trikot","11":"product_tag-real-madrid-fussballtrikots-damen","12":"product_tag-real-madrid-trikot-fuer-damen","13":"product_tag-real-madrid-trikots","14":"product_tag-real-madrid-trikotsatz-fuer-frauen","15":"product_tag-trikot-22-23","17":"first","18":"instock","19":"shipping-taxable","20":"purchasable","21":"product-type-variable"},"_links":{"self":[{"href":"https:\/\/www.billigtrikotde.com\/hr\/wp-json\/wp\/v2\/product\/12651","targetHints":{"allow":["GET"]}}],"collection":[{"href":"https:\/\/www.billigtrikotde.com\/hr\/wp-json\/wp\/v2\/product"}],"about":[{"href":"https:\/\/www.billigtrikotde.com\/hr\/wp-json\/wp\/v2\/types\/product"}],"replies":[{"embeddable":true,"href":"https:\/\/www.billigtrikotde.com\/hr\/wp-json\/wp\/v2\/comments?post=12651"}],"wp:featuredmedia":[{"embeddable":true,"href":"https:\/\/www.billigtrikotde.com\/hr\/wp-json\/wp\/v2\/media\/12689"}],"wp:attachment":[{"href":"https:\/\/www.billigtrikotde.com\/hr\/wp-json\/wp\/v2\/media?parent=12651"}],"wp:term":[{"taxonomy":"product_brand","embeddable":true,"href":"https:\/\/www.billigtrikotde.com\/hr\/wp-json\/wp\/v2\/product_brand?post=12651"},{"taxonomy":"product_cat","embeddable":true,"href":"https:\/\/www.billigtrikotde.com\/hr\/wp-json\/wp\/v2\/product_cat?post=12651"},{"taxonomy":"product_tag","embeddable":true,"href":"https:\/\/www.billigtrikotde.com\/hr\/wp-json\/wp\/v2\/product_tag?post=12651"}],"curies":[{"name":"wp","href":"https:\/\/api.w.org\/{rel}","templated":true}]}}