{"id":1261,"date":"2024-10-23T13:22:37","date_gmt":"2024-10-23T11:22:37","guid":{"rendered":"http:\/\/billigtrikots.com\/?post_type=product&#038;p=1261"},"modified":"2024-10-23T13:24:35","modified_gmt":"2024-10-23T11:24:35","slug":"manchester-united-f-c-pogba-6-herren-home-2022-rot-trikot-guenstig","status":"publish","type":"product","link":"https:\/\/www.billigtrikotde.com\/hr\/manchester-united-f-c-pogba-6-herren-home-2022-rot-trikot-guenstig\/","title":{"rendered":"Manchester United F.C. Pogba 6 Mu\u0161ki Home 2022 Crveni dres povoljno"},"content":{"rendered":"<p>Ovdje dolazi d-restriktivna majica u crvenoj boji koja ti poma\u017ee podr\u017eati tvoj omiljeni klub u svakoj situaciji i pokazati za \u0161to se tvoje srce bori. Poka\u017ei svoju pripadnost \u2013 s ovom Manchester United ku\u0107nom majicom pro\u0161irit \u0107e\u0161 svoju kolekciju navija\u010dkih odjevnih predmeta za komad odje\u0107e u originalnom dizajnu, kakav nose igra\u010di u Premier ligi. Preporu\u010dujemo ovaj udoban, lagan i prozra\u010dan model s ugodnim osje\u0107ajem pri no\u0161enju. Ova sportska majica je izra\u0111ena da podigne tvoju izvedbu na vi\u0161u razinu. Vizualno se isti\u010de s grbom kluba na prsima.<\/p>\n<p>Savjeti za ispis: Ako ime i broj na slici to\u010dno odgovaraju va\u0161im \u017eeljama, ne morate ih ponovno unositi. Ako ne, unesite \u017eeljeno ime i broj.<\/p>\n<p>Savjeti za pranje: Preporu\u010duje se ru\u010dno pranje nogometnih dresova. Ako \u017eelite koristiti perilicu, sjetite se okrenuti dresove naopako prije pranja. Napunite perilicu hladnom vodom i koristite program za osjetljive tkanine kako biste bolje za\u0161titili boje.<\/p>","protected":false},"excerpt":{"rendered":"<p>Evo dolazi dres a-didas u crvenoj boji, koji ti poma\u017ee da podr\u017ei\u0161 svoj omiljeni klub u svakoj situaciji i poka\u017ee\u0161 za \u0161to ti srce kuca. Poka\u017ei svoju pripadnost \u2013 s ovim doma\u0107im dresom Manchester United pro\u0161irit \u0107e\u0161 svoju kolekciju navija\u010dkih odjevnih predmeta za komad odje\u0107e u originalnom dizajnu, kakav nose igra\u010di u Premier ligi. Preporu\u010dujemo ovaj udoban, lagan [\u2026]<\/p>","protected":false},"featured_media":1291,"comment_status":"open","ping_status":"closed","template":"","meta":[],"product_brand":[],"product_cat":[50],"product_tag":[20,21,22,23,24,52],"class_list":{"0":"post-1261","1":"product","2":"type-product","3":"status-publish","4":"has-post-thumbnail","6":"product_cat-manchester-united","7":"product_tag-coole-fussballtrikots","8":"product_tag-fussballtrikot-fuer-herren","9":"product_tag-fussballtrikot-guenstig-kaufen","10":"product_tag-fussballtrikot-kurzarm","11":"product_tag-guenstiges-fussballtrikot","12":"product_tag-manchester-united-trikots","14":"first","15":"instock","16":"shipping-taxable","17":"purchasable","18":"product-type-variable"},"_links":{"self":[{"href":"https:\/\/www.billigtrikotde.com\/hr\/wp-json\/wp\/v2\/product\/1261","targetHints":{"allow":["GET"]}}],"collection":[{"href":"https:\/\/www.billigtrikotde.com\/hr\/wp-json\/wp\/v2\/product"}],"about":[{"href":"https:\/\/www.billigtrikotde.com\/hr\/wp-json\/wp\/v2\/types\/product"}],"replies":[{"embeddable":true,"href":"https:\/\/www.billigtrikotde.com\/hr\/wp-json\/wp\/v2\/comments?post=1261"}],"wp:featuredmedia":[{"embeddable":true,"href":"https:\/\/www.billigtrikotde.com\/hr\/wp-json\/wp\/v2\/media\/1291"}],"wp:attachment":[{"href":"https:\/\/www.billigtrikotde.com\/hr\/wp-json\/wp\/v2\/media?parent=1261"}],"wp:term":[{"taxonomy":"product_brand","embeddable":true,"href":"https:\/\/www.billigtrikotde.com\/hr\/wp-json\/wp\/v2\/product_brand?post=1261"},{"taxonomy":"product_cat","embeddable":true,"href":"https:\/\/www.billigtrikotde.com\/hr\/wp-json\/wp\/v2\/product_cat?post=1261"},{"taxonomy":"product_tag","embeddable":true,"href":"https:\/\/www.billigtrikotde.com\/hr\/wp-json\/wp\/v2\/product_tag?post=1261"}],"curies":[{"name":"wp","href":"https:\/\/api.w.org\/{rel}","templated":true}]}}