{"id":12532,"date":"2024-10-24T05:16:55","date_gmt":"2024-10-24T03:16:55","guid":{"rendered":"http:\/\/billigtrikots.com\/?post_type=product&#038;p=12532"},"modified":"2024-10-24T05:19:45","modified_gmt":"2024-10-24T03:19:45","slug":"billige-fussballtrikots-ssc-napoli-22-23-valentinstags-trikot-kurzarm-online-personalisierbar","status":"publish","type":"product","link":"https:\/\/www.billigtrikotde.com\/hr\/billige-fussballtrikots-ssc-napoli-22-23-valentinstags-trikot-kurzarm-online-personalisierbar\/","title":{"rendered":"Povoljne nogometne dresove SSC Napoli 22-23 Valentinska dres kratkih rukava Online prilagodljivo"},"content":{"rendered":"<p>EA7 Napoli 2022-23 Valentinov dres koristi istu \u0161ablonu kao i trenuta\u010dni doma\u0107i i gostuju\u0107i dresovi. U ovom izdanju osnovna boja je bijela, dok rukavi imaju prijelaz boja od crvene do ru\u017ei\u010daste. Veliko crveno poljupce nalazi se na desnoj donjoj strani EA7 Napoli 2022-23 Valentinovog dresa. EA7 kombinira Napoli 22-23 Valentinov dres s bijelim hla\u010dama i \u010darapama.<\/p>\n<p>Savjeti za ispis: Ako ime i broj na slici to\u010dno odgovaraju va\u0161im \u017eeljama, ne morate ih ponovno unositi. Ako ne, unesite \u017eeljeno ime i broj.<\/p>\n<p>Savjeti za pranje: Preporu\u010duje se ru\u010dno pranje nogometnih dresova. Ako \u017eelite koristiti perilicu, sjetite se okrenuti dresove naopako prije pranja. Napunite perilicu hladnom vodom i koristite program za osjetljive tkanine kako biste bolje za\u0161titili boje.<\/p>","protected":false},"excerpt":{"rendered":"<p>Das EA7 Napoli 2022-23 Valentine&#8217;s Trikot verwendet die gleiche Template wie die aktuellen Heim- und Ausw\u00e4rtstrikots. Bei dieser Ausgabe ist die Grundfarbe wei\u00df, w\u00e4hrend die \u00c4rmel einen Farbverlauf von Rot zu Rosa aufweisen.Ein gro\u00dfer roter Kussmund befindet sich auf der rechten unteren Seite des EA7 Napoli 2022-23 Valentine&#8217;s Trikots. EA7 kombiniert das Napoli 22-23 Valentine&#8217;s [&hellip;]<\/p>","protected":false},"featured_media":12578,"comment_status":"open","ping_status":"closed","template":"","meta":[],"product_brand":[],"product_cat":[192],"product_tag":[504,505,506,496,497],"class_list":{"0":"post-12532","1":"product","2":"type-product","3":"status-publish","4":"has-post-thumbnail","6":"product_cat-ssc-napoli","7":"product_tag-napoli-22-23-valentinstags-trikot-for-sale","8":"product_tag-napoli-22-23-valentinstags-trikot","9":"product_tag-ssc-napoli-2022-23-valentinstags-fussballtrikot","10":"product_tag-ssc-napoli-fussballtrikot","11":"product_tag-ssc-napoli-trikot","13":"first","14":"instock","15":"shipping-taxable","16":"purchasable","17":"product-type-variable"},"_links":{"self":[{"href":"https:\/\/www.billigtrikotde.com\/hr\/wp-json\/wp\/v2\/product\/12532","targetHints":{"allow":["GET"]}}],"collection":[{"href":"https:\/\/www.billigtrikotde.com\/hr\/wp-json\/wp\/v2\/product"}],"about":[{"href":"https:\/\/www.billigtrikotde.com\/hr\/wp-json\/wp\/v2\/types\/product"}],"replies":[{"embeddable":true,"href":"https:\/\/www.billigtrikotde.com\/hr\/wp-json\/wp\/v2\/comments?post=12532"}],"wp:featuredmedia":[{"embeddable":true,"href":"https:\/\/www.billigtrikotde.com\/hr\/wp-json\/wp\/v2\/media\/12578"}],"wp:attachment":[{"href":"https:\/\/www.billigtrikotde.com\/hr\/wp-json\/wp\/v2\/media?parent=12532"}],"wp:term":[{"taxonomy":"product_brand","embeddable":true,"href":"https:\/\/www.billigtrikotde.com\/hr\/wp-json\/wp\/v2\/product_brand?post=12532"},{"taxonomy":"product_cat","embeddable":true,"href":"https:\/\/www.billigtrikotde.com\/hr\/wp-json\/wp\/v2\/product_cat?post=12532"},{"taxonomy":"product_tag","embeddable":true,"href":"https:\/\/www.billigtrikotde.com\/hr\/wp-json\/wp\/v2\/product_tag?post=12532"}],"curies":[{"name":"wp","href":"https:\/\/api.w.org\/{rel}","templated":true}]}}