{"id":12498,"date":"2024-10-24T05:14:43","date_gmt":"2024-10-24T03:14:43","guid":{"rendered":"http:\/\/billigtrikots.com\/?post_type=product&#038;p=12498"},"modified":"2025-10-16T16:03:18","modified_gmt":"2025-10-16T14:03:18","slug":"herren-real-madrid-heimtrikot-2022-23-kurzarm-online-kaufen-eder-militao-3","status":"publish","type":"product","link":"https:\/\/www.billigtrikotde.com\/hr\/herren-real-madrid-heimtrikot-2022-23-kurzarm-online-kaufen-eder-militao-3\/","title":{"rendered":"Mu\u0161ki Real Madrid mu\u0161ki doma\u0107i dres 2022-23 kratkih rukava Online kupnja Eder Militao 3"},"content":{"rendered":"<p>Nakon vi\u0161e od desetlje\u0107a bez doma\u0107ih dresova, Adidasov Real Madrid 2022-23 dres spaja prepoznatljivu bijelu boju kluba s crnom i ljubi\u010dastom. Za sezonu 2022-2023 Adidas se odlu\u010dio za blijedo ljubi\u010dastu naglasnu boju. Adidasov logotip i logotip sponzora su crni, tri pruge blijedo ljubi\u010daste.<br \/>\nReal Madrid 22-23 dres ima zakop\u010dani ovratnik. Nekoliko diskretnih grba Real Madrida ugravirano je u tkaninu.<\/p>\n<p>Da bi se dovr\u0161io elegantan izgled, klasi\u010dni polo-okrugla ovratnik Real Madrid doma\u0107eg dresa 2022-2023 s ljubi\u010dastim i crnim obrubom.<\/p>\n<p>Savjeti za ispis: Ako ime i broj na slici to\u010dno odgovaraju va\u0161im \u017eeljama, ne morate ih ponovno unositi. Ako ne, unesite \u017eeljeno ime i broj.<\/p>\n<p>Savjeti za pranje: Preporu\u010duje se ru\u010dno pranje nogometnih dresova. Ako \u017eelite koristiti perilicu, sjetite se okrenuti dresove naopako prije pranja. Napunite perilicu hladnom vodom i koristite program za osjetljive tkanine kako biste bolje za\u0161titili boje.<\/p>","protected":false},"excerpt":{"rendered":"<p>Nach mehr als einem Jahrzehnt ohne Heimtrikots kombiniert das Adidas Real Madrid 2022-23 Trikot die ikonische wei\u00dfe Farbe des Vereins mit Schwarz und Lila.F\u00fcr die Saison 2022-2023 hat sich Adidas f\u00fcr eine blasslila Akzentfarbe entschieden. Das Adidas-Logo und das Sponsorenlogo sind schwarz, die drei Streifen helllila. Das Real Madrid 22-23 Trikot hat einen gekn\u00f6pften Kragen. [&hellip;]<\/p>","protected":false},"featured_media":12541,"comment_status":"open","ping_status":"closed","template":"","meta":[],"product_brand":[],"product_cat":[45],"product_tag":[20,21,22,23,228,24,489,490,271,47,268],"class_list":{"0":"post-12498","1":"product","2":"type-product","3":"status-publish","4":"has-post-thumbnail","6":"product_cat-real-madrid","7":"product_tag-coole-fussballtrikots","8":"product_tag-fussballtrikot-fuer-herren","9":"product_tag-fussballtrikot-guenstig-kaufen","10":"product_tag-fussballtrikot-kurzarm","11":"product_tag-guenstige-fussballtrikot","12":"product_tag-guenstiges-fussballtrikot","13":"product_tag-real-madrid-fussballtrikot","14":"product_tag-real-madrid-trikot","15":"product_tag-real-madrid-trikot-herren-guenstig","16":"product_tag-real-madrid-trikots","17":"product_tag-real-madrid-trikots-22-23","19":"first","20":"instock","21":"shipping-taxable","22":"purchasable","23":"product-type-variable"},"_links":{"self":[{"href":"https:\/\/www.billigtrikotde.com\/hr\/wp-json\/wp\/v2\/product\/12498","targetHints":{"allow":["GET"]}}],"collection":[{"href":"https:\/\/www.billigtrikotde.com\/hr\/wp-json\/wp\/v2\/product"}],"about":[{"href":"https:\/\/www.billigtrikotde.com\/hr\/wp-json\/wp\/v2\/types\/product"}],"replies":[{"embeddable":true,"href":"https:\/\/www.billigtrikotde.com\/hr\/wp-json\/wp\/v2\/comments?post=12498"}],"wp:featuredmedia":[{"embeddable":true,"href":"https:\/\/www.billigtrikotde.com\/hr\/wp-json\/wp\/v2\/media\/12541"}],"wp:attachment":[{"href":"https:\/\/www.billigtrikotde.com\/hr\/wp-json\/wp\/v2\/media?parent=12498"}],"wp:term":[{"taxonomy":"product_brand","embeddable":true,"href":"https:\/\/www.billigtrikotde.com\/hr\/wp-json\/wp\/v2\/product_brand?post=12498"},{"taxonomy":"product_cat","embeddable":true,"href":"https:\/\/www.billigtrikotde.com\/hr\/wp-json\/wp\/v2\/product_cat?post=12498"},{"taxonomy":"product_tag","embeddable":true,"href":"https:\/\/www.billigtrikotde.com\/hr\/wp-json\/wp\/v2\/product_tag?post=12498"}],"curies":[{"name":"wp","href":"https:\/\/api.w.org\/{rel}","templated":true}]}}