{"id":12485,"date":"2024-10-24T05:14:06","date_gmt":"2024-10-24T03:14:06","guid":{"rendered":"http:\/\/billigtrikots.com\/?post_type=product&#038;p=12485"},"modified":"2024-10-24T05:16:49","modified_gmt":"2024-10-24T03:16:49","slug":"fussballtrikots-fuer-herren-atletico-madrid-2022-23-drittes-trikot-kurzarm-koke-6","status":"publish","type":"product","link":"https:\/\/www.billigtrikotde.com\/hr\/fussballtrikots-fuer-herren-atletico-madrid-2022-23-drittes-trikot-kurzarm-koke-6\/","title":{"rendered":"Dresovi za nogomet mu\u0161karci Atl\u00e9tico Madrid 2022-23 Tre\u0107i dres kratkih rukava Koke 6"},"content":{"rendered":"<p>Tre\u0107e nogometno prvenstveno dres Nike Atl\u00e9tico Madrid 2022-23 kombinira razli\u010dite nijanse naran\u010daste i crvene s crnom za swoosh. To je vrlo zanimljiva i svje\u017ea kombinacija boja za klub, inspirirana plodovima jagodnjaka koji se nalaze u grbu kluba.<br \/>\n\u0160to se dizajna ti\u010de, novi tre\u0107i dres Atl\u00e9ticoa prili\u010dno je obi\u010dan. Jednobojan je naran\u010dast, a samo rubovi rukava nose mali crveni naglasak. Logotipi su crne boje, uklju\u010duju\u0107i jednobojni grb kluba na lijevoj strani prsa tre\u0107eg dresa Atl\u00e9tico Madrid 2022-23.<\/p>\n<p>Savjeti za ispis: Ako ime i broj na slici to\u010dno odgovaraju va\u0161im \u017eeljama, ne morate ih ponovno unositi. Ako ne, unesite \u017eeljeno ime i broj.<\/p>\n<p>Savjeti za pranje: Preporu\u010duje se ru\u010dno pranje nogometnih dresova. Ako \u017eelite koristiti perilicu, sjetite se okrenuti dresove naopako prije pranja. Napunite perilicu hladnom vodom i koristite program za osjetljive tkanine kako biste bolje za\u0161titili boje.<\/p>","protected":false},"excerpt":{"rendered":"<p>Tre\u0107i nogometni dres Nike Atl\u00e9tico Madrid 2022-23 kombinira razli\u010dite nijanse naran\u010daste i crvene boje s crnom za swoosh. To je vrlo zanimljiva i svje\u017ea kombinacija boja za klub, inspirirana plodovima jagodnjaka koji se nalaze u grbu kluba. \u0160to se ti\u010de dizajna, novi tre\u0107i dres Atl\u00e9tico je prili\u010dno obi\u010dan. Jednobojan je [\u2026]<\/p>","protected":false},"featured_media":12527,"comment_status":"open","ping_status":"closed","template":"","meta":[],"product_brand":[],"product_cat":[88],"product_tag":[486,487,89,488,90,20,21,22,23,24],"class_list":{"0":"post-12485","1":"product","2":"type-product","3":"status-publish","4":"has-post-thumbnail","6":"product_cat-atletico-madrid","7":"product_tag-atletico-madrid-2022-23","8":"product_tag-atletico-madrid-fussballtrikot","9":"product_tag-atletico-madrid-heimtrikot","10":"product_tag-atletico-madrid-trikot","11":"product_tag-atletico-madrid-trikots","12":"product_tag-coole-fussballtrikots","13":"product_tag-fussballtrikot-fuer-herren","14":"product_tag-fussballtrikot-guenstig-kaufen","15":"product_tag-fussballtrikot-kurzarm","16":"product_tag-guenstiges-fussballtrikot","18":"first","19":"instock","20":"shipping-taxable","21":"purchasable","22":"product-type-variable"},"_links":{"self":[{"href":"https:\/\/www.billigtrikotde.com\/hr\/wp-json\/wp\/v2\/product\/12485","targetHints":{"allow":["GET"]}}],"collection":[{"href":"https:\/\/www.billigtrikotde.com\/hr\/wp-json\/wp\/v2\/product"}],"about":[{"href":"https:\/\/www.billigtrikotde.com\/hr\/wp-json\/wp\/v2\/types\/product"}],"replies":[{"embeddable":true,"href":"https:\/\/www.billigtrikotde.com\/hr\/wp-json\/wp\/v2\/comments?post=12485"}],"wp:featuredmedia":[{"embeddable":true,"href":"https:\/\/www.billigtrikotde.com\/hr\/wp-json\/wp\/v2\/media\/12527"}],"wp:attachment":[{"href":"https:\/\/www.billigtrikotde.com\/hr\/wp-json\/wp\/v2\/media?parent=12485"}],"wp:term":[{"taxonomy":"product_brand","embeddable":true,"href":"https:\/\/www.billigtrikotde.com\/hr\/wp-json\/wp\/v2\/product_brand?post=12485"},{"taxonomy":"product_cat","embeddable":true,"href":"https:\/\/www.billigtrikotde.com\/hr\/wp-json\/wp\/v2\/product_cat?post=12485"},{"taxonomy":"product_tag","embeddable":true,"href":"https:\/\/www.billigtrikotde.com\/hr\/wp-json\/wp\/v2\/product_tag?post=12485"}],"curies":[{"name":"wp","href":"https:\/\/api.w.org\/{rel}","templated":true}]}}