{"id":1219,"date":"2024-10-23T13:21:01","date_gmt":"2024-10-23T11:21:01","guid":{"rendered":"http:\/\/billigtrikots.com\/?post_type=product&#038;p=1219"},"modified":"2024-10-23T13:23:02","modified_gmt":"2024-10-23T11:23:02","slug":"manchester-united-2022-herren-heim-trikotsatz-jones-4-rot-weiss-im-sale","status":"publish","type":"product","link":"https:\/\/www.billigtrikotde.com\/hr\/manchester-united-2022-herren-heim-trikotsatz-jones-4-rot-weiss-im-sale\/","title":{"rendered":"Manchester United 2022 mu\u0161ki doma\u0107i komplet Jones 4 u crveno-bijeloj boji na sni\u017eenju"},"content":{"rendered":"<p>Zeige deinen Teamstolz und unterst\u00fctze Manchester United in der Saison 2021\/2022 im offiziellen a-didas Heimtrikot f\u00fcr Herren. Die Fan-Version des Home Jerseys sieht aus wie das Modell, das die United-Profis an Spieltagen tragen. Das Primegreen-Material besteht aus recyceltem Polyester und sorgt dank der feuchtigkeitsableitenden AEROREADY-Technologie f\u00fcr ein angenehm trockenes Tragegef\u00fchl. Das Vereinswappen auf der Brust untermauert, f\u00fcr welchen Club dein Herz schl\u00e4gt.<\/p>\n<p>Savjeti za ispis: Ako ime i broj na slici to\u010dno odgovaraju va\u0161im \u017eeljama, ne morate ih ponovno unositi. Ako ne, unesite \u017eeljeno ime i broj.<\/p>\n<p>Savjeti za pranje: Preporu\u010duje se ru\u010dno pranje nogometnih dresova. Ako \u017eelite koristiti perilicu, sjetite se okrenuti dresove naopako prije pranja. Napunite perilicu hladnom vodom i koristite program za osjetljive tkanine kako biste bolje za\u0161titili boje.<\/p>","protected":false},"excerpt":{"rendered":"<p>Poka\u017ei svoj timski ponos i podr\u017ei Manchester United u sezoni 2021\/2022 u slu\u017ebenoj a-didas doma\u0107oj majici za mu\u0161karce. Verzija za navija\u010de doma\u0107eg dresa izgleda kao model koji nose profesionalci Uniteda na utakmicama. Materijal Primegreen sastoji se od recikliranog poliestera i zahvaljuju\u0107i tehnologiji AEROREADY za odvod vlage pru\u017ea ugodan osje\u0107aj suho\u0107e. Grb kluba na prsima [...]<\/p>","protected":false},"featured_media":1265,"comment_status":"open","ping_status":"closed","template":"","meta":[],"product_brand":[],"product_cat":[50],"product_tag":[20,21,22,23,54,24,52],"class_list":{"0":"post-1219","1":"product","2":"type-product","3":"status-publish","4":"has-post-thumbnail","6":"product_cat-manchester-united","7":"product_tag-coole-fussballtrikots","8":"product_tag-fussballtrikot-fuer-herren","9":"product_tag-fussballtrikot-guenstig-kaufen","10":"product_tag-fussballtrikot-kurzarm","11":"product_tag-fussballtrikot-set","12":"product_tag-guenstiges-fussballtrikot","13":"product_tag-manchester-united-trikots","15":"first","16":"instock","17":"shipping-taxable","18":"purchasable","19":"product-type-variable"},"_links":{"self":[{"href":"https:\/\/www.billigtrikotde.com\/hr\/wp-json\/wp\/v2\/product\/1219","targetHints":{"allow":["GET"]}}],"collection":[{"href":"https:\/\/www.billigtrikotde.com\/hr\/wp-json\/wp\/v2\/product"}],"about":[{"href":"https:\/\/www.billigtrikotde.com\/hr\/wp-json\/wp\/v2\/types\/product"}],"replies":[{"embeddable":true,"href":"https:\/\/www.billigtrikotde.com\/hr\/wp-json\/wp\/v2\/comments?post=1219"}],"wp:featuredmedia":[{"embeddable":true,"href":"https:\/\/www.billigtrikotde.com\/hr\/wp-json\/wp\/v2\/media\/1265"}],"wp:attachment":[{"href":"https:\/\/www.billigtrikotde.com\/hr\/wp-json\/wp\/v2\/media?parent=1219"}],"wp:term":[{"taxonomy":"product_brand","embeddable":true,"href":"https:\/\/www.billigtrikotde.com\/hr\/wp-json\/wp\/v2\/product_brand?post=1219"},{"taxonomy":"product_cat","embeddable":true,"href":"https:\/\/www.billigtrikotde.com\/hr\/wp-json\/wp\/v2\/product_cat?post=1219"},{"taxonomy":"product_tag","embeddable":true,"href":"https:\/\/www.billigtrikotde.com\/hr\/wp-json\/wp\/v2\/product_tag?post=1219"}],"curies":[{"name":"wp","href":"https:\/\/api.w.org\/{rel}","templated":true}]}}