{"id":12167,"date":"2024-10-24T04:56:21","date_gmt":"2024-10-24T02:56:21","guid":{"rendered":"http:\/\/billigtrikots.com\/?post_type=product&#038;p=12167"},"modified":"2024-10-24T04:59:00","modified_gmt":"2024-10-24T02:59:00","slug":"kaufe-neue-fussballtrikots-portugal-wm-2022-auswaertstrikot-mit-aufdruck-mendes-5","status":"publish","type":"product","link":"https:\/\/www.billigtrikotde.com\/hr\/kaufe-neue-fussballtrikots-portugal-wm-2022-auswaertstrikot-mit-aufdruck-mendes-5\/","title":{"rendered":"Kupi novi nogometni dres Portugal Svjetsko prvenstvo 2022 gostuju\u0107i dres s natpisom MENDES 5"},"content":{"rendered":"<p>Svje\u017ei i ipak klasi\u010dni izgled za Portugal: Nike Portugal 2022 gostuju\u0107i dres kombinira kremasto bijelu osnovnu uzorak s mornarsko plavim Swooshom. Slu\u017ebeno su boje \u201eSail\/Obsidian\u201c, dok je \u201ePepper Red\u201c tre\u0107a boja. Prema Nikeu, odabrana je tamnija nijansa kako bi Portugalci \u201eistaknuli se u moru svijetloplavih dresova\u201c. Savjeti za tiskanje: Ako [\u2026]<\/p>\n<p>Savjeti za ispis: Ako ime i broj na slici to\u010dno odgovaraju va\u0161im \u017eeljama, ne morate ih ponovno unositi. Ako ne, unesite \u017eeljeno ime i broj.<\/p>\n<p>Savjeti za pranje: Preporu\u010duje se ru\u010dno pranje nogometnih dresova. Ako \u017eelite koristiti perilicu, sjetite se okrenuti dresove naopako prije pranja. Napunite perilicu hladnom vodom i koristite program za osjetljive tkanine kako biste bolje za\u0161titili boje.<\/p>","protected":false},"excerpt":{"rendered":"<p>Svje\u017ei i ipak klasi\u010dni izgled za Portugal: Nike Portugal 2022 gostuju\u0107i dres kombinira kremasto bijelu osnovnu uzorak s mornarsko plavim Swooshom. Slu\u017ebeno su boje \u201eSail\/Obsidian\u201c, dok je \u201ePepper Red\u201c tre\u0107a boja. Prema Nikeu, odabrana je tamnija nijansa kako bi Portugalci \u201eistaknuli se u moru svijetloplavih dresova\u201c. Savjeti za tiskanje: Ako [\u2026]<\/p>","protected":false},"featured_media":12209,"comment_status":"open","ping_status":"closed","template":"","meta":[],"product_brand":[],"product_cat":[239],"product_tag":[20,222,21,23,24,470,471,347,472],"class_list":{"0":"post-12167","1":"product","2":"type-product","3":"status-publish","4":"has-post-thumbnail","6":"product_cat-portugal-trikots","7":"product_tag-coole-fussballtrikots","8":"product_tag-fussball-wm-2022-trikots","9":"product_tag-fussballtrikot-fuer-herren","10":"product_tag-fussballtrikot-kurzarm","11":"product_tag-guenstiges-fussballtrikot","12":"product_tag-herren-fussball-kurzarm","13":"product_tag-portugal-trikot","14":"product_tag-portugal-trikots","15":"product_tag-portugal-wm-2022-trikot","17":"first","18":"instock","19":"shipping-taxable","20":"purchasable","21":"product-type-variable"},"_links":{"self":[{"href":"https:\/\/www.billigtrikotde.com\/hr\/wp-json\/wp\/v2\/product\/12167","targetHints":{"allow":["GET"]}}],"collection":[{"href":"https:\/\/www.billigtrikotde.com\/hr\/wp-json\/wp\/v2\/product"}],"about":[{"href":"https:\/\/www.billigtrikotde.com\/hr\/wp-json\/wp\/v2\/types\/product"}],"replies":[{"embeddable":true,"href":"https:\/\/www.billigtrikotde.com\/hr\/wp-json\/wp\/v2\/comments?post=12167"}],"wp:featuredmedia":[{"embeddable":true,"href":"https:\/\/www.billigtrikotde.com\/hr\/wp-json\/wp\/v2\/media\/12209"}],"wp:attachment":[{"href":"https:\/\/www.billigtrikotde.com\/hr\/wp-json\/wp\/v2\/media?parent=12167"}],"wp:term":[{"taxonomy":"product_brand","embeddable":true,"href":"https:\/\/www.billigtrikotde.com\/hr\/wp-json\/wp\/v2\/product_brand?post=12167"},{"taxonomy":"product_cat","embeddable":true,"href":"https:\/\/www.billigtrikotde.com\/hr\/wp-json\/wp\/v2\/product_cat?post=12167"},{"taxonomy":"product_tag","embeddable":true,"href":"https:\/\/www.billigtrikotde.com\/hr\/wp-json\/wp\/v2\/product_tag?post=12167"}],"curies":[{"name":"wp","href":"https:\/\/api.w.org\/{rel}","templated":true}]}}