{"id":1207,"date":"2024-10-23T13:20:34","date_gmt":"2024-10-23T11:20:34","guid":{"rendered":"http:\/\/billigtrikots.com\/?post_type=product&#038;p=1207"},"modified":"2024-10-23T13:22:31","modified_gmt":"2024-10-23T11:22:31","slug":"herren-manchester-united-2022-ausweichtrikot-blau-kurzarm-mit-aufdruck-van-de-beek-34","status":"publish","type":"product","link":"https:\/\/www.billigtrikotde.com\/hr\/herren-manchester-united-2022-ausweichtrikot-blau-kurzarm-mit-aufdruck-van-de-beek-34\/","title":{"rendered":"Mu\u0161ki Manchester United 2022 zamjenski dres plavi kratki rukav s natpisom VAN DE BEEK 34"},"content":{"rendered":"<p>Gledamo unatrag na desetlje\u0107e u kojem je Manchester United osvojio vrh engleskog nogometa. Deset godina obilje\u017eenih talentom mladih superkickera. Nije ni \u010dudo \u0161to smo se za ovu zamjensku majicu iz 90-ih inspirirali. Dizajn mije\u0161a klasi\u010dnu gostuju\u0107u opremu s tipi\u010dnim adidas Equipment stilom za samouvjeren izgled. Verzija za navija\u010de pru\u017ea ti udobno osje\u0107anje zahvaljuju\u0107i mekom materijalu s tehnologijom apsorpcije vlage AEROREADY. A dvobojni a-didas logo \u010dini sje\u0107anje na tada\u0161nje vrijeme savr\u0161enim.<\/p>\n<p>Savjeti za ispis: Ako ime i broj na slici to\u010dno odgovaraju va\u0161im \u017eeljama, ne morate ih ponovno unositi. Ako ne, unesite \u017eeljeno ime i broj.<\/p>\n<p>Savjeti za pranje: Preporu\u010duje se ru\u010dno pranje nogometnih dresova. Ako \u017eelite koristiti perilicu, sjetite se okrenuti dresove naopako prije pranja. Napunite perilicu hladnom vodom i koristite program za osjetljive tkanine kako biste bolje za\u0161titili boje.<\/p>","protected":false},"excerpt":{"rendered":"<p>Wir blicken auf das Jahrzehnt zur\u00fcck, in dem Manchester United den englischen Fu\u00dfball-Thron erklomm. Zehn Jahre, die von dem Talent der jungen Superkicker gepr\u00e4gt waren. Kein Wunder also, dass wir uns f\u00fcr dieses Ausweichtrikot von den 90ern haben inspirieren lassen. Das Design mixt eine klassische Ausw\u00e4rtsausr\u00fcstung mit dem typischen adidas Equipment Style f\u00fcr einen selbstbewussten [&hellip;]<\/p>","protected":false},"featured_media":1251,"comment_status":"open","ping_status":"closed","template":"","meta":[],"product_brand":[],"product_cat":[50],"product_tag":[20,21,22,23,24,53,52],"class_list":{"0":"post-1207","1":"product","2":"type-product","3":"status-publish","4":"has-post-thumbnail","6":"product_cat-manchester-united","7":"product_tag-coole-fussballtrikots","8":"product_tag-fussballtrikot-fuer-herren","9":"product_tag-fussballtrikot-guenstig-kaufen","10":"product_tag-fussballtrikot-kurzarm","11":"product_tag-guenstiges-fussballtrikot","12":"product_tag-manchester-united-ausweichtrikot","13":"product_tag-manchester-united-trikots","15":"first","16":"instock","17":"shipping-taxable","18":"purchasable","19":"product-type-variable"},"_links":{"self":[{"href":"https:\/\/www.billigtrikotde.com\/hr\/wp-json\/wp\/v2\/product\/1207","targetHints":{"allow":["GET"]}}],"collection":[{"href":"https:\/\/www.billigtrikotde.com\/hr\/wp-json\/wp\/v2\/product"}],"about":[{"href":"https:\/\/www.billigtrikotde.com\/hr\/wp-json\/wp\/v2\/types\/product"}],"replies":[{"embeddable":true,"href":"https:\/\/www.billigtrikotde.com\/hr\/wp-json\/wp\/v2\/comments?post=1207"}],"wp:featuredmedia":[{"embeddable":true,"href":"https:\/\/www.billigtrikotde.com\/hr\/wp-json\/wp\/v2\/media\/1251"}],"wp:attachment":[{"href":"https:\/\/www.billigtrikotde.com\/hr\/wp-json\/wp\/v2\/media?parent=1207"}],"wp:term":[{"taxonomy":"product_brand","embeddable":true,"href":"https:\/\/www.billigtrikotde.com\/hr\/wp-json\/wp\/v2\/product_brand?post=1207"},{"taxonomy":"product_cat","embeddable":true,"href":"https:\/\/www.billigtrikotde.com\/hr\/wp-json\/wp\/v2\/product_cat?post=1207"},{"taxonomy":"product_tag","embeddable":true,"href":"https:\/\/www.billigtrikotde.com\/hr\/wp-json\/wp\/v2\/product_tag?post=1207"}],"curies":[{"name":"wp","href":"https:\/\/api.w.org\/{rel}","templated":true}]}}