{"id":12032,"date":"2024-10-24T04:48:10","date_gmt":"2024-10-24T02:48:10","guid":{"rendered":"http:\/\/billigtrikots.com\/?post_type=product&#038;p=12032"},"modified":"2024-10-24T04:50:51","modified_gmt":"2024-10-24T02:50:51","slug":"herren-borussia-dortmund-bvb-auswaertstrikot-2022-23-guenstig-fussballtrikots-set","status":"publish","type":"product","link":"https:\/\/www.billigtrikotde.com\/hr\/herren-borussia-dortmund-bvb-auswaertstrikot-2022-23-guenstig-fussballtrikots-set\/","title":{"rendered":"Mu\u0161ki Borussia Dortmund BVB gostuju\u0107i dres 2022\/23 G\u00fcnstig nogometne majice set"},"content":{"rendered":"<p>Pazite na pa\u017enju. Doma\u0107i i gostuju\u0107i susreti me\u0111usobno se susre\u0107u na gostuju\u0107em dresu Borussije Dortmund za sezonu 2022\/23. Dres je posveta najlu\u0111im navija\u010dima. Ima grafike u uskla\u0111enim bojama koje podsje\u0107aju na zastave i transparenti kojima se krase tribine kad BVB igra, bilo gdje ili kada \u2013 i bez obzira na to \u0161to se doga\u0111a. Heja BVB!<\/p>\n<p>Savjeti za ispis: Ako ime i broj na slici to\u010dno odgovaraju va\u0161im \u017eeljama, ne morate ih ponovno unositi. Ako ne, unesite \u017eeljeno ime i broj.<\/p>\n<p>Savjeti za pranje: Preporu\u010duje se ru\u010dno pranje nogometnih dresova. Ako \u017eelite koristiti perilicu, sjetite se okrenuti dresove naopako prije pranja. Napunite perilicu hladnom vodom i koristite program za osjetljive tkanine kako biste bolje za\u0161titili boje.<\/p>","protected":false},"excerpt":{"rendered":"<p>Pazite na pa\u017enju. Doma\u0107i i gostuju\u0107i susreti me\u0111usobno se susre\u0107u na gostuju\u0107em dresu Borussije Dortmund za sezonu 2022\/23. Dres je posveta najlu\u0111im navija\u010dima. Ima grafike u uskla\u0111enim bojama koje podsje\u0107aju na zastave i transparenti kojima se krase tribine kad BVB igra, bilo gdje ili kada \u2013 i bez obzira na to \u0161to se doga\u0111a. Heja BVB!<\/p>","protected":false},"featured_media":12073,"comment_status":"open","ping_status":"closed","template":"","meta":[],"product_brand":[],"product_cat":[63],"product_tag":[20,68,65,66,67,21,22,23,24],"class_list":{"0":"post-12032","1":"product","2":"type-product","3":"status-publish","4":"has-post-thumbnail","6":"product_cat-borussia-dortmund","7":"product_tag-coole-fussballtrikots","8":"product_tag-borussia-dortmund-auswaertstrikot","9":"product_tag-borussia-dortmund-trikots","10":"product_tag-bvb-trikots","11":"product_tag-fussball-trikotsatz","12":"product_tag-fussballtrikot-fuer-herren","13":"product_tag-fussballtrikot-guenstig-kaufen","14":"product_tag-fussballtrikot-kurzarm","15":"product_tag-guenstiges-fussballtrikot","17":"first","18":"instock","19":"shipping-taxable","20":"purchasable","21":"product-type-variable"},"_links":{"self":[{"href":"https:\/\/www.billigtrikotde.com\/hr\/wp-json\/wp\/v2\/product\/12032","targetHints":{"allow":["GET"]}}],"collection":[{"href":"https:\/\/www.billigtrikotde.com\/hr\/wp-json\/wp\/v2\/product"}],"about":[{"href":"https:\/\/www.billigtrikotde.com\/hr\/wp-json\/wp\/v2\/types\/product"}],"replies":[{"embeddable":true,"href":"https:\/\/www.billigtrikotde.com\/hr\/wp-json\/wp\/v2\/comments?post=12032"}],"wp:featuredmedia":[{"embeddable":true,"href":"https:\/\/www.billigtrikotde.com\/hr\/wp-json\/wp\/v2\/media\/12073"}],"wp:attachment":[{"href":"https:\/\/www.billigtrikotde.com\/hr\/wp-json\/wp\/v2\/media?parent=12032"}],"wp:term":[{"taxonomy":"product_brand","embeddable":true,"href":"https:\/\/www.billigtrikotde.com\/hr\/wp-json\/wp\/v2\/product_brand?post=12032"},{"taxonomy":"product_cat","embeddable":true,"href":"https:\/\/www.billigtrikotde.com\/hr\/wp-json\/wp\/v2\/product_cat?post=12032"},{"taxonomy":"product_tag","embeddable":true,"href":"https:\/\/www.billigtrikotde.com\/hr\/wp-json\/wp\/v2\/product_tag?post=12032"}],"curies":[{"name":"wp","href":"https:\/\/api.w.org\/{rel}","templated":true}]}}