{"id":11970,"date":"2024-10-24T04:44:16","date_gmt":"2024-10-24T02:44:16","guid":{"rendered":"http:\/\/billigtrikots.com\/?post_type=product&#038;p=11970"},"modified":"2025-10-16T16:03:39","modified_gmt":"2025-10-16T14:03:39","slug":"herren-real-madrid-2022-2023-auswaertstrikots-bestellen-mit-aufdruck-rodrygo-21","status":"publish","type":"product","link":"https:\/\/www.billigtrikotde.com\/hr\/herren-real-madrid-2022-2023-auswaertstrikots-bestellen-mit-aufdruck-rodrygo-21\/","title":{"rendered":"Mu\u0161ki Real Madrid 2022-2023 gostuju\u0107i dresovi naru\u010dite s natpisom RODRYGO 21"},"content":{"rendered":"<p>Adidas Real Madrid 2022-23 gostuju\u0107i dres je ljubi\u010daste boje. Slu\u017ebena boja je \u201eLight Purple\u201c, koja je tako\u0111er vidljiva na dresu za sezonu 22-23.<\/p>\n<p>Na prednjoj strani i na rukavima gostuju\u0107eg dresa Real Madrid 2022-2023 nalazi se diskretan geometrijski uzorak koji se sastoji od dijagonalnih kvadrata.<\/p>\n<p>Adidas kombinira svijetlu glavnu boju gostuju\u0107eg dresa Real Madrid 22-23 s \u201eNight Navy\u201c, vrlo tamnoplavom bojom. Ova boja koristi se za ovratnik, man\u017eete rukava i sve oznake, uklju\u010duju\u0107i novo dizajnirani grb kluba na lijevoj strani prsa.<\/p>\n<p>Savjeti za ispis: Ako ime i broj na slici to\u010dno odgovaraju va\u0161im \u017eeljama, ne morate ih ponovno unositi. Ako ne, unesite \u017eeljeno ime i broj.<\/p>\n<p>Savjeti za pranje: Preporu\u010duje se ru\u010dno pranje nogometnih dresova. Ako \u017eelite koristiti perilicu, sjetite se okrenuti dresove naopako prije pranja. Napunite perilicu hladnom vodom i koristite program za osjetljive tkanine kako biste bolje za\u0161titili boje.<\/p>","protected":false},"excerpt":{"rendered":"<p>Adidas Real Madrid 2022-23 gostuju\u0107a majica je ljubi\u010dasta. Slu\u017ebena boja je \u201eLight Purple\u201c, koja je tako\u0111er vidljiva na majici 22-23. Na prednjoj strani i na rukavima gostuju\u0107e majice Real Madrid 2022-2023 nalazi se diskretan geometrijski uzorak koji se sastoji od dijagonalnih kvadrata. Adidas kombinira svijetlu glavnu boju gostuju\u0107e majice Real Madrid 22-23 [...]<\/p>","protected":false},"featured_media":12012,"comment_status":"open","ping_status":"closed","template":"","meta":[],"product_brand":[],"product_cat":[45],"product_tag":[20,38,21,22,23,228,24,291,49,271,47,268],"class_list":{"0":"post-11970","1":"product","2":"type-product","3":"status-publish","4":"has-post-thumbnail","6":"product_cat-real-madrid","7":"product_tag-coole-fussballtrikots","8":"product_tag-fussball-trikot-langarm","9":"product_tag-fussballtrikot-fuer-herren","10":"product_tag-fussballtrikot-guenstig-kaufen","11":"product_tag-fussballtrikot-kurzarm","12":"product_tag-guenstige-fussballtrikot","13":"product_tag-guenstiges-fussballtrikot","14":"product_tag-real-madrid-2022-2023-auswaertstrikots","15":"product_tag-real-madrid-auswaertstrikot","16":"product_tag-real-madrid-trikot-herren-guenstig","17":"product_tag-real-madrid-trikots","18":"product_tag-real-madrid-trikots-22-23","20":"first","21":"instock","22":"shipping-taxable","23":"purchasable","24":"product-type-variable"},"_links":{"self":[{"href":"https:\/\/www.billigtrikotde.com\/hr\/wp-json\/wp\/v2\/product\/11970","targetHints":{"allow":["GET"]}}],"collection":[{"href":"https:\/\/www.billigtrikotde.com\/hr\/wp-json\/wp\/v2\/product"}],"about":[{"href":"https:\/\/www.billigtrikotde.com\/hr\/wp-json\/wp\/v2\/types\/product"}],"replies":[{"embeddable":true,"href":"https:\/\/www.billigtrikotde.com\/hr\/wp-json\/wp\/v2\/comments?post=11970"}],"wp:featuredmedia":[{"embeddable":true,"href":"https:\/\/www.billigtrikotde.com\/hr\/wp-json\/wp\/v2\/media\/12012"}],"wp:attachment":[{"href":"https:\/\/www.billigtrikotde.com\/hr\/wp-json\/wp\/v2\/media?parent=11970"}],"wp:term":[{"taxonomy":"product_brand","embeddable":true,"href":"https:\/\/www.billigtrikotde.com\/hr\/wp-json\/wp\/v2\/product_brand?post=11970"},{"taxonomy":"product_cat","embeddable":true,"href":"https:\/\/www.billigtrikotde.com\/hr\/wp-json\/wp\/v2\/product_cat?post=11970"},{"taxonomy":"product_tag","embeddable":true,"href":"https:\/\/www.billigtrikotde.com\/hr\/wp-json\/wp\/v2\/product_tag?post=11970"}],"curies":[{"name":"wp","href":"https:\/\/api.w.org\/{rel}","templated":true}]}}