{"id":11949,"date":"2024-10-24T04:43:05","date_gmt":"2024-10-24T02:43:05","guid":{"rendered":"http:\/\/billigtrikots.com\/?post_type=product&#038;p=11949"},"modified":"2024-10-24T04:45:50","modified_gmt":"2024-10-24T02:45:50","slug":"kinder-fc-barcelona-22-23-viertes-trikot-kurzarm-kurze-hosen-on-sale","status":"publish","type":"product","link":"https:\/\/www.billigtrikotde.com\/hr\/kinder-fc-barcelona-22-23-viertes-trikot-kurzarm-kurze-hosen-on-sale\/","title":{"rendered":"Dje\u010dji FC Barcelona 22-23 \u010detvrti dres kratki rukav + kratke hla\u010de na sni\u017eenju"},"content":{"rendered":"<p>Nova \u010detvrta odje\u0107a FC Barcelone za sezonu 22-23 predstavljena je uz slogan \u201c + Catalunya + Bar\u00e7a\u201c . Ona prenosi duh Barcelone i ponos \u0161to potje\u010du iz Barcelone i Katalonije. Trikot je nadahnut kapitenskom trakom i prvi \u0107e put biti no\u0161en u slu\u017ebenom susretu protiv FC Girone u Montilivi u nadolaze\u0107u subotu.<br \/>\nNike Barcelona 22-23 \u010detvrti dres kombinira boje Senyere, \u017eutu i crvenu, s plavom. Grb Barcelone i Spotify logo su u sredini, dok se na svakom rukavu nalazi swoosh. Najistaknutiji element \u010detvrtog dresa Barcelone je zastava Senyera (\u010detvrti crveni prug na \u017eutoj podlozi) na gornjoj prednjoj strani. To je ista zastava koja se vidi i na kapitenskoj traci. Plavocrni rubovi rukava daju dresu Nike Bar\u00e7a 22-23 4th dresa jo\u0161 jednu notu. \u010cetvrti dres Barcelone 22-23 ima sli\u010dan uzorak kao dres SAD-a za Svjetsko prvenstvo 2022.<\/p>\n<p>Savjeti za ispis: Ako ime i broj na slici to\u010dno odgovaraju va\u0161im \u017eeljama, ne morate ih ponovno unositi. Ako ne, unesite \u017eeljeno ime i broj.<\/p>\n<p>Savjeti za pranje: Preporu\u010duje se ru\u010dno pranje nogometnih dresova. Ako \u017eelite koristiti perilicu, sjetite se okrenuti dresove naopako prije pranja. Napunite perilicu hladnom vodom i koristite program za osjetljive tkanine kako biste bolje za\u0161titili boje.<\/p>","protected":false},"excerpt":{"rendered":"<p>Nova \u010detvrta garnitura FC Barcelona za sezonu 22-23 predstavljena je pod sloganom \u201c + Catalunya + Bar\u00e7a\u201c . Ona prenosi duh Bar\u00e7e i ponos \u0161to potje\u010de iz Barcelone i Katalonije. Gleich trikot inspiriran je kapetanskom trakom i prvi put \u0107e biti kori\u0161ten u slu\u017ebenoj utakmici protiv FC Girone [\u2026]<\/p>","protected":false},"featured_media":11992,"comment_status":"open","ping_status":"closed","template":"","meta":[],"product_brand":[],"product_cat":[146],"product_tag":[147,459,20,460,33,21,22,23,24,94],"class_list":{"0":"post-11949","1":"product","2":"type-product","3":"status-publish","4":"has-post-thumbnail","6":"product_cat-barcelona-kindertrikot","7":"product_tag-barcelona-trikotsatz-fuer-kinder","8":"product_tag-barcelona-viertes-trikot","9":"product_tag-coole-fussballtrikots","10":"product_tag-deutschland-fussballtrikots","11":"product_tag-fc-barcelona-trikots","12":"product_tag-fussballtrikot-fuer-herren","13":"product_tag-fussballtrikot-guenstig-kaufen","14":"product_tag-fussballtrikot-kurzarm","15":"product_tag-guenstiges-fussballtrikot","16":"product_tag-kinder-fussball-trikotsatz","18":"first","19":"instock","20":"shipping-taxable","21":"purchasable","22":"product-type-variable"},"_links":{"self":[{"href":"https:\/\/www.billigtrikotde.com\/hr\/wp-json\/wp\/v2\/product\/11949","targetHints":{"allow":["GET"]}}],"collection":[{"href":"https:\/\/www.billigtrikotde.com\/hr\/wp-json\/wp\/v2\/product"}],"about":[{"href":"https:\/\/www.billigtrikotde.com\/hr\/wp-json\/wp\/v2\/types\/product"}],"replies":[{"embeddable":true,"href":"https:\/\/www.billigtrikotde.com\/hr\/wp-json\/wp\/v2\/comments?post=11949"}],"wp:featuredmedia":[{"embeddable":true,"href":"https:\/\/www.billigtrikotde.com\/hr\/wp-json\/wp\/v2\/media\/11992"}],"wp:attachment":[{"href":"https:\/\/www.billigtrikotde.com\/hr\/wp-json\/wp\/v2\/media?parent=11949"}],"wp:term":[{"taxonomy":"product_brand","embeddable":true,"href":"https:\/\/www.billigtrikotde.com\/hr\/wp-json\/wp\/v2\/product_brand?post=11949"},{"taxonomy":"product_cat","embeddable":true,"href":"https:\/\/www.billigtrikotde.com\/hr\/wp-json\/wp\/v2\/product_cat?post=11949"},{"taxonomy":"product_tag","embeddable":true,"href":"https:\/\/www.billigtrikotde.com\/hr\/wp-json\/wp\/v2\/product_tag?post=11949"}],"curies":[{"name":"wp","href":"https:\/\/api.w.org\/{rel}","templated":true}]}}