{"id":11931,"date":"2024-10-24T04:42:18","date_gmt":"2024-10-24T02:42:18","guid":{"rendered":"http:\/\/billigtrikots.com\/?post_type=product&#038;p=11931"},"modified":"2025-06-09T04:42:28","modified_gmt":"2025-06-09T02:42:28","slug":"fussballtrikots-im-sale-arsenal-auswaertstrikot-2023-schwarz-goldene-fuer-herren-ramsdale-32","status":"publish","type":"product","link":"https:\/\/www.billigtrikotde.com\/hr\/fussballtrikots-im-sale-arsenal-auswaertstrikot-2023-schwarz-goldene-fuer-herren-ramsdale-32\/","title":{"rendered":"Nogometni dresovi na sni\u017eenju Arsenal gostuju\u0107i dres 2023 crno-zlatni za mu\u0161karce RAMSDALE 32"},"content":{"rendered":"<p>Dizajn gostuju\u0107eg dresa Arsenala 22-23 predstavljen je u elegantnom izgledu u crnoj boji s bron\u010dano-metalnim detaljima. Adidas Arsenal 22-23 gostuju\u0107i dres je crne boje, kombiniran s zlatnim-metalnim logotipima i sivim za tri pruge na ramenima. Kako bi se upotpunio diskretan izgled, Arsenal 2022-23 je opremljen slabim apstraktnim geometrijskim uzorkom na prednjoj strani i na rukavima. Ovaj uzorak sastoji se od slova AFC, \u010diji je font izravno inspiriran Arsenalovim natpisima kojima prolaze navija\u010di na putu do Emirates stadiona.<\/p>\n<p>Savjeti za ispis: Ako ime i broj na slici to\u010dno odgovaraju va\u0161im \u017eeljama, ne morate ih ponovno unositi. Ako ne, unesite \u017eeljeno ime i broj.<\/p>\n<p>Savjeti za pranje: Preporu\u010duje se ru\u010dno pranje nogometnih dresova. Ako \u017eelite koristiti perilicu, sjetite se okrenuti dresove naopako prije pranja. Napunite perilicu hladnom vodom i koristite program za osjetljive tkanine kako biste bolje za\u0161titili boje.<\/p>","protected":false},"excerpt":{"rendered":"<p>Das Arsenal 22-23 Ausw\u00e4rtstrikot pr\u00e4sentiert sich in einem edlen Look in Schwarz mit bronze-metallischen Details.Das Adidas Arsenal 22-23 Ausw\u00e4rtstrikot ist schwarz, kombiniert mit Gold-Metallic f\u00fcr alle Logos und grau f\u00fcr die 3 Streifen auf den Schultern.Um den unauff\u00e4lligen Look abzurunden, ist das Arsenal 2022-23 mit einem schwachen abstrakten geometrischen Druck auf der Vorderseite und den [&hellip;]<\/p>","protected":false},"featured_media":11971,"comment_status":"open","ping_status":"closed","template":"","meta":[],"product_brand":[],"product_cat":[55],"product_tag":[451,20,21,22,23,54,24],"class_list":{"0":"post-11931","1":"product","2":"type-product","3":"status-publish","4":"has-post-thumbnail","6":"product_cat-arsenal","7":"product_tag-arsenal-22-23-auswaertstrikot","8":"product_tag-coole-fussballtrikots","9":"product_tag-fussballtrikot-fuer-herren","10":"product_tag-fussballtrikot-guenstig-kaufen","11":"product_tag-fussballtrikot-kurzarm","12":"product_tag-fussballtrikot-set","13":"product_tag-guenstiges-fussballtrikot","15":"first","16":"instock","17":"shipping-taxable","18":"purchasable","19":"product-type-variable"},"_links":{"self":[{"href":"https:\/\/www.billigtrikotde.com\/hr\/wp-json\/wp\/v2\/product\/11931","targetHints":{"allow":["GET"]}}],"collection":[{"href":"https:\/\/www.billigtrikotde.com\/hr\/wp-json\/wp\/v2\/product"}],"about":[{"href":"https:\/\/www.billigtrikotde.com\/hr\/wp-json\/wp\/v2\/types\/product"}],"replies":[{"embeddable":true,"href":"https:\/\/www.billigtrikotde.com\/hr\/wp-json\/wp\/v2\/comments?post=11931"}],"wp:featuredmedia":[{"embeddable":true,"href":"https:\/\/www.billigtrikotde.com\/hr\/wp-json\/wp\/v2\/media\/11971"}],"wp:attachment":[{"href":"https:\/\/www.billigtrikotde.com\/hr\/wp-json\/wp\/v2\/media?parent=11931"}],"wp:term":[{"taxonomy":"product_brand","embeddable":true,"href":"https:\/\/www.billigtrikotde.com\/hr\/wp-json\/wp\/v2\/product_brand?post=11931"},{"taxonomy":"product_cat","embeddable":true,"href":"https:\/\/www.billigtrikotde.com\/hr\/wp-json\/wp\/v2\/product_cat?post=11931"},{"taxonomy":"product_tag","embeddable":true,"href":"https:\/\/www.billigtrikotde.com\/hr\/wp-json\/wp\/v2\/product_tag?post=11931"}],"curies":[{"name":"wp","href":"https:\/\/api.w.org\/{rel}","templated":true}]}}