{"id":11587,"date":"2024-10-24T04:22:40","date_gmt":"2024-10-24T02:22:40","guid":{"rendered":"http:\/\/billigtrikots.com\/?post_type=product&#038;p=11587"},"modified":"2024-10-24T04:24:53","modified_gmt":"2024-10-24T02:24:53","slug":"j-m-gimenez-2-herren-atletico-madrid-2022-23-auswaertstrikot-schwarz-kurzarm-kurze-hosen","status":"publish","type":"product","link":"https:\/\/www.billigtrikotde.com\/hr\/j-m-gimenez-2-herren-atletico-madrid-2022-23-auswaertstrikot-schwarz-kurzarm-kurze-hosen\/","title":{"rendered":"J.M.GIM\u00c9NEZ 2 mu\u0161karci Atl\u00e9tico Madrid 2022\/23 gostuju\u0107i dres crni kratkih rukava + kratke hla\u010de"},"content":{"rendered":"<p>Otkrijte gostuju\u0107u majicu Atl\u00e9tico Madrid 2022\/2023. Ponosno nosite boje svog omiljenog kluba na terenu ili van njega.<\/p>\n<p>Fleksibilna i lagana majica s Nike Dri Fit tehnologijom, odjevni komad koji sprje\u010dava ulazak znoja tijekom va\u0161e igre ili treninga. Ostanite suhi nakon ubrzanja.<\/p>\n<p>Zamislite navija\u010de Wanda Metropolitano kako vas bodre nakon sjajnog pogotka.<\/p>\n<p>Dres je inspiriran dresom profesionalne mom\u010dadi tijekom utakmica.<\/p>\n<p>Savjeti za ispis: Ako ime i broj na slici to\u010dno odgovaraju va\u0161im \u017eeljama, ne morate ih ponovno unositi. Ako ne, unesite \u017eeljeno ime i broj.<\/p>\n<p>Savjeti za pranje: Preporu\u010duje se ru\u010dno pranje nogometnih dresova. Ako \u017eelite koristiti perilicu, sjetite se okrenuti dresove naopako prije pranja. Napunite perilicu hladnom vodom i koristite program za osjetljive tkanine kako biste bolje za\u0161titili boje.<\/p>","protected":false},"excerpt":{"rendered":"<p>Otkrijte gostuju\u0107i dres Atl\u00e9tico Madrid 2022\/2023. Nosite ponosno boje svog omiljenog kluba na terenu ili van njega. Fleksibilan i lagan dres s Nike Dri-Fit tehnologijom, odjevni predmet koji sprje\u010dava znojenje tijekom va\u0161e igre ili treninga. Ostanite suhi nakon va\u0161eg ubrzanja. Zamislite navija\u010de na Wanda Metropolitano [\u2026]<\/p>","protected":false},"featured_media":11625,"comment_status":"open","ping_status":"closed","template":"","meta":[],"product_brand":[],"product_cat":[88],"product_tag":[200,90,20,21,22,23,24],"class_list":{"0":"post-11587","1":"product","2":"type-product","3":"status-publish","4":"has-post-thumbnail","6":"product_cat-atletico-madrid","7":"product_tag-atletico-madrid-auswaertstrikot","8":"product_tag-atletico-madrid-trikots","9":"product_tag-coole-fussballtrikots","10":"product_tag-fussballtrikot-fuer-herren","11":"product_tag-fussballtrikot-guenstig-kaufen","12":"product_tag-fussballtrikot-kurzarm","13":"product_tag-guenstiges-fussballtrikot","15":"first","16":"instock","17":"shipping-taxable","18":"purchasable","19":"product-type-variable"},"_links":{"self":[{"href":"https:\/\/www.billigtrikotde.com\/hr\/wp-json\/wp\/v2\/product\/11587","targetHints":{"allow":["GET"]}}],"collection":[{"href":"https:\/\/www.billigtrikotde.com\/hr\/wp-json\/wp\/v2\/product"}],"about":[{"href":"https:\/\/www.billigtrikotde.com\/hr\/wp-json\/wp\/v2\/types\/product"}],"replies":[{"embeddable":true,"href":"https:\/\/www.billigtrikotde.com\/hr\/wp-json\/wp\/v2\/comments?post=11587"}],"wp:featuredmedia":[{"embeddable":true,"href":"https:\/\/www.billigtrikotde.com\/hr\/wp-json\/wp\/v2\/media\/11625"}],"wp:attachment":[{"href":"https:\/\/www.billigtrikotde.com\/hr\/wp-json\/wp\/v2\/media?parent=11587"}],"wp:term":[{"taxonomy":"product_brand","embeddable":true,"href":"https:\/\/www.billigtrikotde.com\/hr\/wp-json\/wp\/v2\/product_brand?post=11587"},{"taxonomy":"product_cat","embeddable":true,"href":"https:\/\/www.billigtrikotde.com\/hr\/wp-json\/wp\/v2\/product_cat?post=11587"},{"taxonomy":"product_tag","embeddable":true,"href":"https:\/\/www.billigtrikotde.com\/hr\/wp-json\/wp\/v2\/product_tag?post=11587"}],"curies":[{"name":"wp","href":"https:\/\/api.w.org\/{rel}","templated":true}]}}