{"id":1158,"date":"2024-10-23T13:18:34","date_gmt":"2024-10-23T11:18:34","guid":{"rendered":"http:\/\/billigtrikots.com\/?post_type=product&#038;p=1158"},"modified":"2024-10-23T13:20:56","modified_gmt":"2024-10-23T11:20:56","slug":"manchester-united-ausweichtrikot-2022-blau-mit-aufdruck-rooney-10","status":"publish","type":"product","link":"https:\/\/www.billigtrikotde.com\/hr\/manchester-united-ausweichtrikot-2022-blau-mit-aufdruck-rooney-10\/","title":{"rendered":"Manchester United zamjensko dres 2022 plavi s natpisom Rooney 10"},"content":{"rendered":"<p>Zapalite Crvene uz a-didas Manchester United 21\/22 mlazni dres za gostovanje, opremljen teku\u0107im detaljima kluba za tradicionalan izgled.<br \/>\nAdidas Manchester United 21\/22 mlazni dres za gostovanje reinterpretira klasiku ranih 90-ih i nadahnjuje se dresom za gostovanje koji je nosila Unitedova talentirana mlada mom\u010dad dok su zapo\u010dinjali uzbudljivu novu eru.<\/p>\n<p>Njegov moderan dizajn preuzima plavu, crnu i \u017eutu boju originala te zamjenjuje pruge geometrijskim uzorkom koji jo\u0161 suptilno integrira Manchesterovo \u201eM\u201c.<\/p>\n<p>Navija\u010dka verzija dresa dizajnirana je za le\u017eernu udobnost i ima ne\u0161to opu\u0161teniji kroj te vezano brendiranje za dugotrajan stil na terenu i izvan njega.<\/p>\n<p>Savjeti za ispis: Ako ime i broj na slici to\u010dno odgovaraju va\u0161im \u017eeljama, ne morate ih ponovno unositi. Ako ne, unesite \u017eeljeno ime i broj.<\/p>\n<p>Savjeti za pranje: Preporu\u010duje se ru\u010dno pranje nogometnih dresova. Ako \u017eelite koristiti perilicu, sjetite se okrenuti dresove naopako prije pranja. Napunite perilicu hladnom vodom i koristite program za osjetljive tkanine kako biste bolje za\u0161titili boje.<\/p>","protected":false},"excerpt":{"rendered":"<p>Feuere die Reds mit dem a-didas Manchester United 21\/22 Ausweichtrikot an, das mit gewebten Vereinsdetails f\u00fcr einen traditionellen Look ausgestattet ist. Das adidas Manchester United 21\/22 Ausweichtrikot interpretiert einen Klassiker der fr\u00fchen 90er neu und l\u00e4sst sich von dem Ausw\u00e4rtstrikot inspirieren, das Uniteds talentierte junge Mannschaft trug, als sie eine aufregende neue \u00c4ra begann. Sein [&hellip;]<\/p>","protected":false},"featured_media":1201,"comment_status":"open","ping_status":"closed","template":"","meta":[],"product_brand":[],"product_cat":[50],"product_tag":[20,21,22,23,24,53,52],"class_list":{"0":"post-1158","1":"product","2":"type-product","3":"status-publish","4":"has-post-thumbnail","6":"product_cat-manchester-united","7":"product_tag-coole-fussballtrikots","8":"product_tag-fussballtrikot-fuer-herren","9":"product_tag-fussballtrikot-guenstig-kaufen","10":"product_tag-fussballtrikot-kurzarm","11":"product_tag-guenstiges-fussballtrikot","12":"product_tag-manchester-united-ausweichtrikot","13":"product_tag-manchester-united-trikots","15":"first","16":"instock","17":"shipping-taxable","18":"purchasable","19":"product-type-variable"},"_links":{"self":[{"href":"https:\/\/www.billigtrikotde.com\/hr\/wp-json\/wp\/v2\/product\/1158","targetHints":{"allow":["GET"]}}],"collection":[{"href":"https:\/\/www.billigtrikotde.com\/hr\/wp-json\/wp\/v2\/product"}],"about":[{"href":"https:\/\/www.billigtrikotde.com\/hr\/wp-json\/wp\/v2\/types\/product"}],"replies":[{"embeddable":true,"href":"https:\/\/www.billigtrikotde.com\/hr\/wp-json\/wp\/v2\/comments?post=1158"}],"wp:featuredmedia":[{"embeddable":true,"href":"https:\/\/www.billigtrikotde.com\/hr\/wp-json\/wp\/v2\/media\/1201"}],"wp:attachment":[{"href":"https:\/\/www.billigtrikotde.com\/hr\/wp-json\/wp\/v2\/media?parent=1158"}],"wp:term":[{"taxonomy":"product_brand","embeddable":true,"href":"https:\/\/www.billigtrikotde.com\/hr\/wp-json\/wp\/v2\/product_brand?post=1158"},{"taxonomy":"product_cat","embeddable":true,"href":"https:\/\/www.billigtrikotde.com\/hr\/wp-json\/wp\/v2\/product_cat?post=1158"},{"taxonomy":"product_tag","embeddable":true,"href":"https:\/\/www.billigtrikotde.com\/hr\/wp-json\/wp\/v2\/product_tag?post=1158"}],"curies":[{"name":"wp","href":"https:\/\/api.w.org\/{rel}","templated":true}]}}