{"id":11578,"date":"2024-10-24T04:22:06","date_gmt":"2024-10-24T02:22:06","guid":{"rendered":"http:\/\/billigtrikots.com\/?post_type=product&#038;p=11578"},"modified":"2024-10-24T04:24:51","modified_gmt":"2024-10-24T02:24:51","slug":"son-7-herren-fussballtrikot-tottenham-hotspur-2022-23-stadium-ausweichtrikot","status":"publish","type":"product","link":"https:\/\/www.billigtrikotde.com\/hr\/son-7-herren-fussballtrikot-tottenham-hotspur-2022-23-stadium-ausweichtrikot\/","title":{"rendered":"SON #7 Mu\u0161ka nogometna majica Tottenham Hotspur 2022-23 Stadion zamjenska majica"},"content":{"rendered":"<p>Tre\u0107a majica Nike Spurs 2022-23 prikazuje se u sjajnom izgledu tamno tirkizne boje s naglascima i detaljima u crnoj i bijeloj boji.<\/p>\n<p>Nova tre\u0107a majica Tottenham Hotspursa odlikuje se apstraktnim grafi\u010dkim printom koji pokriva cijelu prednju stranu i rukave, a vjerojatno i ve\u0107i dio, ako ne i cijelu stra\u017enju stranu. Logotipi su u cijelosti bijeli, uklju\u010duju\u0107i jednobojni prikaz Spursovog grba.<\/p>\n<p>U slu\u017ebenoj obavijesti navodi se da je grafika na prednjoj strani tre\u0107e majice Spursa 2022-2023 inspirirana \u201eneprestano razvijaju\u0107om DNA-om Tottenhama i popularnom Nike TN serijom tenisica\u201c.<\/p>\n<p>Izgled Nike Tottenham 22-23 majice upotpunjuje crni okrugli ovratnik i man\u017eete na rukavima, koji su djelomi\u010dno crni, djelomi\u010dno tamno tirkizni. Po \u0161abloni, tre\u0107a majica Nike Tottenham Hotspur F.C. 2022-2023 je isti model kao i majica 22-23.<\/p>\n<p>Savjeti za ispis: Ako ime i broj na slici to\u010dno odgovaraju va\u0161im \u017eeljama, ne morate ih ponovno unositi. Ako ne, unesite \u017eeljeno ime i broj.<\/p>\n<p>Savjeti za pranje: Preporu\u010duje se ru\u010dno pranje nogometnih dresova. Ako \u017eelite koristiti perilicu, sjetite se okrenuti dresove naopako prije pranja. Napunite perilicu hladnom vodom i koristite program za osjetljive tkanine kako biste bolje za\u0161titili boje.<\/p>","protected":false},"excerpt":{"rendered":"<p>Tre\u0107i dres Nike Spurs 2022-23 prikazuje se u blistavom izgledu tamno tirkizne boje s akcentima i detaljima u crnoj i bijeloj. Novi tre\u0107i dres Tottenham Hotspurs isti\u010de se apstraktnim grafi\u010dkim tiskom koji pokriva cijelu prednju stranu i rukave, a vjerojatno i veliki dio, ako ne i cijeli [...]<\/p>","protected":false},"featured_media":11615,"comment_status":"open","ping_status":"closed","template":"","meta":[],"product_brand":[],"product_cat":[178],"product_tag":[20,21,22,23,24,335,438,437,104],"class_list":{"0":"post-11578","1":"product","2":"type-product","3":"status-publish","4":"has-post-thumbnail","6":"product_cat-tottenham-hotspur","7":"product_tag-coole-fussballtrikots","8":"product_tag-fussballtrikot-fuer-herren","9":"product_tag-fussballtrikot-guenstig-kaufen","10":"product_tag-fussballtrikot-kurzarm","11":"product_tag-guenstiges-fussballtrikot","12":"product_tag-shop-tottenham-hotspur-trikot","13":"product_tag-tottenham-hotspur-22-23-third-kit","14":"product_tag-tottenham-hotspur-ausweichtrikot","15":"product_tag-tottenham-hotspur-trikots","17":"first","18":"instock","19":"shipping-taxable","20":"purchasable","21":"product-type-variable"},"_links":{"self":[{"href":"https:\/\/www.billigtrikotde.com\/hr\/wp-json\/wp\/v2\/product\/11578","targetHints":{"allow":["GET"]}}],"collection":[{"href":"https:\/\/www.billigtrikotde.com\/hr\/wp-json\/wp\/v2\/product"}],"about":[{"href":"https:\/\/www.billigtrikotde.com\/hr\/wp-json\/wp\/v2\/types\/product"}],"replies":[{"embeddable":true,"href":"https:\/\/www.billigtrikotde.com\/hr\/wp-json\/wp\/v2\/comments?post=11578"}],"wp:featuredmedia":[{"embeddable":true,"href":"https:\/\/www.billigtrikotde.com\/hr\/wp-json\/wp\/v2\/media\/11615"}],"wp:attachment":[{"href":"https:\/\/www.billigtrikotde.com\/hr\/wp-json\/wp\/v2\/media?parent=11578"}],"wp:term":[{"taxonomy":"product_brand","embeddable":true,"href":"https:\/\/www.billigtrikotde.com\/hr\/wp-json\/wp\/v2\/product_brand?post=11578"},{"taxonomy":"product_cat","embeddable":true,"href":"https:\/\/www.billigtrikotde.com\/hr\/wp-json\/wp\/v2\/product_cat?post=11578"},{"taxonomy":"product_tag","embeddable":true,"href":"https:\/\/www.billigtrikotde.com\/hr\/wp-json\/wp\/v2\/product_tag?post=11578"}],"curies":[{"name":"wp","href":"https:\/\/api.w.org\/{rel}","templated":true}]}}