{"id":11511,"date":"2024-10-24T04:18:13","date_gmt":"2024-10-24T02:18:13","guid":{"rendered":"http:\/\/billigtrikots.com\/?post_type=product&#038;p=11511"},"modified":"2024-10-24T04:20:50","modified_gmt":"2024-10-24T02:20:50","slug":"tottenham-hotspur-2023-heim-trikot-weiss-marineblau-fussballtrikot-trikotsatz-bale-9","status":"publish","type":"product","link":"https:\/\/www.billigtrikotde.com\/hr\/tottenham-hotspur-2023-heim-trikot-weiss-marineblau-fussballtrikot-trikotsatz-bale-9\/","title":{"rendered":"Tottenham Hotspur 2023 doma\u0107i dres bijelo plavi nogometni dres set BALE 9"},"content":{"rendered":"<p>Dres Tottenham Hotspur 22-23 tvrtke Nike temelji se na istom predlo\u0161ku kao i neki drugi Nike 2022-23 dresovi, npr. Chelsea i Hertha Berlin. Uglavnom je bijel i ima zaobljenu \u0161av na prsima.<\/p>\n<p>Ovratnik i man\u017eetna rukava doma\u0107eg dresa Tottenham Hotspur 2022-23 2022-23 Nike su obje mornarsko plave boje s Volt linijom usred.<\/p>\n<p>Unutarnji ovratnik doma\u0107eg dresa Tottenham Hotspur 2022-23 tako\u0111er je u boji Volt i prikazuje niz SPURS natpisa u tamno plavoj boji, ispunjenih i obojenih.<\/p>\n<p>Savjeti za ispis: Ako ime i broj na slici to\u010dno odgovaraju va\u0161im \u017eeljama, ne morate ih ponovno unositi. Ako ne, unesite \u017eeljeno ime i broj.<\/p>\n<p>Savjeti za pranje: Preporu\u010duje se ru\u010dno pranje nogometnih dresova. Ako \u017eelite koristiti perilicu, sjetite se okrenuti dresove naopako prije pranja. Napunite perilicu hladnom vodom i koristite program za osjetljive tkanine kako biste bolje za\u0161titili boje.<\/p>","protected":false},"excerpt":{"rendered":"<p>Nike Tottenham Hotspur 22-23 dres temelji se na istoj predlo\u0161ci kao i neki drugi Nike 2022-23 dresovi, npr. onaj od Chelseaja i Hertha Berlina. Uglavnom je bijel i ima okrugli \u0161av na prsima. Ovratnik i man\u017eete Nike Tottenham Hotspur 2022-23 doma\u0107eg dresa su oboje mornarsko plavi s Volt linijom u [...]<\/p>","protected":false},"featured_media":11552,"comment_status":"open","ping_status":"closed","template":"","meta":[],"product_brand":[],"product_cat":[178],"product_tag":[20,21,22,23,24,335,106,104],"class_list":{"0":"post-11511","1":"product","2":"type-product","3":"status-publish","4":"has-post-thumbnail","6":"product_cat-tottenham-hotspur","7":"product_tag-coole-fussballtrikots","8":"product_tag-fussballtrikot-fuer-herren","9":"product_tag-fussballtrikot-guenstig-kaufen","10":"product_tag-fussballtrikot-kurzarm","11":"product_tag-guenstiges-fussballtrikot","12":"product_tag-shop-tottenham-hotspur-trikot","13":"product_tag-tottenham-hotspur-heimtrikot","14":"product_tag-tottenham-hotspur-trikots","16":"first","17":"instock","18":"shipping-taxable","19":"purchasable","20":"product-type-variable"},"_links":{"self":[{"href":"https:\/\/www.billigtrikotde.com\/hr\/wp-json\/wp\/v2\/product\/11511","targetHints":{"allow":["GET"]}}],"collection":[{"href":"https:\/\/www.billigtrikotde.com\/hr\/wp-json\/wp\/v2\/product"}],"about":[{"href":"https:\/\/www.billigtrikotde.com\/hr\/wp-json\/wp\/v2\/types\/product"}],"replies":[{"embeddable":true,"href":"https:\/\/www.billigtrikotde.com\/hr\/wp-json\/wp\/v2\/comments?post=11511"}],"wp:featuredmedia":[{"embeddable":true,"href":"https:\/\/www.billigtrikotde.com\/hr\/wp-json\/wp\/v2\/media\/11552"}],"wp:attachment":[{"href":"https:\/\/www.billigtrikotde.com\/hr\/wp-json\/wp\/v2\/media?parent=11511"}],"wp:term":[{"taxonomy":"product_brand","embeddable":true,"href":"https:\/\/www.billigtrikotde.com\/hr\/wp-json\/wp\/v2\/product_brand?post=11511"},{"taxonomy":"product_cat","embeddable":true,"href":"https:\/\/www.billigtrikotde.com\/hr\/wp-json\/wp\/v2\/product_cat?post=11511"},{"taxonomy":"product_tag","embeddable":true,"href":"https:\/\/www.billigtrikotde.com\/hr\/wp-json\/wp\/v2\/product_tag?post=11511"}],"curies":[{"name":"wp","href":"https:\/\/api.w.org\/{rel}","templated":true}]}}