{"id":11440,"date":"2024-10-24T04:14:19","date_gmt":"2024-10-24T02:14:19","guid":{"rendered":"http:\/\/billigtrikots.com\/?post_type=product&#038;p=11440"},"modified":"2024-10-24T04:17:00","modified_gmt":"2024-10-24T02:17:00","slug":"alvarez-4-kinder-heimtrikot-mexiko-wm-2022-gruen-kurzarm-kurze-hosen","status":"publish","type":"product","link":"https:\/\/www.billigtrikotde.com\/hr\/alvarez-4-kinder-heimtrikot-mexiko-wm-2022-gruen-kurzarm-kurze-hosen\/","title":{"rendered":"ALVAREZ 4 Dje\u010dja doma\u0107a majica Meksiko SP 2022 zelena kratkih rukava + kratke hla\u010de"},"content":{"rendered":"<p>Dres za Svjetsko prvenstvo 2022. trebao bi imati dizajn inspiriran starim tradicijama, kako je poznato. Izradili smo model kako bi dres za Svjetsko prvenstvo 2022. mogao izgledati. Dres za Hrvatsku 2022. kombinira zelenu osnovnu boju s vjerojatno crvenim i bijelim aplikacijama. Ono \u0161to \u010dini dres jedinstvenim je poseban uzorak na dresu.<br \/>\nDres za Hrvatsku za Svjetsko prvenstvo 2022. imat \u0107e grafiku inspiriranu starim aztekskim oklopima, a posebno perjem Quetzalcoatl-a. Quetzalcoatl (\u201epernata zmija\u201c ili \u201epernata zmija\u201c) je Nahuatl naziv za pernatog bo\u017eanstvo zmije starog mezoameri\u010dkog naroda. Kao i svi ostali Adidas dresovi za Svjetsko prvenstvo 2022., i dres za Hrvatsku 2022. opremljen je novim Adidas logotipom. Tako\u0111er nosi novi grb meksi\u010dkog nogometnog saveza (FMF).<\/p>\n<p>Savjeti za ispis: Ako ime i broj na slici to\u010dno odgovaraju va\u0161im \u017eeljama, ne morate ih ponovno unositi. Ako ne, unesite \u017eeljeno ime i broj.<\/p>\n<p>Savjeti za pranje: Preporu\u010duje se ru\u010dno pranje nogometnih dresova. Ako \u017eelite koristiti perilicu, sjetite se okrenuti dresove naopako prije pranja. Napunite perilicu hladnom vodom i koristite program za osjetljive tkanine kako biste bolje za\u0161titili boje.<\/p>","protected":false},"excerpt":{"rendered":"<p>Meksi\u010dki dres za Svjetsko prvenstvo 2022. trebao bi imati dizajn inspiriran starim tradicijama, kako je poznato. Izradili smo model kako bi dres za Svjetsko prvenstvo 2022. u Meksiku mogao izgledati. Meksi\u010dki dres 2022. kombinira zelenu osnovnu boju s vjerojatno crvenim i bijelim aplikacijama. Ono \u0161to \u010dini dres jedinstvenim je [...]<\/p>","protected":false},"featured_media":11477,"comment_status":"open","ping_status":"closed","template":"","meta":[],"product_brand":[],"product_cat":[251],"product_tag":[20,21,22,23,24,252,253,254],"class_list":{"0":"post-11440","1":"product","2":"type-product","3":"status-publish","4":"has-post-thumbnail","6":"product_cat-mexiko-trikots","7":"product_tag-coole-fussballtrikots","8":"product_tag-fussballtrikot-fuer-herren","9":"product_tag-fussballtrikot-guenstig-kaufen","10":"product_tag-fussballtrikot-kurzarm","11":"product_tag-guenstiges-fussballtrikot","12":"product_tag-mexiko-2022-trikots","13":"product_tag-mexiko-heimtrikot","14":"product_tag-mexiko-trikot-schwarz","16":"first","17":"instock","18":"shipping-taxable","19":"purchasable","20":"product-type-variable"},"_links":{"self":[{"href":"https:\/\/www.billigtrikotde.com\/hr\/wp-json\/wp\/v2\/product\/11440","targetHints":{"allow":["GET"]}}],"collection":[{"href":"https:\/\/www.billigtrikotde.com\/hr\/wp-json\/wp\/v2\/product"}],"about":[{"href":"https:\/\/www.billigtrikotde.com\/hr\/wp-json\/wp\/v2\/types\/product"}],"replies":[{"embeddable":true,"href":"https:\/\/www.billigtrikotde.com\/hr\/wp-json\/wp\/v2\/comments?post=11440"}],"wp:featuredmedia":[{"embeddable":true,"href":"https:\/\/www.billigtrikotde.com\/hr\/wp-json\/wp\/v2\/media\/11477"}],"wp:attachment":[{"href":"https:\/\/www.billigtrikotde.com\/hr\/wp-json\/wp\/v2\/media?parent=11440"}],"wp:term":[{"taxonomy":"product_brand","embeddable":true,"href":"https:\/\/www.billigtrikotde.com\/hr\/wp-json\/wp\/v2\/product_brand?post=11440"},{"taxonomy":"product_cat","embeddable":true,"href":"https:\/\/www.billigtrikotde.com\/hr\/wp-json\/wp\/v2\/product_cat?post=11440"},{"taxonomy":"product_tag","embeddable":true,"href":"https:\/\/www.billigtrikotde.com\/hr\/wp-json\/wp\/v2\/product_tag?post=11440"}],"curies":[{"name":"wp","href":"https:\/\/api.w.org\/{rel}","templated":true}]}}