{"id":11430,"date":"2024-10-24T04:13:44","date_gmt":"2024-10-24T02:13:44","guid":{"rendered":"http:\/\/billigtrikots.com\/?post_type=product&#038;p=11430"},"modified":"2024-10-24T04:16:28","modified_gmt":"2024-10-24T02:16:28","slug":"kinder-fussball-trikot-mexiko-2022-wm-auswaertstrikot-trikotsatz-kit-personalisierbar","status":"publish","type":"product","link":"https:\/\/www.billigtrikotde.com\/hr\/kinder-fussball-trikot-mexiko-2022-wm-auswaertstrikot-trikotsatz-kit-personalisierbar\/","title":{"rendered":"Dje\u010dji nogometni dres Meksiko 2022 SP gostuju\u0107i dres komplet s otiskom"},"content":{"rendered":"<p>Pozovi svoj borbeni duh kako bi stigao do svjetske injekcije nogometa. Za to smo ovom adidas Mexiko gostuju\u0107om majicom za djecu i tinejd\u017eere dali izgled inspiriran mije\u0161anim simbolima i aztekim bo\u017eanstvima. Usred ovog upe\u010datljivog uzorka nalazi se i zmijin trup Quetzalcoatl-a \u2013 prikaz fizi\u010dkih sposobnosti \u010dovje\u010danstva. Mesh umetci i tehnologija AEROREADY za upijanje vlage garantiraju ti ugodan osje\u0107aj pri no\u0161enju. A potpuno novi klubni logo isti\u010de tvoju ljubav prema navija\u010dima.<\/p>\n<p>Adidas Mexiko 2022 Svjetsko prvenstvo gostuju\u0107a majica je \u201eWonder White\u201c, kombinirana s crvenom za logotipe i tri pruge. Posebnost nove Mexiko 2022 gostuju\u0107e majice je uzorak koji je inspiriran Quetzalcoatl-om, \u201eOpe\u010denom zmijom\u201c.<\/p>\n<p>Savjeti za ispis: Ako ime i broj na slici to\u010dno odgovaraju va\u0161im \u017eeljama, ne morate ih ponovno unositi. Ako ne, unesite \u017eeljeno ime i broj.<\/p>\n<p>Savjeti za pranje: Preporu\u010duje se ru\u010dno pranje nogometnih dresova. Ako \u017eelite koristiti perilicu, sjetite se okrenuti dresove naopako prije pranja. Napunite perilicu hladnom vodom i koristite program za osjetljive tkanine kako biste bolje za\u0161titili boje.<\/p>","protected":false},"excerpt":{"rendered":"<p>Pozovi svoj borbeni duh da stigne do svjetske injekcije nogometa. Za to smo ovom adidas Mexiko gostuju\u0107om majicom za djecu i tinejd\u017eere dali izgled inspiriran mije\u0161anim znakovima i aztekim bo\u017eanstvima. Usred ovog upe\u010datljivog uzorka cijelog dizajna nalazi se i tijelo zmije Quetzalcoatl \u2013 prikaz fizi\u010dkih sposobnosti \u010dovje\u010danstva. Mesh umetci i upijaju\u0107i vlagu [\u2026]<\/p>","protected":false},"featured_media":11474,"comment_status":"open","ping_status":"closed","template":"","meta":[],"product_brand":[],"product_cat":[251],"product_tag":[20,21,22,23,24,252,360],"class_list":{"0":"post-11430","1":"product","2":"type-product","3":"status-publish","4":"has-post-thumbnail","6":"product_cat-mexiko-trikots","7":"product_tag-coole-fussballtrikots","8":"product_tag-fussballtrikot-fuer-herren","9":"product_tag-fussballtrikot-guenstig-kaufen","10":"product_tag-fussballtrikot-kurzarm","11":"product_tag-guenstiges-fussballtrikot","12":"product_tag-mexiko-2022-trikots","13":"product_tag-mexiko-2022-wm-auswaertstrikot","15":"first","16":"instock","17":"shipping-taxable","18":"purchasable","19":"product-type-variable"},"_links":{"self":[{"href":"https:\/\/www.billigtrikotde.com\/hr\/wp-json\/wp\/v2\/product\/11430","targetHints":{"allow":["GET"]}}],"collection":[{"href":"https:\/\/www.billigtrikotde.com\/hr\/wp-json\/wp\/v2\/product"}],"about":[{"href":"https:\/\/www.billigtrikotde.com\/hr\/wp-json\/wp\/v2\/types\/product"}],"replies":[{"embeddable":true,"href":"https:\/\/www.billigtrikotde.com\/hr\/wp-json\/wp\/v2\/comments?post=11430"}],"wp:featuredmedia":[{"embeddable":true,"href":"https:\/\/www.billigtrikotde.com\/hr\/wp-json\/wp\/v2\/media\/11474"}],"wp:attachment":[{"href":"https:\/\/www.billigtrikotde.com\/hr\/wp-json\/wp\/v2\/media?parent=11430"}],"wp:term":[{"taxonomy":"product_brand","embeddable":true,"href":"https:\/\/www.billigtrikotde.com\/hr\/wp-json\/wp\/v2\/product_brand?post=11430"},{"taxonomy":"product_cat","embeddable":true,"href":"https:\/\/www.billigtrikotde.com\/hr\/wp-json\/wp\/v2\/product_cat?post=11430"},{"taxonomy":"product_tag","embeddable":true,"href":"https:\/\/www.billigtrikotde.com\/hr\/wp-json\/wp\/v2\/product_tag?post=11430"}],"curies":[{"name":"wp","href":"https:\/\/api.w.org\/{rel}","templated":true}]}}