{"id":11349,"date":"2024-10-24T04:08:43","date_gmt":"2024-10-24T02:08:43","guid":{"rendered":"http:\/\/billigtrikots.com\/?post_type=product&#038;p=11349"},"modified":"2024-10-24T04:11:53","modified_gmt":"2024-10-24T02:11:53","slug":"brasilien-wm-2022-trikot-gelb-kurzarm-trikotsatz-herren-fussballtrikots-bruno-g-17","status":"publish","type":"product","link":"https:\/\/www.billigtrikotde.com\/hr\/brasilien-wm-2022-trikot-gelb-kurzarm-trikotsatz-herren-fussballtrikots-bruno-g-17\/","title":{"rendered":"Brazil WM 2022 dres \u017euti kratkih rukava komplet za mu\u0161karce nogometne dresove BRUNO G. 17"},"content":{"rendered":"<p>Nike Brazil 2022 dres za Svjetsko prvenstvo zamjenjuje klasi\u010dnu \u017eutu bojom koja je svjetlija, slu\u017ebeno \u201eDynamic Yellow\u201c. \u0160to se ti\u010de dizajna, dres za Svjetsko prvenstvo 2022 u Brazilu ima mali tradicionalni ovratnik koji je obojen zeleno i ukra\u0161en plavom prugom. Diskretni uzorak leoparda na prednjoj i stra\u017enjoj strani te na rukavima povezuje dizajn s gostuju\u0107im dresom za Svjetsko prvenstvo 2022 u Brazilu.<\/p>\n<p>Savjeti za ispis: Ako ime i broj na slici to\u010dno odgovaraju va\u0161im \u017eeljama, ne morate ih ponovno unositi. Ako ne, unesite \u017eeljeno ime i broj.<\/p>\n<p>Savjeti za pranje: Preporu\u010duje se ru\u010dno pranje nogometnih dresova. Ako \u017eelite koristiti perilicu, sjetite se okrenuti dresove naopako prije pranja. Napunite perilicu hladnom vodom i koristite program za osjetljive tkanine kako biste bolje za\u0161titili boje.<\/p>","protected":false},"excerpt":{"rendered":"<p>Nike Brazil 2022 dres za Svjetsko prvenstvo zamjenjuje klasi\u010dnu \u017eutu boju s jarkom \u017eutom, slu\u017ebeno \u201eDynamic Yellow\u201c. \u0160to se ti\u010de dizajna, dres za Svjetsko prvenstvo Brazil 2022 ima mali tradicionalni ovratnik, obojen zeleno i ukra\u0161en plavom prugom. Diskretni uzorak leoparda na prednjoj i stra\u017enjoj strani te na rukavima povezuje dizajn s [\u2026]<\/p>","protected":false},"featured_media":11388,"comment_status":"open","ping_status":"closed","template":"","meta":[],"product_brand":[],"product_cat":[112],"product_tag":[20,430,431,432,113,114,222,21,22,23,24],"class_list":{"0":"post-11349","1":"product","2":"type-product","3":"status-publish","4":"has-post-thumbnail","6":"product_cat-brasilien-trikots","7":"product_tag-coole-fussballtrikots","8":"product_tag-brasilien-2022-wm-fussballtrikot","9":"product_tag-brasilien-2022-wm-trikot","10":"product_tag-brasilien-2022-world-cup-heimtrikot","11":"product_tag-brasilien-heimtrikot","12":"product_tag-brasilien-trikots","13":"product_tag-fussball-wm-2022-trikots","14":"product_tag-fussballtrikot-fuer-herren","15":"product_tag-fussballtrikot-guenstig-kaufen","16":"product_tag-fussballtrikot-kurzarm","17":"product_tag-guenstiges-fussballtrikot","19":"first","20":"instock","21":"shipping-taxable","22":"purchasable","23":"product-type-variable"},"_links":{"self":[{"href":"https:\/\/www.billigtrikotde.com\/hr\/wp-json\/wp\/v2\/product\/11349","targetHints":{"allow":["GET"]}}],"collection":[{"href":"https:\/\/www.billigtrikotde.com\/hr\/wp-json\/wp\/v2\/product"}],"about":[{"href":"https:\/\/www.billigtrikotde.com\/hr\/wp-json\/wp\/v2\/types\/product"}],"replies":[{"embeddable":true,"href":"https:\/\/www.billigtrikotde.com\/hr\/wp-json\/wp\/v2\/comments?post=11349"}],"wp:featuredmedia":[{"embeddable":true,"href":"https:\/\/www.billigtrikotde.com\/hr\/wp-json\/wp\/v2\/media\/11388"}],"wp:attachment":[{"href":"https:\/\/www.billigtrikotde.com\/hr\/wp-json\/wp\/v2\/media?parent=11349"}],"wp:term":[{"taxonomy":"product_brand","embeddable":true,"href":"https:\/\/www.billigtrikotde.com\/hr\/wp-json\/wp\/v2\/product_brand?post=11349"},{"taxonomy":"product_cat","embeddable":true,"href":"https:\/\/www.billigtrikotde.com\/hr\/wp-json\/wp\/v2\/product_cat?post=11349"},{"taxonomy":"product_tag","embeddable":true,"href":"https:\/\/www.billigtrikotde.com\/hr\/wp-json\/wp\/v2\/product_tag?post=11349"}],"curies":[{"name":"wp","href":"https:\/\/api.w.org\/{rel}","templated":true}]}}