{"id":11229,"date":"2024-10-24T04:01:38","date_gmt":"2024-10-24T02:01:38","guid":{"rendered":"http:\/\/billigtrikots.com\/?post_type=product&#038;p=11229"},"modified":"2024-10-24T04:04:15","modified_gmt":"2024-10-24T02:04:15","slug":"neuen-herren-brasilien-wm-2022-auswaertstrikot-blaue-trikotsatz-mit-aufdruck-t-silva-3","status":"publish","type":"product","link":"https:\/\/www.billigtrikotde.com\/hr\/neuen-herren-brasilien-wm-2022-auswaertstrikot-blaue-trikotsatz-mit-aufdruck-t-silva-3\/","title":{"rendered":"Novi mu\u0161ki Brazil WM 2022 gostuju\u0107i dres plavi komplet dresa sa natpisom T.SILVA 3"},"content":{"rendered":"<p>Nike Brazil 2022 Svjetsko prvenstvo gostuju\u0107i dres kombinira plavu osnovnu boju s svijetlozelenim Swooshom. Slu\u017ebene boje su \u201eParamount Blue\/Dynamic Yellow\/Green Spark\u201c. Bijele hla\u010de i plave \u010darape upotpunjuju Brazil 2022 Svjetsko prvenstvo gostuju\u0107i dres.<\/p>\n<p>Savjeti za ispis: Ako ime i broj na slici to\u010dno odgovaraju va\u0161im \u017eeljama, ne morate ih ponovno unositi. Ako ne, unesite \u017eeljeno ime i broj.<\/p>\n<p>Savjeti za pranje: Preporu\u010duje se ru\u010dno pranje nogometnih dresova. Ako \u017eelite koristiti perilicu, sjetite se okrenuti dresove naopako prije pranja. Napunite perilicu hladnom vodom i koristite program za osjetljive tkanine kako biste bolje za\u0161titili boje.<\/p>","protected":false},"excerpt":{"rendered":"<p>Nike Hrvatska 2022 Svjetsko prvenstvo gostuju\u0107i dres kombinira plavu osnovnu boju s svijetlozelenim Swooshom. Slu\u017ebene boje su \u201eParamount Blue\/Dynamic Yellow\/Green Spark\u201c. Bijele hla\u010de i plave \u010darape upotpunjuju Hrvatska 2022 Svjetsko prvenstvo gostuju\u0107i dres. Savjeti za tiskanje: Ako je ime i broj na slici to\u010dno onome \u0161to \u017eelite, ne morate ih ponovno unositi. [...]<\/p>","protected":false},"featured_media":11271,"comment_status":"open","ping_status":"closed","template":"","meta":[],"product_brand":[],"product_cat":[112],"product_tag":[20,429,210,114,222,21,22,23,24],"class_list":{"0":"post-11229","1":"product","2":"type-product","3":"status-publish","4":"has-post-thumbnail","6":"product_cat-brasilien-trikots","7":"product_tag-coole-fussballtrikots","8":"product_tag-brasilien-2022-world-cup-auswaertstrikot","9":"product_tag-brasilien-auswaertstrikot","10":"product_tag-brasilien-trikots","11":"product_tag-fussball-wm-2022-trikots","12":"product_tag-fussballtrikot-fuer-herren","13":"product_tag-fussballtrikot-guenstig-kaufen","14":"product_tag-fussballtrikot-kurzarm","15":"product_tag-guenstiges-fussballtrikot","17":"first","18":"instock","19":"shipping-taxable","20":"purchasable","21":"product-type-variable"},"_links":{"self":[{"href":"https:\/\/www.billigtrikotde.com\/hr\/wp-json\/wp\/v2\/product\/11229","targetHints":{"allow":["GET"]}}],"collection":[{"href":"https:\/\/www.billigtrikotde.com\/hr\/wp-json\/wp\/v2\/product"}],"about":[{"href":"https:\/\/www.billigtrikotde.com\/hr\/wp-json\/wp\/v2\/types\/product"}],"replies":[{"embeddable":true,"href":"https:\/\/www.billigtrikotde.com\/hr\/wp-json\/wp\/v2\/comments?post=11229"}],"wp:featuredmedia":[{"embeddable":true,"href":"https:\/\/www.billigtrikotde.com\/hr\/wp-json\/wp\/v2\/media\/11271"}],"wp:attachment":[{"href":"https:\/\/www.billigtrikotde.com\/hr\/wp-json\/wp\/v2\/media?parent=11229"}],"wp:term":[{"taxonomy":"product_brand","embeddable":true,"href":"https:\/\/www.billigtrikotde.com\/hr\/wp-json\/wp\/v2\/product_brand?post=11229"},{"taxonomy":"product_cat","embeddable":true,"href":"https:\/\/www.billigtrikotde.com\/hr\/wp-json\/wp\/v2\/product_cat?post=11229"},{"taxonomy":"product_tag","embeddable":true,"href":"https:\/\/www.billigtrikotde.com\/hr\/wp-json\/wp\/v2\/product_tag?post=11229"}],"curies":[{"name":"wp","href":"https:\/\/api.w.org\/{rel}","templated":true}]}}