{"id":11155,"date":"2024-10-24T03:57:13","date_gmt":"2024-10-24T01:57:13","guid":{"rendered":"http:\/\/billigtrikots.com\/?post_type=product&#038;p=11155"},"modified":"2024-10-24T03:59:50","modified_gmt":"2024-10-24T01:59:50","slug":"herren-paris-saint-germain-psg-2022-23-heimtrikot-kurzarm-kurze-hosen-mit-namen-sergio-ramos-4","status":"publish","type":"product","link":"https:\/\/www.billigtrikotde.com\/hr\/herren-paris-saint-germain-psg-2022-23-heimtrikot-kurzarm-kurze-hosen-mit-namen-sergio-ramos-4\/","title":{"rendered":"Mu\u0161ki Paris Saint Germain PSG 2022-23 doma\u0107i dres kratkih rukava + kratke hla\u010de s imenom SERGIO RAMOS 4"},"content":{"rendered":"<p>Nakon jednobojnog dresa iz 21-22, Nike PSG dres 2022-23 je plav s bijelim srednjim prugom, okru\u017eenom tanjim crvenim prugama \u2013 obrnuti hechter, ako tako \u017eeli\u0161. Stra\u017enja strana je jednobojno plava. Logotipi na PSG dresu 22-23 su smje\u0161teni u sredini, pri \u010demu je Swoosh ispod grba kluba. \u010cini se da je predlo\u017eak za Nike PSG 2022-23 dres isti kao i za dres Tottenhama.<\/p>\n<p>Savjeti za ispis: Ako ime i broj na slici to\u010dno odgovaraju va\u0161im \u017eeljama, ne morate ih ponovno unositi. Ako ne, unesite \u017eeljeno ime i broj.<\/p>\n<p>Savjeti za pranje: Preporu\u010duje se ru\u010dno pranje nogometnih dresova. Ako \u017eelite koristiti perilicu, sjetite se okrenuti dresove naopako prije pranja. Napunite perilicu hladnom vodom i koristite program za osjetljive tkanine kako biste bolje za\u0161titili boje.<\/p>","protected":false},"excerpt":{"rendered":"<p>Nakon jednobojnog dresa iz 21-22, Nike PSG dres 2022-23 je plavi s bijelom srednjom prugom, okru\u017eenom tanjim crvenim prugama \u2013 obrnuti hechter, ako tako \u017eeli\u0161. Stra\u017enja strana je jednobojno plava. Logotipi na Paris Saint-Germain 22-23 dresu su smje\u0161teni u sredini, pri \u010demu je Swoosh ispod grba kluba [...]<\/p>","protected":false},"featured_media":11195,"comment_status":"open","ping_status":"closed","template":"","meta":[],"product_brand":[],"product_cat":[39],"product_tag":[286,20,395,43,21,22,426,24,41,244,290],"class_list":{"0":"post-11155","1":"product","2":"type-product","3":"status-publish","4":"has-post-thumbnail","6":"product_cat-paris-saint-germain","7":"product_tag-alle-neuen-psg-trikots","8":"product_tag-coole-fussballtrikots","9":"product_tag-fussball-langarmtrikots","10":"product_tag-fussballkleidung","11":"product_tag-fussballtrikot-fuer-herren","12":"product_tag-fussballtrikot-guenstig-kaufen","13":"product_tag-fussballtrikots-kurzarm","14":"product_tag-guenstiges-fussballtrikot","15":"product_tag-paris-saint-germain-trikots","16":"product_tag-psg-trikot-2022-23","17":"product_tag-psg-trikot-2022-23-fussballtrikots","19":"first","20":"instock","21":"shipping-taxable","22":"purchasable","23":"product-type-variable"},"_links":{"self":[{"href":"https:\/\/www.billigtrikotde.com\/hr\/wp-json\/wp\/v2\/product\/11155","targetHints":{"allow":["GET"]}}],"collection":[{"href":"https:\/\/www.billigtrikotde.com\/hr\/wp-json\/wp\/v2\/product"}],"about":[{"href":"https:\/\/www.billigtrikotde.com\/hr\/wp-json\/wp\/v2\/types\/product"}],"replies":[{"embeddable":true,"href":"https:\/\/www.billigtrikotde.com\/hr\/wp-json\/wp\/v2\/comments?post=11155"}],"wp:featuredmedia":[{"embeddable":true,"href":"https:\/\/www.billigtrikotde.com\/hr\/wp-json\/wp\/v2\/media\/11195"}],"wp:attachment":[{"href":"https:\/\/www.billigtrikotde.com\/hr\/wp-json\/wp\/v2\/media?parent=11155"}],"wp:term":[{"taxonomy":"product_brand","embeddable":true,"href":"https:\/\/www.billigtrikotde.com\/hr\/wp-json\/wp\/v2\/product_brand?post=11155"},{"taxonomy":"product_cat","embeddable":true,"href":"https:\/\/www.billigtrikotde.com\/hr\/wp-json\/wp\/v2\/product_cat?post=11155"},{"taxonomy":"product_tag","embeddable":true,"href":"https:\/\/www.billigtrikotde.com\/hr\/wp-json\/wp\/v2\/product_tag?post=11155"}],"curies":[{"name":"wp","href":"https:\/\/api.w.org\/{rel}","templated":true}]}}